{"id":8073,"date":"2020-12-15T09:43:39","date_gmt":"2020-12-15T14:43:39","guid":{"rendered":"http:\/\/prefecturadeesmeraldas.gob.ec\/?page_id=8073"},"modified":"2021-07-23T12:03:13","modified_gmt":"2021-07-23T17:03:13","slug":"competencias-y-funciones","status":"publish","type":"page","link":"https:\/\/prefecturadeesmeraldas.gob.ec\/index.php\/competencias-y-funciones\/","title":{"rendered":"Competencias y Funciones"},"content":{"rendered":"\t\t<div data-elementor-type=\"wp-post\" data-elementor-id=\"8073\" class=\"elementor elementor-8073\">\n\t\t\t\t\t\t<section class=\"elementor-section elementor-top-section elementor-element elementor-element-c990530 elementor-section-boxed elementor-section-height-default elementor-section-height-default\" data-id=\"c990530\" data-element_type=\"section\">\n\t\t\t\t\t\t<div class=\"elementor-container elementor-column-gap-default\">\n\t\t\t\t\t<div class=\"elementor-column elementor-col-100 elementor-top-column elementor-element elementor-element-ec8278f\" data-id=\"ec8278f\" data-element_type=\"column\">\n\t\t\t<div class=\"elementor-widget-wrap elementor-element-populated\">\n\t\t\t\t\t\t<div class=\"elementor-element elementor-element-2037d60 elementor-widget elementor-widget-heading\" data-id=\"2037d60\" data-element_type=\"widget\" data-widget_type=\"heading.default\">\n\t\t\t\t<div class=\"elementor-widget-container\">\n\t\t\t\t\t<h2 class=\"elementor-heading-title elementor-size-default\">C\u00d3DIGO ORG\u00c1NICO DE ORDENAMIENTO TERRITORIAL, AUTONOM\u00cdA Y DESCENTRALIZACI\u00d3N \u2013 COOTAD.<\/h2>\t\t\t\t<\/div>\n\t\t\t\t<\/div>\n\t\t\t\t\t<\/div>\n\t\t<\/div>\n\t\t\t\t\t<\/div>\n\t\t<\/section>\n\t\t\t\t<section class=\"elementor-section elementor-top-section elementor-element elementor-element-d1aa017 elementor-section-boxed elementor-section-height-default elementor-section-height-default\" data-id=\"d1aa017\" data-element_type=\"section\">\n\t\t\t\t\t\t<div class=\"elementor-container elementor-column-gap-default\">\n\t\t\t\t\t<div class=\"elementor-column elementor-col-100 elementor-top-column elementor-element elementor-element-4b38574\" data-id=\"4b38574\" data-element_type=\"column\">\n\t\t\t<div class=\"elementor-widget-wrap elementor-element-populated\">\n\t\t\t\t\t\t<div class=\"elementor-element elementor-element-111c5b1 elementor-widget elementor-widget-heading\" data-id=\"111c5b1\" data-element_type=\"widget\" data-widget_type=\"heading.default\">\n\t\t\t\t<div class=\"elementor-widget-container\">\n\t\t\t\t\t<h2 class=\"elementor-heading-title elementor-size-default\">Competencias exclusivas.<\/h2>\t\t\t\t<\/div>\n\t\t\t\t<\/div>\n\t\t\t\t\t<\/div>\n\t\t<\/div>\n\t\t\t\t\t<\/div>\n\t\t<\/section>\n\t\t\t\t<section class=\"elementor-section elementor-top-section elementor-element elementor-element-3f38883 elementor-section-boxed elementor-section-height-default elementor-section-height-default\" data-id=\"3f38883\" data-element_type=\"section\">\n\t\t\t\t\t\t<div class=\"elementor-container elementor-column-gap-default\">\n\t\t\t\t\t<div class=\"elementor-column elementor-col-100 elementor-top-column elementor-element elementor-element-346f4be\" data-id=\"346f4be\" data-element_type=\"column\">\n\t\t\t<div class=\"elementor-widget-wrap elementor-element-populated\">\n\t\t\t\t\t\t<div class=\"elementor-element elementor-element-4089b29 elementor-widget elementor-widget-text-editor\" data-id=\"4089b29\" data-element_type=\"widget\" data-widget_type=\"text-editor.default\">\n\t\t\t\t<div class=\"elementor-widget-container\">\n\t\t\t\t\t\t\t\t\t<p><strong>Art. 42.-<\/strong> Competencias exclusivas del gobierno aut\u00f3nomo descentralizado provincial. &#8211; Los gobiernos aut\u00f3nomos descentralizados provinciales tendr\u00e1n las siguientes competencias exclusivas, sin perjuicio de otras que se determinen:<\/p><p><strong>a)<\/strong> <strong>Planificar<\/strong>, junto con otras instituciones del sector p\u00fablico y actores de la sociedad, el <strong>desarrollo provincial y formular<\/strong> los correspondientes <strong>planes de ordenamiento territorial<\/strong>, en el \u00e1mbito de sus competencias, de manera articulada con la planificaci\u00f3n nacional, regional, cantonal y parroquial, en el marco de la interculturalidad y plurinacionalidad y el respeto a la diversidad;<\/p><p><strong>b)<\/strong> <strong>Planificar, construir y mantener el sistema vial de \u00e1mbito provincial<\/strong>, que no incluya las zonas urbanas;<\/p><p><strong>c)<\/strong> <strong>Ejecutar<\/strong>, en coordinaci\u00f3n con el gobierno regional y los dem\u00e1s gobiernos aut\u00f3nomos descentralizados, <strong>obras en cuencas y micro cuencas;<\/strong><\/p><p><strong>d)<\/strong> La <strong>gesti\u00f3n ambiental<\/strong> provincial;<\/p><p><strong>e) Planificar, construir, operar y mantener sistemas de riego <\/strong>de acuerdo con la Constituci\u00f3n y la ley;<\/p><p><strong>f)<\/strong> <strong>Fomentar las actividades productivas provinciales<\/strong>, especialmente las agropecuarias; y,<\/p><p><strong>m)<\/strong> <strong>Gestionar la cooperaci\u00f3n internacional<\/strong> para el cumplimiento de sus competencias.<\/p><p><strong>n)<\/strong> <strong>Determinar las pol\u00edticas de investigaci\u00f3n e innovaci\u00f3n del conocimiento, desarrollo y transferencia de tecnolog\u00edas<\/strong> necesarias para el desarrollo provincial, en el marco de la planificaci\u00f3n nacional.<\/p><p><strong>Nota:<\/strong> Literal n agregado por Disposici\u00f3n Reformatoria Cuarta, numeral 4.2 de Ley No. 0, publicada en Registro Oficial Suplemento 899 de 9 de diciembre del 2016.<\/p>\t\t\t\t\t\t\t\t<\/div>\n\t\t\t\t<\/div>\n\t\t\t\t\t<\/div>\n\t\t<\/div>\n\t\t\t\t\t<\/div>\n\t\t<\/section>\n\t\t\t\t<section class=\"elementor-section elementor-top-section elementor-element elementor-element-0874eb2 elementor-section-boxed elementor-section-height-default elementor-section-height-default\" data-id=\"0874eb2\" data-element_type=\"section\">\n\t\t\t\t\t\t<div class=\"elementor-container elementor-column-gap-default\">\n\t\t\t\t\t<div class=\"elementor-column elementor-col-100 elementor-top-column elementor-element elementor-element-da60174\" data-id=\"da60174\" data-element_type=\"column\">\n\t\t\t<div class=\"elementor-widget-wrap elementor-element-populated\">\n\t\t\t\t\t\t<div class=\"elementor-element elementor-element-c765402 elementor-widget elementor-widget-heading\" data-id=\"c765402\" data-element_type=\"widget\" data-widget_type=\"heading.default\">\n\t\t\t\t<div class=\"elementor-widget-container\">\n\t\t\t\t\t<h2 class=\"elementor-heading-title elementor-size-default\">Funciones.<\/h2>\t\t\t\t<\/div>\n\t\t\t\t<\/div>\n\t\t\t\t\t<\/div>\n\t\t<\/div>\n\t\t\t\t\t<\/div>\n\t\t<\/section>\n\t\t\t\t<section class=\"elementor-section elementor-top-section elementor-element elementor-element-d96a0e5 elementor-section-boxed elementor-section-height-default elementor-section-height-default\" data-id=\"d96a0e5\" data-element_type=\"section\">\n\t\t\t\t\t\t<div class=\"elementor-container elementor-column-gap-default\">\n\t\t\t\t\t<div class=\"elementor-column elementor-col-100 elementor-top-column elementor-element elementor-element-31aa1ff\" data-id=\"31aa1ff\" data-element_type=\"column\">\n\t\t\t<div class=\"elementor-widget-wrap elementor-element-populated\">\n\t\t\t\t\t\t<div class=\"elementor-element elementor-element-a9f4a08 elementor-widget elementor-widget-text-editor\" data-id=\"a9f4a08\" data-element_type=\"widget\" data-widget_type=\"text-editor.default\">\n\t\t\t\t<div class=\"elementor-widget-container\">\n\t\t\t\t\t\t\t\t\t<p><strong>Art. 41.- Funciones.-<\/strong> Son funciones del gobierno aut\u00f3nomo descentralizado provincial las siguientes:<\/p><p><\/p><p><strong>a)<\/strong> <strong>Promover el desarrollo sustentable<\/strong> de su circunscripci\u00f3n territorial provincial, para garantizar la realizaci\u00f3n del buen vivir a trav\u00e9s de la implementaci\u00f3n de pol\u00edticas p\u00fablicas provinciales en el marco de sus competencias constitucionales y legales;<\/p><p><strong>b) Dise\u00f1ar e implementar pol\u00edticas de promoci\u00f3n y construcci\u00f3n de equidad e inclusi\u00f3n<\/strong> en su territorio, en el marco de sus competencias constitucionales y legales;<\/p><p><strong>c) Implementar un sistema de participaci\u00f3n ciudadana<\/strong> para el ejercicio de los derechos y avanzar en la gesti\u00f3n democr\u00e1tica de la acci\u00f3n provincial;<\/p><p><strong>d) Elaborar y ejecutar el plan provincial de desarrollo, el de ordenamiento territorial y las pol\u00edticas p\u00fablicas<\/strong> en el \u00e1mbito de sus competencias y en su circunscripci\u00f3n territorial, de manera coordinada con la planificaci\u00f3n nacional, regional, cantonal y parroquial, y realizar en forma permanente, <strong>el seguimiento y rendici\u00f3n de cuentas sobre el cumplimiento de las metas<\/strong> establecidas;<\/p><p><strong>e) Ejecutar las competencias exclusivas y concurrentes reconocidas por la Constituci\u00f3n y la ley<\/strong> y, en dicho marco prestar los servicios p\u00fablicos, construir la obra p\u00fablica provincial, fomentar las actividades provinciales productivas, as\u00ed como las de vialidad, gesti\u00f3n ambiental, riego, desarrollo agropecuario y otras que le sean expresamente delegadas o descentralizadas, con criterios de calidad, eficacia y eficiencia, observando los principios de universalidad, accesibilidad, regularidad, continuidad, solidaridad, interculturalidad, subsidiariedad, participaci\u00f3n y equidad;<\/p><p><strong>f) Fomentar las actividades productivas y agropecuarias provinciales<\/strong>, en coordinaci\u00f3n con los dem\u00e1s gobiernos aut\u00f3nomos descentralizados;<\/p><p><strong>g) Promover los sistemas de protecci\u00f3n integral a los grupos de atenci\u00f3n prioritaria<\/strong> para garantizar los derechos consagrados en la Constituci\u00f3n en el marco de sus competencias;<\/p><p><strong>h) Desarrollar planes y programas de vivienda de inter\u00e9s social en el \u00e1rea rural de la provincia,<\/strong> respetando el lote m\u00ednimo y dem\u00e1s normativa urban\u00edstica del Gobierno Aut\u00f3nomo Descentralizado municipal o metropolitano.<\/p><p><strong>i) Promover y patrocinar las culturas, las artes, actividades deportivas y recreativas en<\/strong> beneficio de la colectividad en el \u00e1rea rural, <strong>en coordinaci\u00f3n con los gobiernos aut\u00f3nomos descentralizados de las parroquiales rurales<\/strong>;<\/p><p><strong>j) Coordinar con la Polic\u00eda Nacional, la sociedad y otros organismos<\/strong> lo relacionado con la seguridad ciudadana, en el \u00e1mbito de sus competencias; y,<\/p><p><strong>k)<\/strong> Las dem\u00e1s establecidas en la ley.<\/p><p><\/p><p>Nota: Literal h) reformado por Disposici\u00f3n Reformatoria Primera, numeral 2 de Ley No 0, publicada en Registro Oficial Suplemento 790 de 5 de Julio del 2016.<\/p><p><\/p><ol><\/ol><p><\/p>\t\t\t\t\t\t\t\t<\/div>\n\t\t\t\t<\/div>\n\t\t\t\t\t<\/div>\n\t\t<\/div>\n\t\t\t\t\t<\/div>\n\t\t<\/section>\n\t\t\t\t<\/div>\n\t\t","protected":false},"excerpt":{"rendered":"<p>C\u00d3DIGO ORG\u00c1NICO DE ORDENAMIENTO TERRITORIAL, AUTONOM\u00cdA Y DESCENTRALIZACI\u00d3N \u2013 COOTAD. Competencias exclusivas. Art. 42.- Competencias exclusivas del gobierno aut\u00f3nomo descentralizado provincial. &#8211; Los gobiernos aut\u00f3nomos descentralizados provinciales tendr\u00e1n las siguientes competencias exclusivas, sin perjuicio de otras que se determinen: a) Planificar, junto con otras instituciones del sector p\u00fablico y actores de la sociedad, el desarrollo [&hellip;]<\/p>\n","protected":false},"author":2,"featured_media":0,"parent":0,"menu_order":0,"comment_status":"closed","ping_status":"closed","template":"","meta":{"footnotes":""},"class_list":["post-8073","page","type-page","status-publish","hentry"],"yoast_head":"<!-- This site is optimized with the Yoast SEO plugin v25.7 - https:\/\/yoast.com\/wordpress\/plugins\/seo\/ -->\n<title>Competencias y Funciones - Gobierno Aut\u00f3nomo Descentralizado de la Provincia de Esmeraldas<\/title>\n<meta name=\"robots\" content=\"index, follow, max-snippet:-1, max-image-preview:large, max-video-preview:-1\" \/>\n<link rel=\"canonical\" href=\"https:\/\/prefecturadeesmeraldas.gob.ec\/index.php\/competencias-y-funciones\/\" \/>\n<meta property=\"og:locale\" content=\"es_ES\" \/>\n<meta property=\"og:type\" content=\"article\" \/>\n<meta property=\"og:title\" content=\"Competencias y Funciones - Gobierno Aut\u00f3nomo Descentralizado de la Provincia de Esmeraldas\" \/>\n<meta property=\"og:description\" content=\"C\u00d3DIGO ORG\u00c1NICO DE ORDENAMIENTO TERRITORIAL, AUTONOM\u00cdA Y DESCENTRALIZACI\u00d3N \u2013 COOTAD. Competencias exclusivas. Art. 42.- Competencias exclusivas del gobierno aut\u00f3nomo descentralizado provincial. &#8211; Los gobiernos aut\u00f3nomos descentralizados provinciales tendr\u00e1n las siguientes competencias exclusivas, sin perjuicio de otras que se determinen: a) Planificar, junto con otras instituciones del sector p\u00fablico y actores de la sociedad, el desarrollo [&hellip;]\" \/>\n<meta property=\"og:url\" content=\"https:\/\/prefecturadeesmeraldas.gob.ec\/index.php\/competencias-y-funciones\/\" \/>\n<meta property=\"og:site_name\" content=\"Gobierno Aut\u00f3nomo Descentralizado de la Provincia de Esmeraldas\" \/>\n<meta property=\"article:publisher\" content=\"https:\/\/www.facebook.com\/PrefecturaEsmeraldas\/\" \/>\n<meta property=\"article:modified_time\" content=\"2021-07-23T17:03:13+00:00\" \/>\n<meta name=\"twitter:card\" content=\"summary_large_image\" \/>\n<meta name=\"twitter:label1\" content=\"Tiempo de lectura\" \/>\n\t<meta name=\"twitter:data1\" content=\"3 minutos\" \/>\n<script type=\"application\/ld+json\" class=\"yoast-schema-graph\">{\"@context\":\"https:\/\/schema.org\",\"@graph\":[{\"@type\":\"WebPage\",\"@id\":\"https:\/\/prefecturadeesmeraldas.gob.ec\/index.php\/competencias-y-funciones\/\",\"url\":\"https:\/\/prefecturadeesmeraldas.gob.ec\/index.php\/competencias-y-funciones\/\",\"name\":\"Competencias y Funciones - Gobierno Aut\u00f3nomo Descentralizado de la Provincia de Esmeraldas\",\"isPartOf\":{\"@id\":\"https:\/\/prefecturadeesmeraldas.gob.ec\/#website\"},\"datePublished\":\"2020-12-15T14:43:39+00:00\",\"dateModified\":\"2021-07-23T17:03:13+00:00\",\"breadcrumb\":{\"@id\":\"https:\/\/prefecturadeesmeraldas.gob.ec\/index.php\/competencias-y-funciones\/#breadcrumb\"},\"inLanguage\":\"es\",\"potentialAction\":[{\"@type\":\"ReadAction\",\"target\":[\"https:\/\/prefecturadeesmeraldas.gob.ec\/index.php\/competencias-y-funciones\/\"]}]},{\"@type\":\"BreadcrumbList\",\"@id\":\"https:\/\/prefecturadeesmeraldas.gob.ec\/index.php\/competencias-y-funciones\/#breadcrumb\",\"itemListElement\":[{\"@type\":\"ListItem\",\"position\":1,\"name\":\"Home\",\"item\":\"https:\/\/prefecturadeesmeraldas.gob.ec\/\"},{\"@type\":\"ListItem\",\"position\":2,\"name\":\"Competencias y Funciones\"}]},{\"@type\":\"WebSite\",\"@id\":\"https:\/\/prefecturadeesmeraldas.gob.ec\/#website\",\"url\":\"https:\/\/prefecturadeesmeraldas.gob.ec\/\",\"name\":\"Gobierno Aut\u00f3nomo Descentralizado de la Provincia de Esmeraldas\",\"description\":\"Gobierno Aut\u00f3nomo Descentralizado de la Provincia de Esmeraldas\",\"publisher\":{\"@id\":\"https:\/\/prefecturadeesmeraldas.gob.ec\/#organization\"},\"potentialAction\":[{\"@type\":\"SearchAction\",\"target\":{\"@type\":\"EntryPoint\",\"urlTemplate\":\"https:\/\/prefecturadeesmeraldas.gob.ec\/?s={search_term_string}\"},\"query-input\":{\"@type\":\"PropertyValueSpecification\",\"valueRequired\":true,\"valueName\":\"search_term_string\"}}],\"inLanguage\":\"es\"},{\"@type\":\"Organization\",\"@id\":\"https:\/\/prefecturadeesmeraldas.gob.ec\/#organization\",\"name\":\"Gobierno Aut\u00f3nomo Descentralizado de la Provincia de Esmeraldas\",\"url\":\"https:\/\/prefecturadeesmeraldas.gob.ec\/\",\"logo\":{\"@type\":\"ImageObject\",\"inLanguage\":\"es\",\"@id\":\"https:\/\/prefecturadeesmeraldas.gob.ec\/#\/schema\/logo\/image\/\",\"url\":\"https:\/\/prefecturadeesmeraldas.gob.ec\/wp-content\/uploads\/2019\/06\/logo.png\",\"contentUrl\":\"https:\/\/prefecturadeesmeraldas.gob.ec\/wp-content\/uploads\/2019\/06\/logo.png\",\"width\":859,\"height\":448,\"caption\":\"Gobierno Aut\u00f3nomo Descentralizado de la Provincia de Esmeraldas\"},\"image\":{\"@id\":\"https:\/\/prefecturadeesmeraldas.gob.ec\/#\/schema\/logo\/image\/\"},\"sameAs\":[\"https:\/\/www.facebook.com\/PrefecturaEsmeraldas\/\"]}]}<\/script>\n<!-- \/ Yoast SEO plugin. -->","yoast_head_json":{"title":"Competencias y Funciones - Gobierno Aut\u00f3nomo Descentralizado de la Provincia de Esmeraldas","robots":{"index":"index","follow":"follow","max-snippet":"max-snippet:-1","max-image-preview":"max-image-preview:large","max-video-preview":"max-video-preview:-1"},"canonical":"https:\/\/prefecturadeesmeraldas.gob.ec\/index.php\/competencias-y-funciones\/","og_locale":"es_ES","og_type":"article","og_title":"Competencias y Funciones - Gobierno Aut\u00f3nomo Descentralizado de la Provincia de Esmeraldas","og_description":"C\u00d3DIGO ORG\u00c1NICO DE ORDENAMIENTO TERRITORIAL, AUTONOM\u00cdA Y DESCENTRALIZACI\u00d3N \u2013 COOTAD. Competencias exclusivas. Art. 42.- Competencias exclusivas del gobierno aut\u00f3nomo descentralizado provincial. &#8211; Los gobiernos aut\u00f3nomos descentralizados provinciales tendr\u00e1n las siguientes competencias exclusivas, sin perjuicio de otras que se determinen: a) Planificar, junto con otras instituciones del sector p\u00fablico y actores de la sociedad, el desarrollo [&hellip;]","og_url":"https:\/\/prefecturadeesmeraldas.gob.ec\/index.php\/competencias-y-funciones\/","og_site_name":"Gobierno Aut\u00f3nomo Descentralizado de la Provincia de Esmeraldas","article_publisher":"https:\/\/www.facebook.com\/PrefecturaEsmeraldas\/","article_modified_time":"2021-07-23T17:03:13+00:00","twitter_card":"summary_large_image","twitter_misc":{"Tiempo de lectura":"3 minutos"},"schema":{"@context":"https:\/\/schema.org","@graph":[{"@type":"WebPage","@id":"https:\/\/prefecturadeesmeraldas.gob.ec\/index.php\/competencias-y-funciones\/","url":"https:\/\/prefecturadeesmeraldas.gob.ec\/index.php\/competencias-y-funciones\/","name":"Competencias y Funciones - Gobierno Aut\u00f3nomo Descentralizado de la Provincia de Esmeraldas","isPartOf":{"@id":"https:\/\/prefecturadeesmeraldas.gob.ec\/#website"},"datePublished":"2020-12-15T14:43:39+00:00","dateModified":"2021-07-23T17:03:13+00:00","breadcrumb":{"@id":"https:\/\/prefecturadeesmeraldas.gob.ec\/index.php\/competencias-y-funciones\/#breadcrumb"},"inLanguage":"es","potentialAction":[{"@type":"ReadAction","target":["https:\/\/prefecturadeesmeraldas.gob.ec\/index.php\/competencias-y-funciones\/"]}]},{"@type":"BreadcrumbList","@id":"https:\/\/prefecturadeesmeraldas.gob.ec\/index.php\/competencias-y-funciones\/#breadcrumb","itemListElement":[{"@type":"ListItem","position":1,"name":"Home","item":"https:\/\/prefecturadeesmeraldas.gob.ec\/"},{"@type":"ListItem","position":2,"name":"Competencias y Funciones"}]},{"@type":"WebSite","@id":"https:\/\/prefecturadeesmeraldas.gob.ec\/#website","url":"https:\/\/prefecturadeesmeraldas.gob.ec\/","name":"Gobierno Aut\u00f3nomo Descentralizado de la Provincia de Esmeraldas","description":"Gobierno Aut\u00f3nomo Descentralizado de la Provincia de Esmeraldas","publisher":{"@id":"https:\/\/prefecturadeesmeraldas.gob.ec\/#organization"},"potentialAction":[{"@type":"SearchAction","target":{"@type":"EntryPoint","urlTemplate":"https:\/\/prefecturadeesmeraldas.gob.ec\/?s={search_term_string}"},"query-input":{"@type":"PropertyValueSpecification","valueRequired":true,"valueName":"search_term_string"}}],"inLanguage":"es"},{"@type":"Organization","@id":"https:\/\/prefecturadeesmeraldas.gob.ec\/#organization","name":"Gobierno Aut\u00f3nomo Descentralizado de la Provincia de Esmeraldas","url":"https:\/\/prefecturadeesmeraldas.gob.ec\/","logo":{"@type":"ImageObject","inLanguage":"es","@id":"https:\/\/prefecturadeesmeraldas.gob.ec\/#\/schema\/logo\/image\/","url":"https:\/\/prefecturadeesmeraldas.gob.ec\/wp-content\/uploads\/2019\/06\/logo.png","contentUrl":"https:\/\/prefecturadeesmeraldas.gob.ec\/wp-content\/uploads\/2019\/06\/logo.png","width":859,"height":448,"caption":"Gobierno Aut\u00f3nomo Descentralizado de la Provincia de Esmeraldas"},"image":{"@id":"https:\/\/prefecturadeesmeraldas.gob.ec\/#\/schema\/logo\/image\/"},"sameAs":["https:\/\/www.facebook.com\/PrefecturaEsmeraldas\/"]}]}},"_links":{"self":[{"href":"https:\/\/prefecturadeesmeraldas.gob.ec\/index.php\/wp-json\/wp\/v2\/pages\/8073","targetHints":{"allow":["GET"]}}],"collection":[{"href":"https:\/\/prefecturadeesmeraldas.gob.ec\/index.php\/wp-json\/wp\/v2\/pages"}],"about":[{"href":"https:\/\/prefecturadeesmeraldas.gob.ec\/index.php\/wp-json\/wp\/v2\/types\/page"}],"author":[{"embeddable":true,"href":"https:\/\/prefecturadeesmeraldas.gob.ec\/index.php\/wp-json\/wp\/v2\/users\/2"}],"replies":[{"embeddable":true,"href":"https:\/\/prefecturadeesmeraldas.gob.ec\/index.php\/wp-json\/wp\/v2\/comments?post=8073"}],"version-history":[{"count":0,"href":"https:\/\/prefecturadeesmeraldas.gob.ec\/index.php\/wp-json\/wp\/v2\/pages\/8073\/revisions"}],"wp:attachment":[{"href":"https:\/\/prefecturadeesmeraldas.gob.ec\/index.php\/wp-json\/wp\/v2\/media?parent=8073"}],"curies":[{"name":"wp","href":"https:\/\/api.w.org\/{rel}","templated":true}]}}