{"id":595,"date":"2019-07-25T10:14:20","date_gmt":"2019-07-25T15:14:20","guid":{"rendered":"http:\/\/prefecturadeesmeraldas.gob.ec\/?page_id=595"},"modified":"2022-09-04T15:49:56","modified_gmt":"2022-09-04T20:49:56","slug":"secretaria-general-prefectura-de-esmeraldas","status":"publish","type":"page","link":"https:\/\/prefecturadeesmeraldas.gob.ec\/index.php\/secretaria-general-prefectura-de-esmeraldas\/","title":{"rendered":"Secretaria General"},"content":{"rendered":"\t\t<div data-elementor-type=\"wp-post\" data-elementor-id=\"595\" class=\"elementor elementor-595\">\n\t\t\t\t<div class=\"elementor-element elementor-element-48696e0 e-flex e-con-boxed e-con e-parent\" data-id=\"48696e0\" data-element_type=\"container\">\n\t\t\t\t\t<div class=\"e-con-inner\">\n\t\t<div class=\"elementor-element elementor-element-a78200e e-con-full e-flex e-con e-parent\" data-id=\"a78200e\" data-element_type=\"container\">\n\t\t\t\t<div class=\"elementor-element elementor-element-6a017bc divider_yes elementor-widget elementor-widget-wgl-double-headings\" data-id=\"6a017bc\" data-element_type=\"widget\" data-widget_type=\"wgl-double-headings.default\">\n\t\t\t\t<div class=\"elementor-widget-container\">\n\t\t\t\t\t<div class=\"wgl-double_heading acenter\"><div class=\"dbl-subtitle\"><span>Secretaria General<\/span><\/div>                <h3 class=\"dbl-title_wrapper\"><span class=\"dbl-title dbl-title_1\">Objetivos<\/span>                 <\/h3>        <\/div>\t\t\t\t<\/div>\n\t\t\t\t<\/div>\n\t\t\t\t<\/div>\n\t\t<div class=\"elementor-element elementor-element-f8f00e2 e-con-full e-flex e-con e-parent\" data-id=\"f8f00e2\" data-element_type=\"container\">\n\t\t\t\t<div class=\"elementor-element elementor-element-93bffc9 elementor-widget elementor-widget-text-editor\" data-id=\"93bffc9\" data-element_type=\"widget\" data-widget_type=\"text-editor.default\">\n\t\t\t\t<div class=\"elementor-widget-container\">\n\t\t\t\t\t\t\t\t\t<ul><li>Asesorar, coordinar, dirigir el desarrollo de las sesiones del Consejo en pleno Provincial, dando fe de los actos administrativos y normativos expedidos por el Consejo y la Prefectura,<\/li><li>Contribuir a la ejecuci\u00f3n de las estrategias fijadas por las autoridades de la instituci\u00f3n.<\/li><li>Realizar actividades dirigidas a participar a la instituci\u00f3n de las resoluciones, normas, instructivos y reglamentos dictados por la C\u00e1mara Provincial.<\/li><li>Dar Fe de las Certificaciones de Documentos.<\/li><li>Administrar, distribuir y mantener organizado el Archivo General de la Instituci\u00f3n.<\/li><li>Archivar la documentaci\u00f3n interna y externa, as\u00ed como supervisar la custodia y conservaci\u00f3n de la documentaci\u00f3n institucional de manera t\u00e9cnica y eficiente.<\/li><\/ul>\t\t\t\t\t\t\t\t<\/div>\n\t\t\t\t<\/div>\n\t\t\t\t<\/div>\n\t\t\t\t\t<\/div>\n\t\t\t\t<\/div>\n\t\t<div class=\"elementor-element elementor-element-b47425a e-flex e-con-boxed e-con e-parent\" data-id=\"b47425a\" data-element_type=\"container\">\n\t\t\t\t\t<div class=\"e-con-inner\">\n\t\t<div class=\"elementor-element elementor-element-a726775 e-con-full e-flex e-con e-parent\" data-id=\"a726775\" data-element_type=\"container\">\n\t\t\t\t<div class=\"elementor-element elementor-element-a981f4d divider_yes elementor-widget elementor-widget-wgl-double-headings\" data-id=\"a981f4d\" data-element_type=\"widget\" data-widget_type=\"wgl-double-headings.default\">\n\t\t\t\t<div class=\"elementor-widget-container\">\n\t\t\t\t\t<div class=\"wgl-double_heading aleft\">                <h3 class=\"dbl-title_wrapper\"><span class=\"dbl-title dbl-title_1\">Funciones y Responsabilidades<\/span>                 <\/h3>        <\/div>\t\t\t\t<\/div>\n\t\t\t\t<\/div>\n\t\t\t\t<\/div>\n\t\t<div class=\"elementor-element elementor-element-3aa4a05 e-con-full e-flex e-con e-parent\" data-id=\"3aa4a05\" data-element_type=\"container\">\n\t\t\t\t<div class=\"elementor-element elementor-element-3b62dbb elementor-widget elementor-widget-text-editor\" data-id=\"3b62dbb\" data-element_type=\"widget\" data-widget_type=\"text-editor.default\">\n\t\t\t\t<div class=\"elementor-widget-container\">\n\t\t\t\t\t\t\t\t\t<ul><li>Coordinar las disposiciones de las sesiones de Consejo, Prefectura, para da cumplimiento a los procesos administrativos.<\/li><li>Preparar la Organizaci\u00f3n, coordinaci\u00f3n, convocatorias y Orden del d\u00eda para Sesiones del Consejo Provincial.<\/li><li>Elaborar las Actas de las Sesiones\u00a0 del Consejo Provincial.<\/li><li>Emitir los Informes de comisiones permanentes, las Resoluciones del Consejo Provincial, y el Informe anual de la gesti\u00f3n administrativa.<\/li><li>Coordinar la presentaci\u00f3n de la correspondencia oficial de la Instituci\u00f3n.<\/li><\/ul>\t\t\t\t\t\t\t\t<\/div>\n\t\t\t\t<\/div>\n\t\t\t\t<\/div>\n\t\t\t\t\t<\/div>\n\t\t\t\t<\/div>\n\t\t<div class=\"elementor-element elementor-element-837a84d e-flex e-con-boxed e-con e-parent\" data-id=\"837a84d\" data-element_type=\"container\">\n\t\t\t\t\t<div class=\"e-con-inner\">\n\t\t\t\t<div class=\"elementor-element elementor-element-3f1854b divider_yes elementor-widget elementor-widget-wgl-double-headings\" data-id=\"3f1854b\" data-element_type=\"widget\" data-widget_type=\"wgl-double-headings.default\">\n\t\t\t\t<div class=\"elementor-widget-container\">\n\t\t\t\t\t<div class=\"wgl-double_heading aleft\">                <h3 class=\"dbl-title_wrapper\"><span class=\"dbl-title dbl-title_1\">Certificaci\u00f3n de documentos<\/span>                 <\/h3>        <\/div>\t\t\t\t<\/div>\n\t\t\t\t<\/div>\n\t\t\t\t\t<\/div>\n\t\t\t\t<\/div>\n\t\t<div class=\"elementor-element elementor-element-4cab412 e-flex e-con-boxed e-con e-parent\" data-id=\"4cab412\" data-element_type=\"container\">\n\t\t\t\t\t<div class=\"e-con-inner\">\n\t\t\t\t<div class=\"elementor-element elementor-element-429e923 elementor-widget elementor-widget-text-editor\" data-id=\"429e923\" data-element_type=\"widget\" data-widget_type=\"text-editor.default\">\n\t\t\t\t<div class=\"elementor-widget-container\">\n\t\t\t\t\t\t\t\t\t<ul><li>Intervenir en calidad de secretario en las diferentes reuniones que se soliciten y la instituci\u00f3n forma parte.<\/li><li>Emitir copias certificadas de los documentos que reposan en los archivos del Gobierno Provincial de Esmeraldas.<\/li><li>Revisar y legalizar la documentaci\u00f3n e informaci\u00f3n de los productos y servicios de la Direcci\u00f3n y las unidades administrativas a su cargo.<\/li><li>Prestar asistencia y asesoramiento t\u00e9cnico en materia de su especializaci\u00f3n.<\/li><li>Elaborar el informe de tr\u00e1mites ejecutoriados hacia las diferentes instituciones.<\/li><li>Preparar los Informes de recepci\u00f3n e ingreso a los sistemas de computaci\u00f3n vigentes disponibles en su direcci\u00f3n, de las ordenanzas promulgadas anualmente.<\/li><li>Colaborar con el Plan Operativo Anual de actividades evaluaci\u00f3n y reprogramaci\u00f3n de secretaria general en coordinaci\u00f3n con Planificaci\u00f3n.<\/li><li>Planificar y organizar las actividades de aplicaci\u00f3n de las pol\u00edticas, normas y<\/li><li>Procedimientos para la administraci\u00f3n de documentos de archivo, a nivel institucional.<\/li><li>Planificar y coordinar la ejecuci\u00f3n de programas de capacitaci\u00f3n para el personal del Gobierno Provincial de Esmeraldas, que tenga bajo su responsabilidad el manejo de material documental archiv\u00edstico y bibliogr\u00e1fico.<\/li><li>Investigar, escribir e implementar pol\u00edticas, normas, procedimientos y mejores pr\u00e1cticas de documentaci\u00f3n.<\/li><li>Coordinar la Recepci\u00f3n de tr\u00e1mites externos e internos.<\/li><li>Ejecutar las pol\u00edticas de Archivos, de conformidad con la<strong> Ley de Transparencia y Acceso a la Informaci\u00f3n P\u00fablica, Art. 10 publicado en el Registro Oficial N.- 67 del 25 de Julio del 2005<\/strong> y Acuerdo Ministerial del Registro Oficial febrero 25 del 2015 y sus reglamentos.<\/li><li>Establecer normas y directrices en materia archiv\u00edstica en la instituci\u00f3n, mediante la promulgaci\u00f3n de manuales, reglamentos, circulares, formatos, etc.<\/li><li>Coordinar la implantaci\u00f3n del Sistema de Archivo Unificado (INTRANET).<\/li><\/ul>\t\t\t\t\t\t\t\t<\/div>\n\t\t\t\t<\/div>\n\t\t\t\t\t<\/div>\n\t\t\t\t<\/div>\n\t\t\t\t<\/div>\n\t\t","protected":false},"excerpt":{"rendered":"<p>Secretaria General Objetivos Asesorar, coordinar, dirigir el desarrollo de las sesiones del Consejo en pleno Provincial, dando fe de los actos administrativos y normativos expedidos por el Consejo y la Prefectura, Contribuir a la ejecuci\u00f3n de las estrategias fijadas por las autoridades de la instituci\u00f3n. Realizar actividades dirigidas a participar a la instituci\u00f3n de las [&hellip;]<\/p>\n","protected":false},"author":2,"featured_media":0,"parent":0,"menu_order":0,"comment_status":"closed","ping_status":"closed","template":"","meta":{"footnotes":""},"class_list":["post-595","page","type-page","status-publish","hentry"],"yoast_head":"<!-- This site is optimized with the Yoast SEO plugin v25.7 - https:\/\/yoast.com\/wordpress\/plugins\/seo\/ -->\n<title>Secretaria General - Gobierno Aut\u00f3nomo Descentralizado de la Provincia de Esmeraldas<\/title>\n<meta name=\"robots\" content=\"index, follow, max-snippet:-1, max-image-preview:large, max-video-preview:-1\" \/>\n<link rel=\"canonical\" href=\"https:\/\/prefecturadeesmeraldas.gob.ec\/index.php\/secretaria-general-prefectura-de-esmeraldas\/\" \/>\n<meta property=\"og:locale\" content=\"es_ES\" \/>\n<meta property=\"og:type\" content=\"article\" \/>\n<meta property=\"og:title\" content=\"Secretaria General - Gobierno Aut\u00f3nomo Descentralizado de la Provincia de Esmeraldas\" \/>\n<meta property=\"og:description\" content=\"Secretaria General Objetivos Asesorar, coordinar, dirigir el desarrollo de las sesiones del Consejo en pleno Provincial, dando fe de los actos administrativos y normativos expedidos por el Consejo y la Prefectura, Contribuir a la ejecuci\u00f3n de las estrategias fijadas por las autoridades de la instituci\u00f3n. Realizar actividades dirigidas a participar a la instituci\u00f3n de las [&hellip;]\" \/>\n<meta property=\"og:url\" content=\"https:\/\/prefecturadeesmeraldas.gob.ec\/index.php\/secretaria-general-prefectura-de-esmeraldas\/\" \/>\n<meta property=\"og:site_name\" content=\"Gobierno Aut\u00f3nomo Descentralizado de la Provincia de Esmeraldas\" \/>\n<meta property=\"article:publisher\" content=\"https:\/\/www.facebook.com\/PrefecturaEsmeraldas\/\" \/>\n<meta property=\"article:modified_time\" content=\"2022-09-04T20:49:56+00:00\" \/>\n<meta name=\"twitter:card\" content=\"summary_large_image\" \/>\n<meta name=\"twitter:label1\" content=\"Tiempo de lectura\" \/>\n\t<meta name=\"twitter:data1\" content=\"3 minutos\" \/>\n<script type=\"application\/ld+json\" class=\"yoast-schema-graph\">{\"@context\":\"https:\/\/schema.org\",\"@graph\":[{\"@type\":\"WebPage\",\"@id\":\"https:\/\/prefecturadeesmeraldas.gob.ec\/index.php\/secretaria-general-prefectura-de-esmeraldas\/\",\"url\":\"https:\/\/prefecturadeesmeraldas.gob.ec\/index.php\/secretaria-general-prefectura-de-esmeraldas\/\",\"name\":\"Secretaria General - Gobierno Aut\u00f3nomo Descentralizado de la Provincia de Esmeraldas\",\"isPartOf\":{\"@id\":\"https:\/\/prefecturadeesmeraldas.gob.ec\/#website\"},\"datePublished\":\"2019-07-25T15:14:20+00:00\",\"dateModified\":\"2022-09-04T20:49:56+00:00\",\"breadcrumb\":{\"@id\":\"https:\/\/prefecturadeesmeraldas.gob.ec\/index.php\/secretaria-general-prefectura-de-esmeraldas\/#breadcrumb\"},\"inLanguage\":\"es\",\"potentialAction\":[{\"@type\":\"ReadAction\",\"target\":[\"https:\/\/prefecturadeesmeraldas.gob.ec\/index.php\/secretaria-general-prefectura-de-esmeraldas\/\"]}]},{\"@type\":\"BreadcrumbList\",\"@id\":\"https:\/\/prefecturadeesmeraldas.gob.ec\/index.php\/secretaria-general-prefectura-de-esmeraldas\/#breadcrumb\",\"itemListElement\":[{\"@type\":\"ListItem\",\"position\":1,\"name\":\"Home\",\"item\":\"https:\/\/prefecturadeesmeraldas.gob.ec\/\"},{\"@type\":\"ListItem\",\"position\":2,\"name\":\"Secretaria General\"}]},{\"@type\":\"WebSite\",\"@id\":\"https:\/\/prefecturadeesmeraldas.gob.ec\/#website\",\"url\":\"https:\/\/prefecturadeesmeraldas.gob.ec\/\",\"name\":\"Gobierno Aut\u00f3nomo Descentralizado de la Provincia de Esmeraldas\",\"description\":\"Gobierno Aut\u00f3nomo Descentralizado de la Provincia de Esmeraldas\",\"publisher\":{\"@id\":\"https:\/\/prefecturadeesmeraldas.gob.ec\/#organization\"},\"potentialAction\":[{\"@type\":\"SearchAction\",\"target\":{\"@type\":\"EntryPoint\",\"urlTemplate\":\"https:\/\/prefecturadeesmeraldas.gob.ec\/?s={search_term_string}\"},\"query-input\":{\"@type\":\"PropertyValueSpecification\",\"valueRequired\":true,\"valueName\":\"search_term_string\"}}],\"inLanguage\":\"es\"},{\"@type\":\"Organization\",\"@id\":\"https:\/\/prefecturadeesmeraldas.gob.ec\/#organization\",\"name\":\"Gobierno Aut\u00f3nomo Descentralizado de la Provincia de Esmeraldas\",\"url\":\"https:\/\/prefecturadeesmeraldas.gob.ec\/\",\"logo\":{\"@type\":\"ImageObject\",\"inLanguage\":\"es\",\"@id\":\"https:\/\/prefecturadeesmeraldas.gob.ec\/#\/schema\/logo\/image\/\",\"url\":\"https:\/\/prefecturadeesmeraldas.gob.ec\/wp-content\/uploads\/2019\/06\/logo.png\",\"contentUrl\":\"https:\/\/prefecturadeesmeraldas.gob.ec\/wp-content\/uploads\/2019\/06\/logo.png\",\"width\":859,\"height\":448,\"caption\":\"Gobierno Aut\u00f3nomo Descentralizado de la Provincia de Esmeraldas\"},\"image\":{\"@id\":\"https:\/\/prefecturadeesmeraldas.gob.ec\/#\/schema\/logo\/image\/\"},\"sameAs\":[\"https:\/\/www.facebook.com\/PrefecturaEsmeraldas\/\"]}]}<\/script>\n<!-- \/ Yoast SEO plugin. -->","yoast_head_json":{"title":"Secretaria General - Gobierno Aut\u00f3nomo Descentralizado de la Provincia de Esmeraldas","robots":{"index":"index","follow":"follow","max-snippet":"max-snippet:-1","max-image-preview":"max-image-preview:large","max-video-preview":"max-video-preview:-1"},"canonical":"https:\/\/prefecturadeesmeraldas.gob.ec\/index.php\/secretaria-general-prefectura-de-esmeraldas\/","og_locale":"es_ES","og_type":"article","og_title":"Secretaria General - Gobierno Aut\u00f3nomo Descentralizado de la Provincia de Esmeraldas","og_description":"Secretaria General Objetivos Asesorar, coordinar, dirigir el desarrollo de las sesiones del Consejo en pleno Provincial, dando fe de los actos administrativos y normativos expedidos por el Consejo y la Prefectura, Contribuir a la ejecuci\u00f3n de las estrategias fijadas por las autoridades de la instituci\u00f3n. Realizar actividades dirigidas a participar a la instituci\u00f3n de las [&hellip;]","og_url":"https:\/\/prefecturadeesmeraldas.gob.ec\/index.php\/secretaria-general-prefectura-de-esmeraldas\/","og_site_name":"Gobierno Aut\u00f3nomo Descentralizado de la Provincia de Esmeraldas","article_publisher":"https:\/\/www.facebook.com\/PrefecturaEsmeraldas\/","article_modified_time":"2022-09-04T20:49:56+00:00","twitter_card":"summary_large_image","twitter_misc":{"Tiempo de lectura":"3 minutos"},"schema":{"@context":"https:\/\/schema.org","@graph":[{"@type":"WebPage","@id":"https:\/\/prefecturadeesmeraldas.gob.ec\/index.php\/secretaria-general-prefectura-de-esmeraldas\/","url":"https:\/\/prefecturadeesmeraldas.gob.ec\/index.php\/secretaria-general-prefectura-de-esmeraldas\/","name":"Secretaria General - Gobierno Aut\u00f3nomo Descentralizado de la Provincia de Esmeraldas","isPartOf":{"@id":"https:\/\/prefecturadeesmeraldas.gob.ec\/#website"},"datePublished":"2019-07-25T15:14:20+00:00","dateModified":"2022-09-04T20:49:56+00:00","breadcrumb":{"@id":"https:\/\/prefecturadeesmeraldas.gob.ec\/index.php\/secretaria-general-prefectura-de-esmeraldas\/#breadcrumb"},"inLanguage":"es","potentialAction":[{"@type":"ReadAction","target":["https:\/\/prefecturadeesmeraldas.gob.ec\/index.php\/secretaria-general-prefectura-de-esmeraldas\/"]}]},{"@type":"BreadcrumbList","@id":"https:\/\/prefecturadeesmeraldas.gob.ec\/index.php\/secretaria-general-prefectura-de-esmeraldas\/#breadcrumb","itemListElement":[{"@type":"ListItem","position":1,"name":"Home","item":"https:\/\/prefecturadeesmeraldas.gob.ec\/"},{"@type":"ListItem","position":2,"name":"Secretaria General"}]},{"@type":"WebSite","@id":"https:\/\/prefecturadeesmeraldas.gob.ec\/#website","url":"https:\/\/prefecturadeesmeraldas.gob.ec\/","name":"Gobierno Aut\u00f3nomo Descentralizado de la Provincia de Esmeraldas","description":"Gobierno Aut\u00f3nomo Descentralizado de la Provincia de Esmeraldas","publisher":{"@id":"https:\/\/prefecturadeesmeraldas.gob.ec\/#organization"},"potentialAction":[{"@type":"SearchAction","target":{"@type":"EntryPoint","urlTemplate":"https:\/\/prefecturadeesmeraldas.gob.ec\/?s={search_term_string}"},"query-input":{"@type":"PropertyValueSpecification","valueRequired":true,"valueName":"search_term_string"}}],"inLanguage":"es"},{"@type":"Organization","@id":"https:\/\/prefecturadeesmeraldas.gob.ec\/#organization","name":"Gobierno Aut\u00f3nomo Descentralizado de la Provincia de Esmeraldas","url":"https:\/\/prefecturadeesmeraldas.gob.ec\/","logo":{"@type":"ImageObject","inLanguage":"es","@id":"https:\/\/prefecturadeesmeraldas.gob.ec\/#\/schema\/logo\/image\/","url":"https:\/\/prefecturadeesmeraldas.gob.ec\/wp-content\/uploads\/2019\/06\/logo.png","contentUrl":"https:\/\/prefecturadeesmeraldas.gob.ec\/wp-content\/uploads\/2019\/06\/logo.png","width":859,"height":448,"caption":"Gobierno Aut\u00f3nomo Descentralizado de la Provincia de Esmeraldas"},"image":{"@id":"https:\/\/prefecturadeesmeraldas.gob.ec\/#\/schema\/logo\/image\/"},"sameAs":["https:\/\/www.facebook.com\/PrefecturaEsmeraldas\/"]}]}},"_links":{"self":[{"href":"https:\/\/prefecturadeesmeraldas.gob.ec\/index.php\/wp-json\/wp\/v2\/pages\/595","targetHints":{"allow":["GET"]}}],"collection":[{"href":"https:\/\/prefecturadeesmeraldas.gob.ec\/index.php\/wp-json\/wp\/v2\/pages"}],"about":[{"href":"https:\/\/prefecturadeesmeraldas.gob.ec\/index.php\/wp-json\/wp\/v2\/types\/page"}],"author":[{"embeddable":true,"href":"https:\/\/prefecturadeesmeraldas.gob.ec\/index.php\/wp-json\/wp\/v2\/users\/2"}],"replies":[{"embeddable":true,"href":"https:\/\/prefecturadeesmeraldas.gob.ec\/index.php\/wp-json\/wp\/v2\/comments?post=595"}],"version-history":[{"count":0,"href":"https:\/\/prefecturadeesmeraldas.gob.ec\/index.php\/wp-json\/wp\/v2\/pages\/595\/revisions"}],"wp:attachment":[{"href":"https:\/\/prefecturadeesmeraldas.gob.ec\/index.php\/wp-json\/wp\/v2\/media?parent=595"}],"curies":[{"name":"wp","href":"https:\/\/api.w.org\/{rel}","templated":true}]}}