{"id":4489,"date":"2020-05-17T13:41:55","date_gmt":"2020-05-17T18:41:55","guid":{"rendered":"http:\/\/prefecturadeesmeraldas.gob.ec\/?page_id=4489"},"modified":"2020-05-17T13:44:17","modified_gmt":"2020-05-17T18:44:17","slug":"certificado-de-presentacion-de-informe-anual-cumplimiento-art-12-de-la-lotaip-ano-2019","status":"publish","type":"page","link":"https:\/\/prefecturadeesmeraldas.gob.ec\/index.php\/certificado-de-presentacion-de-informe-anual-cumplimiento-art-12-de-la-lotaip-ano-2019\/","title":{"rendered":"CERTIFICADO DE PRESENTACI\u00d3N DE INFORME ANUAL CUMPLIMIENTO ART. 12 DE LA LOTAIP A\u00d1O 2019"},"content":{"rendered":"\t\t<div data-elementor-type=\"wp-post\" data-elementor-id=\"4489\" class=\"elementor elementor-4489\">\n\t\t\t\t\t\t<section class=\"elementor-section elementor-top-section elementor-element elementor-element-6c71bd7 elementor-section-boxed elementor-section-height-default elementor-section-height-default\" data-id=\"6c71bd7\" data-element_type=\"section\">\n\t\t\t\t\t\t<div class=\"elementor-container elementor-column-gap-default\">\n\t\t\t\t\t<div class=\"elementor-column elementor-col-100 elementor-top-column elementor-element elementor-element-b8aa552\" data-id=\"b8aa552\" data-element_type=\"column\">\n\t\t\t<div class=\"elementor-widget-wrap elementor-element-populated\">\n\t\t\t\t\t\t<div class=\"elementor-element elementor-element-380005d elementor-widget elementor-widget-image\" data-id=\"380005d\" data-element_type=\"widget\" data-widget_type=\"image.default\">\n\t\t\t\t<div class=\"elementor-widget-container\">\n\t\t\t\t\t\t\t\t\t\t\t\t\t\t\t\t<a href=\"http:\/\/prefecturadeesmeraldas.gob.ec\/wp-content\/uploads\/2020\/05\/certificado-de-cumplimiento.jpg\" target=\"_blank\">\n\t\t\t\t\t\t\t<img fetchpriority=\"high\" decoding=\"async\" width=\"619\" height=\"852\" src=\"https:\/\/prefecturadeesmeraldas.gob.ec\/wp-content\/uploads\/2020\/05\/certificado-de-cumplimiento.jpg\" class=\"attachment-large size-large wp-image-4491\" alt=\"\" srcset=\"https:\/\/prefecturadeesmeraldas.gob.ec\/wp-content\/uploads\/2020\/05\/certificado-de-cumplimiento.jpg 619w, https:\/\/prefecturadeesmeraldas.gob.ec\/wp-content\/uploads\/2020\/05\/certificado-de-cumplimiento-218x300.jpg 218w\" sizes=\"(max-width: 619px) 100vw, 619px\" \/>\t\t\t\t\t\t\t\t<\/a>\n\t\t\t\t\t\t\t\t\t\t\t\t\t\t\t<\/div>\n\t\t\t\t<\/div>\n\t\t\t\t\t<\/div>\n\t\t<\/div>\n\t\t\t\t\t<\/div>\n\t\t<\/section>\n\t\t\t\t<\/div>\n\t\t","protected":false},"excerpt":{"rendered":"","protected":false},"author":2,"featured_media":0,"parent":0,"menu_order":0,"comment_status":"closed","ping_status":"closed","template":"","meta":{"footnotes":""},"class_list":["post-4489","page","type-page","status-publish","hentry"],"yoast_head":"<!-- This site is optimized with the Yoast SEO plugin v25.7 - https:\/\/yoast.com\/wordpress\/plugins\/seo\/ -->\n<title>CERTIFICADO DE PRESENTACI\u00d3N DE INFORME ANUAL CUMPLIMIENTO ART. 12 DE LA LOTAIP A\u00d1O 2019 - Gobierno Aut\u00f3nomo Descentralizado de la Provincia de Esmeraldas<\/title>\n<meta name=\"robots\" content=\"index, follow, max-snippet:-1, max-image-preview:large, max-video-preview:-1\" \/>\n<link rel=\"canonical\" href=\"https:\/\/prefecturadeesmeraldas.gob.ec\/index.php\/certificado-de-presentacion-de-informe-anual-cumplimiento-art-12-de-la-lotaip-ano-2019\/\" \/>\n<meta property=\"og:locale\" content=\"es_ES\" \/>\n<meta property=\"og:type\" content=\"article\" \/>\n<meta property=\"og:title\" content=\"CERTIFICADO DE PRESENTACI\u00d3N DE INFORME ANUAL CUMPLIMIENTO ART. 12 DE LA LOTAIP A\u00d1O 2019 - Gobierno Aut\u00f3nomo Descentralizado de la Provincia de Esmeraldas\" \/>\n<meta property=\"og:url\" content=\"https:\/\/prefecturadeesmeraldas.gob.ec\/index.php\/certificado-de-presentacion-de-informe-anual-cumplimiento-art-12-de-la-lotaip-ano-2019\/\" \/>\n<meta property=\"og:site_name\" content=\"Gobierno Aut\u00f3nomo Descentralizado de la Provincia de Esmeraldas\" \/>\n<meta property=\"article:publisher\" content=\"https:\/\/www.facebook.com\/PrefecturaEsmeraldas\/\" \/>\n<meta property=\"article:modified_time\" content=\"2020-05-17T18:44:17+00:00\" \/>\n<meta property=\"og:image\" content=\"http:\/\/prefecturadeesmeraldas.gob.ec\/wp-content\/uploads\/2020\/05\/certificado-de-cumplimiento.jpg\" \/>\n<meta name=\"twitter:card\" content=\"summary_large_image\" \/>\n<script type=\"application\/ld+json\" class=\"yoast-schema-graph\">{\"@context\":\"https:\/\/schema.org\",\"@graph\":[{\"@type\":\"WebPage\",\"@id\":\"https:\/\/prefecturadeesmeraldas.gob.ec\/index.php\/certificado-de-presentacion-de-informe-anual-cumplimiento-art-12-de-la-lotaip-ano-2019\/\",\"url\":\"https:\/\/prefecturadeesmeraldas.gob.ec\/index.php\/certificado-de-presentacion-de-informe-anual-cumplimiento-art-12-de-la-lotaip-ano-2019\/\",\"name\":\"CERTIFICADO DE PRESENTACI\u00d3N DE INFORME ANUAL CUMPLIMIENTO ART. 12 DE LA LOTAIP A\u00d1O 2019 - Gobierno Aut\u00f3nomo Descentralizado de la Provincia de Esmeraldas\",\"isPartOf\":{\"@id\":\"https:\/\/prefecturadeesmeraldas.gob.ec\/#website\"},\"primaryImageOfPage\":{\"@id\":\"https:\/\/prefecturadeesmeraldas.gob.ec\/index.php\/certificado-de-presentacion-de-informe-anual-cumplimiento-art-12-de-la-lotaip-ano-2019\/#primaryimage\"},\"image\":{\"@id\":\"https:\/\/prefecturadeesmeraldas.gob.ec\/index.php\/certificado-de-presentacion-de-informe-anual-cumplimiento-art-12-de-la-lotaip-ano-2019\/#primaryimage\"},\"thumbnailUrl\":\"http:\/\/prefecturadeesmeraldas.gob.ec\/wp-content\/uploads\/2020\/05\/certificado-de-cumplimiento.jpg\",\"datePublished\":\"2020-05-17T18:41:55+00:00\",\"dateModified\":\"2020-05-17T18:44:17+00:00\",\"breadcrumb\":{\"@id\":\"https:\/\/prefecturadeesmeraldas.gob.ec\/index.php\/certificado-de-presentacion-de-informe-anual-cumplimiento-art-12-de-la-lotaip-ano-2019\/#breadcrumb\"},\"inLanguage\":\"es\",\"potentialAction\":[{\"@type\":\"ReadAction\",\"target\":[\"https:\/\/prefecturadeesmeraldas.gob.ec\/index.php\/certificado-de-presentacion-de-informe-anual-cumplimiento-art-12-de-la-lotaip-ano-2019\/\"]}]},{\"@type\":\"ImageObject\",\"inLanguage\":\"es\",\"@id\":\"https:\/\/prefecturadeesmeraldas.gob.ec\/index.php\/certificado-de-presentacion-de-informe-anual-cumplimiento-art-12-de-la-lotaip-ano-2019\/#primaryimage\",\"url\":\"http:\/\/prefecturadeesmeraldas.gob.ec\/wp-content\/uploads\/2020\/05\/certificado-de-cumplimiento.jpg\",\"contentUrl\":\"http:\/\/prefecturadeesmeraldas.gob.ec\/wp-content\/uploads\/2020\/05\/certificado-de-cumplimiento.jpg\"},{\"@type\":\"BreadcrumbList\",\"@id\":\"https:\/\/prefecturadeesmeraldas.gob.ec\/index.php\/certificado-de-presentacion-de-informe-anual-cumplimiento-art-12-de-la-lotaip-ano-2019\/#breadcrumb\",\"itemListElement\":[{\"@type\":\"ListItem\",\"position\":1,\"name\":\"Home\",\"item\":\"https:\/\/prefecturadeesmeraldas.gob.ec\/\"},{\"@type\":\"ListItem\",\"position\":2,\"name\":\"CERTIFICADO DE PRESENTACI\u00d3N DE INFORME ANUAL CUMPLIMIENTO ART. 12 DE LA LOTAIP A\u00d1O 2019\"}]},{\"@type\":\"WebSite\",\"@id\":\"https:\/\/prefecturadeesmeraldas.gob.ec\/#website\",\"url\":\"https:\/\/prefecturadeesmeraldas.gob.ec\/\",\"name\":\"Gobierno Aut\u00f3nomo Descentralizado de la Provincia de Esmeraldas\",\"description\":\"Gobierno Aut\u00f3nomo Descentralizado de la Provincia de Esmeraldas\",\"publisher\":{\"@id\":\"https:\/\/prefecturadeesmeraldas.gob.ec\/#organization\"},\"potentialAction\":[{\"@type\":\"SearchAction\",\"target\":{\"@type\":\"EntryPoint\",\"urlTemplate\":\"https:\/\/prefecturadeesmeraldas.gob.ec\/?s={search_term_string}\"},\"query-input\":{\"@type\":\"PropertyValueSpecification\",\"valueRequired\":true,\"valueName\":\"search_term_string\"}}],\"inLanguage\":\"es\"},{\"@type\":\"Organization\",\"@id\":\"https:\/\/prefecturadeesmeraldas.gob.ec\/#organization\",\"name\":\"Gobierno Aut\u00f3nomo Descentralizado de la Provincia de Esmeraldas\",\"url\":\"https:\/\/prefecturadeesmeraldas.gob.ec\/\",\"logo\":{\"@type\":\"ImageObject\",\"inLanguage\":\"es\",\"@id\":\"https:\/\/prefecturadeesmeraldas.gob.ec\/#\/schema\/logo\/image\/\",\"url\":\"https:\/\/prefecturadeesmeraldas.gob.ec\/wp-content\/uploads\/2019\/06\/logo.png\",\"contentUrl\":\"https:\/\/prefecturadeesmeraldas.gob.ec\/wp-content\/uploads\/2019\/06\/logo.png\",\"width\":859,\"height\":448,\"caption\":\"Gobierno Aut\u00f3nomo Descentralizado de la Provincia de Esmeraldas\"},\"image\":{\"@id\":\"https:\/\/prefecturadeesmeraldas.gob.ec\/#\/schema\/logo\/image\/\"},\"sameAs\":[\"https:\/\/www.facebook.com\/PrefecturaEsmeraldas\/\"]}]}<\/script>\n<!-- \/ Yoast SEO plugin. -->","yoast_head_json":{"title":"CERTIFICADO DE PRESENTACI\u00d3N DE INFORME ANUAL CUMPLIMIENTO ART. 12 DE LA LOTAIP A\u00d1O 2019 - Gobierno Aut\u00f3nomo Descentralizado de la Provincia de Esmeraldas","robots":{"index":"index","follow":"follow","max-snippet":"max-snippet:-1","max-image-preview":"max-image-preview:large","max-video-preview":"max-video-preview:-1"},"canonical":"https:\/\/prefecturadeesmeraldas.gob.ec\/index.php\/certificado-de-presentacion-de-informe-anual-cumplimiento-art-12-de-la-lotaip-ano-2019\/","og_locale":"es_ES","og_type":"article","og_title":"CERTIFICADO DE PRESENTACI\u00d3N DE INFORME ANUAL CUMPLIMIENTO ART. 12 DE LA LOTAIP A\u00d1O 2019 - Gobierno Aut\u00f3nomo Descentralizado de la Provincia de Esmeraldas","og_url":"https:\/\/prefecturadeesmeraldas.gob.ec\/index.php\/certificado-de-presentacion-de-informe-anual-cumplimiento-art-12-de-la-lotaip-ano-2019\/","og_site_name":"Gobierno Aut\u00f3nomo Descentralizado de la Provincia de Esmeraldas","article_publisher":"https:\/\/www.facebook.com\/PrefecturaEsmeraldas\/","article_modified_time":"2020-05-17T18:44:17+00:00","og_image":[{"url":"http:\/\/prefecturadeesmeraldas.gob.ec\/wp-content\/uploads\/2020\/05\/certificado-de-cumplimiento.jpg","type":"","width":"","height":""}],"twitter_card":"summary_large_image","schema":{"@context":"https:\/\/schema.org","@graph":[{"@type":"WebPage","@id":"https:\/\/prefecturadeesmeraldas.gob.ec\/index.php\/certificado-de-presentacion-de-informe-anual-cumplimiento-art-12-de-la-lotaip-ano-2019\/","url":"https:\/\/prefecturadeesmeraldas.gob.ec\/index.php\/certificado-de-presentacion-de-informe-anual-cumplimiento-art-12-de-la-lotaip-ano-2019\/","name":"CERTIFICADO DE PRESENTACI\u00d3N DE INFORME ANUAL CUMPLIMIENTO ART. 12 DE LA LOTAIP A\u00d1O 2019 - Gobierno Aut\u00f3nomo Descentralizado de la Provincia de Esmeraldas","isPartOf":{"@id":"https:\/\/prefecturadeesmeraldas.gob.ec\/#website"},"primaryImageOfPage":{"@id":"https:\/\/prefecturadeesmeraldas.gob.ec\/index.php\/certificado-de-presentacion-de-informe-anual-cumplimiento-art-12-de-la-lotaip-ano-2019\/#primaryimage"},"image":{"@id":"https:\/\/prefecturadeesmeraldas.gob.ec\/index.php\/certificado-de-presentacion-de-informe-anual-cumplimiento-art-12-de-la-lotaip-ano-2019\/#primaryimage"},"thumbnailUrl":"http:\/\/prefecturadeesmeraldas.gob.ec\/wp-content\/uploads\/2020\/05\/certificado-de-cumplimiento.jpg","datePublished":"2020-05-17T18:41:55+00:00","dateModified":"2020-05-17T18:44:17+00:00","breadcrumb":{"@id":"https:\/\/prefecturadeesmeraldas.gob.ec\/index.php\/certificado-de-presentacion-de-informe-anual-cumplimiento-art-12-de-la-lotaip-ano-2019\/#breadcrumb"},"inLanguage":"es","potentialAction":[{"@type":"ReadAction","target":["https:\/\/prefecturadeesmeraldas.gob.ec\/index.php\/certificado-de-presentacion-de-informe-anual-cumplimiento-art-12-de-la-lotaip-ano-2019\/"]}]},{"@type":"ImageObject","inLanguage":"es","@id":"https:\/\/prefecturadeesmeraldas.gob.ec\/index.php\/certificado-de-presentacion-de-informe-anual-cumplimiento-art-12-de-la-lotaip-ano-2019\/#primaryimage","url":"http:\/\/prefecturadeesmeraldas.gob.ec\/wp-content\/uploads\/2020\/05\/certificado-de-cumplimiento.jpg","contentUrl":"http:\/\/prefecturadeesmeraldas.gob.ec\/wp-content\/uploads\/2020\/05\/certificado-de-cumplimiento.jpg"},{"@type":"BreadcrumbList","@id":"https:\/\/prefecturadeesmeraldas.gob.ec\/index.php\/certificado-de-presentacion-de-informe-anual-cumplimiento-art-12-de-la-lotaip-ano-2019\/#breadcrumb","itemListElement":[{"@type":"ListItem","position":1,"name":"Home","item":"https:\/\/prefecturadeesmeraldas.gob.ec\/"},{"@type":"ListItem","position":2,"name":"CERTIFICADO DE PRESENTACI\u00d3N DE INFORME ANUAL CUMPLIMIENTO ART. 12 DE LA LOTAIP A\u00d1O 2019"}]},{"@type":"WebSite","@id":"https:\/\/prefecturadeesmeraldas.gob.ec\/#website","url":"https:\/\/prefecturadeesmeraldas.gob.ec\/","name":"Gobierno Aut\u00f3nomo Descentralizado de la Provincia de Esmeraldas","description":"Gobierno Aut\u00f3nomo Descentralizado de la Provincia de Esmeraldas","publisher":{"@id":"https:\/\/prefecturadeesmeraldas.gob.ec\/#organization"},"potentialAction":[{"@type":"SearchAction","target":{"@type":"EntryPoint","urlTemplate":"https:\/\/prefecturadeesmeraldas.gob.ec\/?s={search_term_string}"},"query-input":{"@type":"PropertyValueSpecification","valueRequired":true,"valueName":"search_term_string"}}],"inLanguage":"es"},{"@type":"Organization","@id":"https:\/\/prefecturadeesmeraldas.gob.ec\/#organization","name":"Gobierno Aut\u00f3nomo Descentralizado de la Provincia de Esmeraldas","url":"https:\/\/prefecturadeesmeraldas.gob.ec\/","logo":{"@type":"ImageObject","inLanguage":"es","@id":"https:\/\/prefecturadeesmeraldas.gob.ec\/#\/schema\/logo\/image\/","url":"https:\/\/prefecturadeesmeraldas.gob.ec\/wp-content\/uploads\/2019\/06\/logo.png","contentUrl":"https:\/\/prefecturadeesmeraldas.gob.ec\/wp-content\/uploads\/2019\/06\/logo.png","width":859,"height":448,"caption":"Gobierno Aut\u00f3nomo Descentralizado de la Provincia de Esmeraldas"},"image":{"@id":"https:\/\/prefecturadeesmeraldas.gob.ec\/#\/schema\/logo\/image\/"},"sameAs":["https:\/\/www.facebook.com\/PrefecturaEsmeraldas\/"]}]}},"_links":{"self":[{"href":"https:\/\/prefecturadeesmeraldas.gob.ec\/index.php\/wp-json\/wp\/v2\/pages\/4489","targetHints":{"allow":["GET"]}}],"collection":[{"href":"https:\/\/prefecturadeesmeraldas.gob.ec\/index.php\/wp-json\/wp\/v2\/pages"}],"about":[{"href":"https:\/\/prefecturadeesmeraldas.gob.ec\/index.php\/wp-json\/wp\/v2\/types\/page"}],"author":[{"embeddable":true,"href":"https:\/\/prefecturadeesmeraldas.gob.ec\/index.php\/wp-json\/wp\/v2\/users\/2"}],"replies":[{"embeddable":true,"href":"https:\/\/prefecturadeesmeraldas.gob.ec\/index.php\/wp-json\/wp\/v2\/comments?post=4489"}],"version-history":[{"count":0,"href":"https:\/\/prefecturadeesmeraldas.gob.ec\/index.php\/wp-json\/wp\/v2\/pages\/4489\/revisions"}],"wp:attachment":[{"href":"https:\/\/prefecturadeesmeraldas.gob.ec\/index.php\/wp-json\/wp\/v2\/media?parent=4489"}],"curies":[{"name":"wp","href":"https:\/\/api.w.org\/{rel}","templated":true}]}}