{"id":403,"date":"2019-07-16T13:51:19","date_gmt":"2019-07-16T18:51:19","guid":{"rendered":"http:\/\/prefecturadeesmeraldas.gob.ec\/?page_id=403"},"modified":"2023-04-13T11:12:27","modified_gmt":"2023-04-13T16:12:27","slug":"gestion-de-calidad","status":"publish","type":"page","link":"https:\/\/prefecturadeesmeraldas.gob.ec\/index.php\/gestion-de-calidad\/","title":{"rendered":"Gesti\u00f3n de Calidad"},"content":{"rendered":"\t\t<div data-elementor-type=\"wp-post\" data-elementor-id=\"403\" class=\"elementor elementor-403\">\n\t\t\t\t\t\t<section class=\"elementor-section elementor-top-section elementor-element elementor-element-4c64319 elementor-section-boxed elementor-section-height-default elementor-section-height-default\" data-id=\"4c64319\" data-element_type=\"section\">\n\t\t\t\t\t\t<div class=\"elementor-container elementor-column-gap-default\">\n\t\t\t\t\t<div class=\"elementor-column elementor-col-100 elementor-top-column elementor-element elementor-element-5d807fa\" data-id=\"5d807fa\" data-element_type=\"column\">\n\t\t\t<div class=\"elementor-widget-wrap elementor-element-populated\">\n\t\t\t\t\t\t<div class=\"elementor-element elementor-element-a792d47 elementor-widget elementor-widget-text-editor\" data-id=\"a792d47\" data-element_type=\"widget\" data-widget_type=\"text-editor.default\">\n\t\t\t\t<div class=\"elementor-widget-container\">\n\t\t\t\t\t\t\t\t\t<p><strong>Atribuciones y Responsabilidades:<\/strong><\/p>\n<ul>\n<li>Implementar y actualizar el Sistema de Gesti\u00f3n de Calidad del Gobierno Aut\u00f3nomo Descentralizado de la provincia de Esmeraldas.<\/li>\n<li>Coordinar el seguimiento, medici\u00f3n, an\u00e1lisis y mejoramiento del Sistema de Gesti\u00f3n de Calidad del Gobierno Aut\u00f3nomo Descentralizado de la Provincia de Esmeraldas.<\/li>\n<li>Planificar y coordinar el levantamiento y documentaci\u00f3n de los procesos y procedimientos internos del Gobierno Aut\u00f3nomo Descentralizado de la Provincia de Esmeraldas.<\/li>\n<li>Coordinar y ejecutar las auditorias de calidad a realizarse internamente en el Gobierno Aut\u00f3nomo Descentralizado de la Provincia de Esmeraldas.<\/li>\n<li>Dise\u00f1ar y elaborar herramientas para optimizar la gesti\u00f3n de Calidad Gobierno Aut\u00f3nomo Descentralizado de la Provincia de Esmeraldas.<\/li>\n<li>Asesorar e instruir en temas de Gesti\u00f3n de Calidad a los procesos del &nbsp;Gobierno Aut\u00f3nomo Descentralizado de la Provincia de Esmeraldas.<\/li><\/ul>\t\t\t\t\t\t\t\t<\/div>\n\t\t\t\t<\/div>\n\t\t\t\t\t<\/div>\n\t\t<\/div>\n\t\t\t\t\t<\/div>\n\t\t<\/section>\n\t\t\t\t<section class=\"elementor-section elementor-top-section elementor-element elementor-element-f9846c2 elementor-section-boxed elementor-section-height-default elementor-section-height-default\" data-id=\"f9846c2\" data-element_type=\"section\">\n\t\t\t\t\t\t<div class=\"elementor-container elementor-column-gap-default\">\n\t\t\t\t\t<div class=\"elementor-column elementor-col-100 elementor-top-column elementor-element elementor-element-80a5864\" data-id=\"80a5864\" data-element_type=\"column\">\n\t\t\t<div class=\"elementor-widget-wrap elementor-element-populated\">\n\t\t\t\t\t\t<div class=\"elementor-element elementor-element-efafeb2 elementor-widget elementor-widget-text-editor\" data-id=\"efafeb2\" data-element_type=\"widget\" data-widget_type=\"text-editor.default\">\n\t\t\t\t<div class=\"elementor-widget-container\">\n\t\t\t\t\t\t\t\t\t<p><strong>PRODUCTOS Y SERVICIOS:<\/strong><\/p><p><strong>Administraci\u00f3n del Sistema de Gesti\u00f3n de la Calidad<\/strong><\/p><ul><li>Proponer, monitorear y evaluar la aplicaci\u00f3n de las pol\u00edticas, normas y prioridades<\/li><li>relativas al mejoramiento de la eficiencia institucional.<\/li><li>Coordinar los programas de modernizaci\u00f3n que se decida implementar en el<\/li><li>(Utilizaci\u00f3n de software libre, implementaci\u00f3n de sistemas ERP, BPM y CRM.<\/li><li>Supervisar el establecimiento de indicadores gesti\u00f3n a nivel las diferentes gestiones.<\/li><li>Proponer medidas tendientes a la simplificaci\u00f3n de los tr\u00e1mites y procedimientos<\/li><li>Internos de las diferentes unidades administrativas de la entidad a fin de mejorar la<\/li><li>productividad y eficiencia organizacional.<\/li><li>Encuestas Diagn\u00f3stico<\/li><li>Pol\u00edtica de Calidad<\/li><li>Reporte de satisfacci\u00f3n de las Partes Interesadas<\/li><li>Metodolog\u00eda de An\u00e1lisis y Soluci\u00f3n a Problemas<\/li><li>Informe de Revisi\u00f3n de la alta Direcci\u00f3n<\/li><li>Informe de Buz\u00f3n de Sugerencia.<\/li><li>Capacitaci\u00f3n en temas inherentes a la Unidad de Gesti\u00f3n de la Calidad<\/li><li>Informe de Controles y Seguimientos a los Proyectos GADPE.<\/li><\/ul>\t\t\t\t\t\t\t\t<\/div>\n\t\t\t\t<\/div>\n\t\t\t\t\t<\/div>\n\t\t<\/div>\n\t\t\t\t\t<\/div>\n\t\t<\/section>\n\t\t\t\t<section class=\"elementor-section elementor-top-section elementor-element elementor-element-60c2217 elementor-section-boxed elementor-section-height-default elementor-section-height-default\" data-id=\"60c2217\" data-element_type=\"section\">\n\t\t\t\t\t\t<div class=\"elementor-container elementor-column-gap-default\">\n\t\t\t\t\t<div class=\"elementor-column elementor-col-100 elementor-top-column elementor-element elementor-element-4ad8449\" data-id=\"4ad8449\" data-element_type=\"column\">\n\t\t\t<div class=\"elementor-widget-wrap elementor-element-populated\">\n\t\t\t\t\t\t<div class=\"elementor-element elementor-element-6a21a98 elementor-widget elementor-widget-text-editor\" data-id=\"6a21a98\" data-element_type=\"widget\" data-widget_type=\"text-editor.default\">\n\t\t\t\t<div class=\"elementor-widget-container\">\n\t\t\t\t\t\t\t\t\t<p><strong>Estructura B\u00e1sica:<\/strong><\/p>\n<p>La Unidad de Gesti\u00f3n de Calidad, se gestionar\u00e1 a trav\u00e9s del siguiente Sub proceso:<\/p>\n<ul>\n<li>Administraci\u00f3n del Sistema de Gesti\u00f3n de la Calidad<\/li>\n<li>Administraci\u00f3n del Sistema Integrado de Gesti\u00f3n<\/li>\n<li>Reingenier\u00eda de Procesos y Mejora Continua.<\/li>\n<\/ul>\n<p><strong>Administraci\u00f3n del Sistema del Sistema Integrado de Gesti\u00f3n<\/strong><\/p>\n<ul>\n<li>Realizar Informe de Auditorias de Cumplimiento<\/li>\n<li>Actualizaci\u00f3n de Pol\u00edtica SIG (Sistema de Gesti\u00f3n de Calidad)<\/li>\n<li>Informe de mejora continua.<\/li>\n<\/ul>\n<p><strong>Reingenier\u00eda de Procesos y Mejora Continua.<\/strong><\/p>\n<ul>\n<li>Dise\u00f1ar manuales, procesos y procedimientos administrativos de las dependencias del GADPE, coordinar su aprobaci\u00f3n y puesta en pr\u00e1ctica.<\/li>\n<li>Actualizaci\u00f3n de Estructuras Org\u00e1nicas Por Procesos<\/li>\n<li>Emitir opini\u00f3n sobre proyectos administrativos de ley, reglamentos o cualquiera otra disposici\u00f3n que modifique la estructura org\u00e1nica de la Instituci\u00f3n, los sistemas y procedimientos administrativos.<\/li>\n<li>Informe de mejora continua.<\/li>\n<\/ul>\t\t\t\t\t\t\t\t<\/div>\n\t\t\t\t<\/div>\n\t\t\t\t\t<\/div>\n\t\t<\/div>\n\t\t\t\t\t<\/div>\n\t\t<\/section>\n\t\t\t\t<section class=\"elementor-section elementor-top-section elementor-element elementor-element-c1b1346 elementor-section-boxed elementor-section-height-default elementor-section-height-default\" data-id=\"c1b1346\" data-element_type=\"section\">\n\t\t\t\t\t\t<div class=\"elementor-container elementor-column-gap-default\">\n\t\t\t\t\t<div class=\"elementor-column elementor-col-100 elementor-top-column elementor-element elementor-element-1eaf4ee\" data-id=\"1eaf4ee\" data-element_type=\"column\">\n\t\t\t<div class=\"elementor-widget-wrap elementor-element-populated\">\n\t\t\t\t\t\t<div class=\"elementor-element elementor-element-9a4e9e8 elementor-widget elementor-widget-text-editor\" data-id=\"9a4e9e8\" data-element_type=\"widget\" data-widget_type=\"text-editor.default\">\n\t\t\t\t<div class=\"elementor-widget-container\">\n\t\t\t\t\t\t\t\t\t<h2 class=\"hestia-title\">Cont\u00e1ctanos<\/h2><h5 class=\"description\"><\/h5><div class=\"hestia-description\"><div class=\"hestia-info info info-horizontal\"><div class=\"icon icon-primary\"><i class=\"fas fa-map-marker-alt\"><\/i><\/div><div class=\"description\"><h4 class=\"info-title\">Direcci\u00f3n<\/h4><p>Esmeraldas, 10 de Agosto entre Bol\u00edvar y Malec\u00f3n<\/p><\/div><\/div><div class=\"hestia-info info info-horizontal\"><div class=\"icon icon-primary\"><i class=\"fas fa-mobile-alt\"><\/i><\/div><div class=\"description\"><h4 class=\"info-title\">Tel\u00e9fonos:<\/h4><p>Recepci\u00f3n +593 62721444 Ext 161 Lunes \u2013 Viernes, 8:00-12:30 \/ 13:30-17:00<\/p><\/div><\/div><\/div>\t\t\t\t\t\t\t\t<\/div>\n\t\t\t\t<\/div>\n\t\t\t\t\t<\/div>\n\t\t<\/div>\n\t\t\t\t\t<\/div>\n\t\t<\/section>\n\t\t\t\t<\/div>\n\t\t","protected":false},"excerpt":{"rendered":"<p>Atribuciones y Responsabilidades: Implementar y actualizar el Sistema de Gesti\u00f3n de Calidad del Gobierno Aut\u00f3nomo Descentralizado de la provincia de Esmeraldas. Coordinar el seguimiento, medici\u00f3n, an\u00e1lisis y mejoramiento del Sistema de Gesti\u00f3n de Calidad del Gobierno Aut\u00f3nomo Descentralizado de la Provincia de Esmeraldas. Planificar y coordinar el levantamiento y documentaci\u00f3n de los procesos y procedimientos [&hellip;]<\/p>\n","protected":false},"author":2,"featured_media":0,"parent":0,"menu_order":0,"comment_status":"closed","ping_status":"closed","template":"","meta":{"footnotes":""},"class_list":["post-403","page","type-page","status-publish","hentry"],"yoast_head":"<!-- This site is optimized with the Yoast SEO plugin v25.7 - https:\/\/yoast.com\/wordpress\/plugins\/seo\/ -->\n<title>Gesti\u00f3n de Calidad - Gobierno Aut\u00f3nomo Descentralizado de la Provincia de Esmeraldas<\/title>\n<meta name=\"robots\" content=\"index, follow, max-snippet:-1, max-image-preview:large, max-video-preview:-1\" \/>\n<link rel=\"canonical\" href=\"https:\/\/prefecturadeesmeraldas.gob.ec\/index.php\/gestion-de-calidad\/\" \/>\n<meta property=\"og:locale\" content=\"es_ES\" \/>\n<meta property=\"og:type\" content=\"article\" \/>\n<meta property=\"og:title\" content=\"Gesti\u00f3n de Calidad - Gobierno Aut\u00f3nomo Descentralizado de la Provincia de Esmeraldas\" \/>\n<meta property=\"og:description\" content=\"Atribuciones y Responsabilidades: Implementar y actualizar el Sistema de Gesti\u00f3n de Calidad del Gobierno Aut\u00f3nomo Descentralizado de la provincia de Esmeraldas. Coordinar el seguimiento, medici\u00f3n, an\u00e1lisis y mejoramiento del Sistema de Gesti\u00f3n de Calidad del Gobierno Aut\u00f3nomo Descentralizado de la Provincia de Esmeraldas. Planificar y coordinar el levantamiento y documentaci\u00f3n de los procesos y procedimientos [&hellip;]\" \/>\n<meta property=\"og:url\" content=\"https:\/\/prefecturadeesmeraldas.gob.ec\/index.php\/gestion-de-calidad\/\" \/>\n<meta property=\"og:site_name\" content=\"Gobierno Aut\u00f3nomo Descentralizado de la Provincia de Esmeraldas\" \/>\n<meta property=\"article:publisher\" content=\"https:\/\/www.facebook.com\/PrefecturaEsmeraldas\/\" \/>\n<meta property=\"article:modified_time\" content=\"2023-04-13T16:12:27+00:00\" \/>\n<meta name=\"twitter:card\" content=\"summary_large_image\" \/>\n<meta name=\"twitter:label1\" content=\"Tiempo de lectura\" \/>\n\t<meta name=\"twitter:data1\" content=\"2 minutos\" \/>\n<script type=\"application\/ld+json\" class=\"yoast-schema-graph\">{\"@context\":\"https:\/\/schema.org\",\"@graph\":[{\"@type\":\"WebPage\",\"@id\":\"https:\/\/prefecturadeesmeraldas.gob.ec\/index.php\/gestion-de-calidad\/\",\"url\":\"https:\/\/prefecturadeesmeraldas.gob.ec\/index.php\/gestion-de-calidad\/\",\"name\":\"Gesti\u00f3n de Calidad - Gobierno Aut\u00f3nomo Descentralizado de la Provincia de Esmeraldas\",\"isPartOf\":{\"@id\":\"https:\/\/prefecturadeesmeraldas.gob.ec\/#website\"},\"datePublished\":\"2019-07-16T18:51:19+00:00\",\"dateModified\":\"2023-04-13T16:12:27+00:00\",\"breadcrumb\":{\"@id\":\"https:\/\/prefecturadeesmeraldas.gob.ec\/index.php\/gestion-de-calidad\/#breadcrumb\"},\"inLanguage\":\"es\",\"potentialAction\":[{\"@type\":\"ReadAction\",\"target\":[\"https:\/\/prefecturadeesmeraldas.gob.ec\/index.php\/gestion-de-calidad\/\"]}]},{\"@type\":\"BreadcrumbList\",\"@id\":\"https:\/\/prefecturadeesmeraldas.gob.ec\/index.php\/gestion-de-calidad\/#breadcrumb\",\"itemListElement\":[{\"@type\":\"ListItem\",\"position\":1,\"name\":\"Home\",\"item\":\"https:\/\/prefecturadeesmeraldas.gob.ec\/\"},{\"@type\":\"ListItem\",\"position\":2,\"name\":\"Gesti\u00f3n de Calidad\"}]},{\"@type\":\"WebSite\",\"@id\":\"https:\/\/prefecturadeesmeraldas.gob.ec\/#website\",\"url\":\"https:\/\/prefecturadeesmeraldas.gob.ec\/\",\"name\":\"Gobierno Aut\u00f3nomo Descentralizado de la Provincia de Esmeraldas\",\"description\":\"Gobierno Aut\u00f3nomo Descentralizado de la Provincia de Esmeraldas\",\"publisher\":{\"@id\":\"https:\/\/prefecturadeesmeraldas.gob.ec\/#organization\"},\"potentialAction\":[{\"@type\":\"SearchAction\",\"target\":{\"@type\":\"EntryPoint\",\"urlTemplate\":\"https:\/\/prefecturadeesmeraldas.gob.ec\/?s={search_term_string}\"},\"query-input\":{\"@type\":\"PropertyValueSpecification\",\"valueRequired\":true,\"valueName\":\"search_term_string\"}}],\"inLanguage\":\"es\"},{\"@type\":\"Organization\",\"@id\":\"https:\/\/prefecturadeesmeraldas.gob.ec\/#organization\",\"name\":\"Gobierno Aut\u00f3nomo Descentralizado de la Provincia de Esmeraldas\",\"url\":\"https:\/\/prefecturadeesmeraldas.gob.ec\/\",\"logo\":{\"@type\":\"ImageObject\",\"inLanguage\":\"es\",\"@id\":\"https:\/\/prefecturadeesmeraldas.gob.ec\/#\/schema\/logo\/image\/\",\"url\":\"https:\/\/prefecturadeesmeraldas.gob.ec\/wp-content\/uploads\/2019\/06\/logo.png\",\"contentUrl\":\"https:\/\/prefecturadeesmeraldas.gob.ec\/wp-content\/uploads\/2019\/06\/logo.png\",\"width\":859,\"height\":448,\"caption\":\"Gobierno Aut\u00f3nomo Descentralizado de la Provincia de Esmeraldas\"},\"image\":{\"@id\":\"https:\/\/prefecturadeesmeraldas.gob.ec\/#\/schema\/logo\/image\/\"},\"sameAs\":[\"https:\/\/www.facebook.com\/PrefecturaEsmeraldas\/\"]}]}<\/script>\n<!-- \/ Yoast SEO plugin. -->","yoast_head_json":{"title":"Gesti\u00f3n de Calidad - Gobierno Aut\u00f3nomo Descentralizado de la Provincia de Esmeraldas","robots":{"index":"index","follow":"follow","max-snippet":"max-snippet:-1","max-image-preview":"max-image-preview:large","max-video-preview":"max-video-preview:-1"},"canonical":"https:\/\/prefecturadeesmeraldas.gob.ec\/index.php\/gestion-de-calidad\/","og_locale":"es_ES","og_type":"article","og_title":"Gesti\u00f3n de Calidad - Gobierno Aut\u00f3nomo Descentralizado de la Provincia de Esmeraldas","og_description":"Atribuciones y Responsabilidades: Implementar y actualizar el Sistema de Gesti\u00f3n de Calidad del Gobierno Aut\u00f3nomo Descentralizado de la provincia de Esmeraldas. Coordinar el seguimiento, medici\u00f3n, an\u00e1lisis y mejoramiento del Sistema de Gesti\u00f3n de Calidad del Gobierno Aut\u00f3nomo Descentralizado de la Provincia de Esmeraldas. Planificar y coordinar el levantamiento y documentaci\u00f3n de los procesos y procedimientos [&hellip;]","og_url":"https:\/\/prefecturadeesmeraldas.gob.ec\/index.php\/gestion-de-calidad\/","og_site_name":"Gobierno Aut\u00f3nomo Descentralizado de la Provincia de Esmeraldas","article_publisher":"https:\/\/www.facebook.com\/PrefecturaEsmeraldas\/","article_modified_time":"2023-04-13T16:12:27+00:00","twitter_card":"summary_large_image","twitter_misc":{"Tiempo de lectura":"2 minutos"},"schema":{"@context":"https:\/\/schema.org","@graph":[{"@type":"WebPage","@id":"https:\/\/prefecturadeesmeraldas.gob.ec\/index.php\/gestion-de-calidad\/","url":"https:\/\/prefecturadeesmeraldas.gob.ec\/index.php\/gestion-de-calidad\/","name":"Gesti\u00f3n de Calidad - Gobierno Aut\u00f3nomo Descentralizado de la Provincia de Esmeraldas","isPartOf":{"@id":"https:\/\/prefecturadeesmeraldas.gob.ec\/#website"},"datePublished":"2019-07-16T18:51:19+00:00","dateModified":"2023-04-13T16:12:27+00:00","breadcrumb":{"@id":"https:\/\/prefecturadeesmeraldas.gob.ec\/index.php\/gestion-de-calidad\/#breadcrumb"},"inLanguage":"es","potentialAction":[{"@type":"ReadAction","target":["https:\/\/prefecturadeesmeraldas.gob.ec\/index.php\/gestion-de-calidad\/"]}]},{"@type":"BreadcrumbList","@id":"https:\/\/prefecturadeesmeraldas.gob.ec\/index.php\/gestion-de-calidad\/#breadcrumb","itemListElement":[{"@type":"ListItem","position":1,"name":"Home","item":"https:\/\/prefecturadeesmeraldas.gob.ec\/"},{"@type":"ListItem","position":2,"name":"Gesti\u00f3n de Calidad"}]},{"@type":"WebSite","@id":"https:\/\/prefecturadeesmeraldas.gob.ec\/#website","url":"https:\/\/prefecturadeesmeraldas.gob.ec\/","name":"Gobierno Aut\u00f3nomo Descentralizado de la Provincia de Esmeraldas","description":"Gobierno Aut\u00f3nomo Descentralizado de la Provincia de Esmeraldas","publisher":{"@id":"https:\/\/prefecturadeesmeraldas.gob.ec\/#organization"},"potentialAction":[{"@type":"SearchAction","target":{"@type":"EntryPoint","urlTemplate":"https:\/\/prefecturadeesmeraldas.gob.ec\/?s={search_term_string}"},"query-input":{"@type":"PropertyValueSpecification","valueRequired":true,"valueName":"search_term_string"}}],"inLanguage":"es"},{"@type":"Organization","@id":"https:\/\/prefecturadeesmeraldas.gob.ec\/#organization","name":"Gobierno Aut\u00f3nomo Descentralizado de la Provincia de Esmeraldas","url":"https:\/\/prefecturadeesmeraldas.gob.ec\/","logo":{"@type":"ImageObject","inLanguage":"es","@id":"https:\/\/prefecturadeesmeraldas.gob.ec\/#\/schema\/logo\/image\/","url":"https:\/\/prefecturadeesmeraldas.gob.ec\/wp-content\/uploads\/2019\/06\/logo.png","contentUrl":"https:\/\/prefecturadeesmeraldas.gob.ec\/wp-content\/uploads\/2019\/06\/logo.png","width":859,"height":448,"caption":"Gobierno Aut\u00f3nomo Descentralizado de la Provincia de Esmeraldas"},"image":{"@id":"https:\/\/prefecturadeesmeraldas.gob.ec\/#\/schema\/logo\/image\/"},"sameAs":["https:\/\/www.facebook.com\/PrefecturaEsmeraldas\/"]}]}},"_links":{"self":[{"href":"https:\/\/prefecturadeesmeraldas.gob.ec\/index.php\/wp-json\/wp\/v2\/pages\/403","targetHints":{"allow":["GET"]}}],"collection":[{"href":"https:\/\/prefecturadeesmeraldas.gob.ec\/index.php\/wp-json\/wp\/v2\/pages"}],"about":[{"href":"https:\/\/prefecturadeesmeraldas.gob.ec\/index.php\/wp-json\/wp\/v2\/types\/page"}],"author":[{"embeddable":true,"href":"https:\/\/prefecturadeesmeraldas.gob.ec\/index.php\/wp-json\/wp\/v2\/users\/2"}],"replies":[{"embeddable":true,"href":"https:\/\/prefecturadeesmeraldas.gob.ec\/index.php\/wp-json\/wp\/v2\/comments?post=403"}],"version-history":[{"count":0,"href":"https:\/\/prefecturadeesmeraldas.gob.ec\/index.php\/wp-json\/wp\/v2\/pages\/403\/revisions"}],"wp:attachment":[{"href":"https:\/\/prefecturadeesmeraldas.gob.ec\/index.php\/wp-json\/wp\/v2\/media?parent=403"}],"curies":[{"name":"wp","href":"https:\/\/api.w.org\/{rel}","templated":true}]}}