{"id":33121,"date":"2026-02-18T09:46:22","date_gmt":"2026-02-18T14:46:22","guid":{"rendered":"https:\/\/prefecturadeesmeraldas.gob.ec\/?page_id=33121"},"modified":"2026-02-18T09:48:32","modified_gmt":"2026-02-18T14:48:32","slug":"protocolo-institucional-deprevencion-y-erradicacionde-la-discriminacionviolencia-y-acoso-laboral","status":"publish","type":"page","link":"https:\/\/prefecturadeesmeraldas.gob.ec\/index.php\/protocolo-institucional-deprevencion-y-erradicacionde-la-discriminacionviolencia-y-acoso-laboral\/","title":{"rendered":"PROTOCOLO INSTITUCIONAL DE PREVENCI\u00d3N Y ERRADICACI\u00d3N DE LA DISCRIMINACI\u00d3N,VIOLENCIA Y ACOSO LABORAL."},"content":{"rendered":"\t\t<div data-elementor-type=\"wp-page\" data-elementor-id=\"33121\" class=\"elementor elementor-33121\">\n\t\t\t\t<div class=\"elementor-element elementor-element-930a562 e-flex e-con-boxed e-con e-parent\" data-id=\"930a562\" data-element_type=\"container\">\n\t\t\t\t\t<div class=\"e-con-inner\">\n\t\t\t\t<div class=\"elementor-element elementor-element-5e10ede elementor-widget elementor-widget-image\" data-id=\"5e10ede\" data-element_type=\"widget\" data-widget_type=\"image.default\">\n\t\t\t\t<div class=\"elementor-widget-container\">\n\t\t\t\t\t\t\t\t\t\t\t\t\t\t\t\t<a href=\"https:\/\/prefecturadeesmeraldas.gob.ec\/wp-content\/uploads\/2026\/02\/Protocolo-consolidado.pdf\">\n\t\t\t\t\t\t\t<img fetchpriority=\"high\" decoding=\"async\" width=\"484\" height=\"594\" src=\"https:\/\/prefecturadeesmeraldas.gob.ec\/wp-content\/uploads\/2026\/02\/Captura-de-pantalla-2026-02-18-094332.png\" class=\"attachment-large size-large wp-image-33120\" alt=\"\" srcset=\"https:\/\/prefecturadeesmeraldas.gob.ec\/wp-content\/uploads\/2026\/02\/Captura-de-pantalla-2026-02-18-094332.png 484w, https:\/\/prefecturadeesmeraldas.gob.ec\/wp-content\/uploads\/2026\/02\/Captura-de-pantalla-2026-02-18-094332-244x300.png 244w\" sizes=\"(max-width: 484px) 100vw, 484px\" \/>\t\t\t\t\t\t\t\t<\/a>\n\t\t\t\t\t\t\t\t\t\t\t\t\t\t\t<\/div>\n\t\t\t\t<\/div>\n\t\t\t\t\t<\/div>\n\t\t\t\t<\/div>\n\t\t\t\t<\/div>\n\t\t","protected":false},"excerpt":{"rendered":"","protected":false},"author":2,"featured_media":0,"parent":0,"menu_order":0,"comment_status":"closed","ping_status":"closed","template":"","meta":{"footnotes":""},"class_list":["post-33121","page","type-page","status-publish","hentry"],"yoast_head":"<!-- This site is optimized with the Yoast SEO plugin v25.7 - https:\/\/yoast.com\/wordpress\/plugins\/seo\/ -->\n<title>PROTOCOLO INSTITUCIONAL DE PREVENCI\u00d3N Y ERRADICACI\u00d3N DE LA DISCRIMINACI\u00d3N,VIOLENCIA Y ACOSO LABORAL. - Gobierno Aut\u00f3nomo Descentralizado de la Provincia de Esmeraldas<\/title>\n<meta name=\"robots\" content=\"index, follow, max-snippet:-1, max-image-preview:large, max-video-preview:-1\" \/>\n<link rel=\"canonical\" href=\"https:\/\/prefecturadeesmeraldas.gob.ec\/index.php\/protocolo-institucional-deprevencion-y-erradicacionde-la-discriminacionviolencia-y-acoso-laboral\/\" \/>\n<meta property=\"og:locale\" content=\"es_ES\" \/>\n<meta property=\"og:type\" content=\"article\" \/>\n<meta property=\"og:title\" content=\"PROTOCOLO INSTITUCIONAL DE PREVENCI\u00d3N Y ERRADICACI\u00d3N DE LA DISCRIMINACI\u00d3N,VIOLENCIA Y ACOSO LABORAL. - Gobierno Aut\u00f3nomo Descentralizado de la Provincia de Esmeraldas\" \/>\n<meta property=\"og:url\" content=\"https:\/\/prefecturadeesmeraldas.gob.ec\/index.php\/protocolo-institucional-deprevencion-y-erradicacionde-la-discriminacionviolencia-y-acoso-laboral\/\" \/>\n<meta property=\"og:site_name\" content=\"Gobierno Aut\u00f3nomo Descentralizado de la Provincia de Esmeraldas\" \/>\n<meta property=\"article:publisher\" content=\"https:\/\/www.facebook.com\/PrefecturaEsmeraldas\/\" \/>\n<meta property=\"article:modified_time\" content=\"2026-02-18T14:48:32+00:00\" \/>\n<meta property=\"og:image\" content=\"https:\/\/prefecturadeesmeraldas.gob.ec\/wp-content\/uploads\/2026\/02\/Captura-de-pantalla-2026-02-18-094332.png\" \/>\n<meta name=\"twitter:card\" content=\"summary_large_image\" \/>\n<meta name=\"twitter:label1\" content=\"Tiempo de lectura\" \/>\n\t<meta name=\"twitter:data1\" content=\"1 minuto\" \/>\n<script type=\"application\/ld+json\" class=\"yoast-schema-graph\">{\"@context\":\"https:\/\/schema.org\",\"@graph\":[{\"@type\":\"WebPage\",\"@id\":\"https:\/\/prefecturadeesmeraldas.gob.ec\/index.php\/protocolo-institucional-deprevencion-y-erradicacionde-la-discriminacionviolencia-y-acoso-laboral\/\",\"url\":\"https:\/\/prefecturadeesmeraldas.gob.ec\/index.php\/protocolo-institucional-deprevencion-y-erradicacionde-la-discriminacionviolencia-y-acoso-laboral\/\",\"name\":\"PROTOCOLO INSTITUCIONAL DE PREVENCI\u00d3N Y ERRADICACI\u00d3N DE LA DISCRIMINACI\u00d3N,VIOLENCIA Y ACOSO LABORAL. - Gobierno Aut\u00f3nomo Descentralizado de la Provincia de Esmeraldas\",\"isPartOf\":{\"@id\":\"https:\/\/prefecturadeesmeraldas.gob.ec\/#website\"},\"primaryImageOfPage\":{\"@id\":\"https:\/\/prefecturadeesmeraldas.gob.ec\/index.php\/protocolo-institucional-deprevencion-y-erradicacionde-la-discriminacionviolencia-y-acoso-laboral\/#primaryimage\"},\"image\":{\"@id\":\"https:\/\/prefecturadeesmeraldas.gob.ec\/index.php\/protocolo-institucional-deprevencion-y-erradicacionde-la-discriminacionviolencia-y-acoso-laboral\/#primaryimage\"},\"thumbnailUrl\":\"https:\/\/prefecturadeesmeraldas.gob.ec\/wp-content\/uploads\/2026\/02\/Captura-de-pantalla-2026-02-18-094332.png\",\"datePublished\":\"2026-02-18T14:46:22+00:00\",\"dateModified\":\"2026-02-18T14:48:32+00:00\",\"breadcrumb\":{\"@id\":\"https:\/\/prefecturadeesmeraldas.gob.ec\/index.php\/protocolo-institucional-deprevencion-y-erradicacionde-la-discriminacionviolencia-y-acoso-laboral\/#breadcrumb\"},\"inLanguage\":\"es\",\"potentialAction\":[{\"@type\":\"ReadAction\",\"target\":[\"https:\/\/prefecturadeesmeraldas.gob.ec\/index.php\/protocolo-institucional-deprevencion-y-erradicacionde-la-discriminacionviolencia-y-acoso-laboral\/\"]}]},{\"@type\":\"ImageObject\",\"inLanguage\":\"es\",\"@id\":\"https:\/\/prefecturadeesmeraldas.gob.ec\/index.php\/protocolo-institucional-deprevencion-y-erradicacionde-la-discriminacionviolencia-y-acoso-laboral\/#primaryimage\",\"url\":\"https:\/\/prefecturadeesmeraldas.gob.ec\/wp-content\/uploads\/2026\/02\/Captura-de-pantalla-2026-02-18-094332.png\",\"contentUrl\":\"https:\/\/prefecturadeesmeraldas.gob.ec\/wp-content\/uploads\/2026\/02\/Captura-de-pantalla-2026-02-18-094332.png\",\"width\":484,\"height\":594},{\"@type\":\"BreadcrumbList\",\"@id\":\"https:\/\/prefecturadeesmeraldas.gob.ec\/index.php\/protocolo-institucional-deprevencion-y-erradicacionde-la-discriminacionviolencia-y-acoso-laboral\/#breadcrumb\",\"itemListElement\":[{\"@type\":\"ListItem\",\"position\":1,\"name\":\"Home\",\"item\":\"https:\/\/prefecturadeesmeraldas.gob.ec\/\"},{\"@type\":\"ListItem\",\"position\":2,\"name\":\"PROTOCOLO INSTITUCIONAL DE PREVENCI\u00d3N Y ERRADICACI\u00d3N DE LA DISCRIMINACI\u00d3N,VIOLENCIA Y ACOSO LABORAL.\"}]},{\"@type\":\"WebSite\",\"@id\":\"https:\/\/prefecturadeesmeraldas.gob.ec\/#website\",\"url\":\"https:\/\/prefecturadeesmeraldas.gob.ec\/\",\"name\":\"Gobierno Aut\u00f3nomo Descentralizado de la Provincia de Esmeraldas\",\"description\":\"Gobierno Aut\u00f3nomo Descentralizado de la Provincia de Esmeraldas\",\"publisher\":{\"@id\":\"https:\/\/prefecturadeesmeraldas.gob.ec\/#organization\"},\"potentialAction\":[{\"@type\":\"SearchAction\",\"target\":{\"@type\":\"EntryPoint\",\"urlTemplate\":\"https:\/\/prefecturadeesmeraldas.gob.ec\/?s={search_term_string}\"},\"query-input\":{\"@type\":\"PropertyValueSpecification\",\"valueRequired\":true,\"valueName\":\"search_term_string\"}}],\"inLanguage\":\"es\"},{\"@type\":\"Organization\",\"@id\":\"https:\/\/prefecturadeesmeraldas.gob.ec\/#organization\",\"name\":\"Gobierno Aut\u00f3nomo Descentralizado de la Provincia de Esmeraldas\",\"url\":\"https:\/\/prefecturadeesmeraldas.gob.ec\/\",\"logo\":{\"@type\":\"ImageObject\",\"inLanguage\":\"es\",\"@id\":\"https:\/\/prefecturadeesmeraldas.gob.ec\/#\/schema\/logo\/image\/\",\"url\":\"https:\/\/prefecturadeesmeraldas.gob.ec\/wp-content\/uploads\/2019\/06\/logo.png\",\"contentUrl\":\"https:\/\/prefecturadeesmeraldas.gob.ec\/wp-content\/uploads\/2019\/06\/logo.png\",\"width\":859,\"height\":448,\"caption\":\"Gobierno Aut\u00f3nomo Descentralizado de la Provincia de Esmeraldas\"},\"image\":{\"@id\":\"https:\/\/prefecturadeesmeraldas.gob.ec\/#\/schema\/logo\/image\/\"},\"sameAs\":[\"https:\/\/www.facebook.com\/PrefecturaEsmeraldas\/\"]}]}<\/script>\n<!-- \/ Yoast SEO plugin. -->","yoast_head_json":{"title":"PROTOCOLO INSTITUCIONAL DE PREVENCI\u00d3N Y ERRADICACI\u00d3N DE LA DISCRIMINACI\u00d3N,VIOLENCIA Y ACOSO LABORAL. - Gobierno Aut\u00f3nomo Descentralizado de la Provincia de Esmeraldas","robots":{"index":"index","follow":"follow","max-snippet":"max-snippet:-1","max-image-preview":"max-image-preview:large","max-video-preview":"max-video-preview:-1"},"canonical":"https:\/\/prefecturadeesmeraldas.gob.ec\/index.php\/protocolo-institucional-deprevencion-y-erradicacionde-la-discriminacionviolencia-y-acoso-laboral\/","og_locale":"es_ES","og_type":"article","og_title":"PROTOCOLO INSTITUCIONAL DE PREVENCI\u00d3N Y ERRADICACI\u00d3N DE LA DISCRIMINACI\u00d3N,VIOLENCIA Y ACOSO LABORAL. - Gobierno Aut\u00f3nomo Descentralizado de la Provincia de Esmeraldas","og_url":"https:\/\/prefecturadeesmeraldas.gob.ec\/index.php\/protocolo-institucional-deprevencion-y-erradicacionde-la-discriminacionviolencia-y-acoso-laboral\/","og_site_name":"Gobierno Aut\u00f3nomo Descentralizado de la Provincia de Esmeraldas","article_publisher":"https:\/\/www.facebook.com\/PrefecturaEsmeraldas\/","article_modified_time":"2026-02-18T14:48:32+00:00","og_image":[{"url":"https:\/\/prefecturadeesmeraldas.gob.ec\/wp-content\/uploads\/2026\/02\/Captura-de-pantalla-2026-02-18-094332.png","type":"","width":"","height":""}],"twitter_card":"summary_large_image","twitter_misc":{"Tiempo de lectura":"1 minuto"},"schema":{"@context":"https:\/\/schema.org","@graph":[{"@type":"WebPage","@id":"https:\/\/prefecturadeesmeraldas.gob.ec\/index.php\/protocolo-institucional-deprevencion-y-erradicacionde-la-discriminacionviolencia-y-acoso-laboral\/","url":"https:\/\/prefecturadeesmeraldas.gob.ec\/index.php\/protocolo-institucional-deprevencion-y-erradicacionde-la-discriminacionviolencia-y-acoso-laboral\/","name":"PROTOCOLO INSTITUCIONAL DE PREVENCI\u00d3N Y ERRADICACI\u00d3N DE LA DISCRIMINACI\u00d3N,VIOLENCIA Y ACOSO LABORAL. - Gobierno Aut\u00f3nomo Descentralizado de la Provincia de Esmeraldas","isPartOf":{"@id":"https:\/\/prefecturadeesmeraldas.gob.ec\/#website"},"primaryImageOfPage":{"@id":"https:\/\/prefecturadeesmeraldas.gob.ec\/index.php\/protocolo-institucional-deprevencion-y-erradicacionde-la-discriminacionviolencia-y-acoso-laboral\/#primaryimage"},"image":{"@id":"https:\/\/prefecturadeesmeraldas.gob.ec\/index.php\/protocolo-institucional-deprevencion-y-erradicacionde-la-discriminacionviolencia-y-acoso-laboral\/#primaryimage"},"thumbnailUrl":"https:\/\/prefecturadeesmeraldas.gob.ec\/wp-content\/uploads\/2026\/02\/Captura-de-pantalla-2026-02-18-094332.png","datePublished":"2026-02-18T14:46:22+00:00","dateModified":"2026-02-18T14:48:32+00:00","breadcrumb":{"@id":"https:\/\/prefecturadeesmeraldas.gob.ec\/index.php\/protocolo-institucional-deprevencion-y-erradicacionde-la-discriminacionviolencia-y-acoso-laboral\/#breadcrumb"},"inLanguage":"es","potentialAction":[{"@type":"ReadAction","target":["https:\/\/prefecturadeesmeraldas.gob.ec\/index.php\/protocolo-institucional-deprevencion-y-erradicacionde-la-discriminacionviolencia-y-acoso-laboral\/"]}]},{"@type":"ImageObject","inLanguage":"es","@id":"https:\/\/prefecturadeesmeraldas.gob.ec\/index.php\/protocolo-institucional-deprevencion-y-erradicacionde-la-discriminacionviolencia-y-acoso-laboral\/#primaryimage","url":"https:\/\/prefecturadeesmeraldas.gob.ec\/wp-content\/uploads\/2026\/02\/Captura-de-pantalla-2026-02-18-094332.png","contentUrl":"https:\/\/prefecturadeesmeraldas.gob.ec\/wp-content\/uploads\/2026\/02\/Captura-de-pantalla-2026-02-18-094332.png","width":484,"height":594},{"@type":"BreadcrumbList","@id":"https:\/\/prefecturadeesmeraldas.gob.ec\/index.php\/protocolo-institucional-deprevencion-y-erradicacionde-la-discriminacionviolencia-y-acoso-laboral\/#breadcrumb","itemListElement":[{"@type":"ListItem","position":1,"name":"Home","item":"https:\/\/prefecturadeesmeraldas.gob.ec\/"},{"@type":"ListItem","position":2,"name":"PROTOCOLO INSTITUCIONAL DE PREVENCI\u00d3N Y ERRADICACI\u00d3N DE LA DISCRIMINACI\u00d3N,VIOLENCIA Y ACOSO LABORAL."}]},{"@type":"WebSite","@id":"https:\/\/prefecturadeesmeraldas.gob.ec\/#website","url":"https:\/\/prefecturadeesmeraldas.gob.ec\/","name":"Gobierno Aut\u00f3nomo Descentralizado de la Provincia de Esmeraldas","description":"Gobierno Aut\u00f3nomo Descentralizado de la Provincia de Esmeraldas","publisher":{"@id":"https:\/\/prefecturadeesmeraldas.gob.ec\/#organization"},"potentialAction":[{"@type":"SearchAction","target":{"@type":"EntryPoint","urlTemplate":"https:\/\/prefecturadeesmeraldas.gob.ec\/?s={search_term_string}"},"query-input":{"@type":"PropertyValueSpecification","valueRequired":true,"valueName":"search_term_string"}}],"inLanguage":"es"},{"@type":"Organization","@id":"https:\/\/prefecturadeesmeraldas.gob.ec\/#organization","name":"Gobierno Aut\u00f3nomo Descentralizado de la Provincia de Esmeraldas","url":"https:\/\/prefecturadeesmeraldas.gob.ec\/","logo":{"@type":"ImageObject","inLanguage":"es","@id":"https:\/\/prefecturadeesmeraldas.gob.ec\/#\/schema\/logo\/image\/","url":"https:\/\/prefecturadeesmeraldas.gob.ec\/wp-content\/uploads\/2019\/06\/logo.png","contentUrl":"https:\/\/prefecturadeesmeraldas.gob.ec\/wp-content\/uploads\/2019\/06\/logo.png","width":859,"height":448,"caption":"Gobierno Aut\u00f3nomo Descentralizado de la Provincia de Esmeraldas"},"image":{"@id":"https:\/\/prefecturadeesmeraldas.gob.ec\/#\/schema\/logo\/image\/"},"sameAs":["https:\/\/www.facebook.com\/PrefecturaEsmeraldas\/"]}]}},"_links":{"self":[{"href":"https:\/\/prefecturadeesmeraldas.gob.ec\/index.php\/wp-json\/wp\/v2\/pages\/33121","targetHints":{"allow":["GET"]}}],"collection":[{"href":"https:\/\/prefecturadeesmeraldas.gob.ec\/index.php\/wp-json\/wp\/v2\/pages"}],"about":[{"href":"https:\/\/prefecturadeesmeraldas.gob.ec\/index.php\/wp-json\/wp\/v2\/types\/page"}],"author":[{"embeddable":true,"href":"https:\/\/prefecturadeesmeraldas.gob.ec\/index.php\/wp-json\/wp\/v2\/users\/2"}],"replies":[{"embeddable":true,"href":"https:\/\/prefecturadeesmeraldas.gob.ec\/index.php\/wp-json\/wp\/v2\/comments?post=33121"}],"version-history":[{"count":8,"href":"https:\/\/prefecturadeesmeraldas.gob.ec\/index.php\/wp-json\/wp\/v2\/pages\/33121\/revisions"}],"predecessor-version":[{"id":33129,"href":"https:\/\/prefecturadeesmeraldas.gob.ec\/index.php\/wp-json\/wp\/v2\/pages\/33121\/revisions\/33129"}],"wp:attachment":[{"href":"https:\/\/prefecturadeesmeraldas.gob.ec\/index.php\/wp-json\/wp\/v2\/media?parent=33121"}],"curies":[{"name":"wp","href":"https:\/\/api.w.org\/{rel}","templated":true}]}}