{"id":30212,"date":"2025-06-20T10:16:17","date_gmt":"2025-06-20T15:16:17","guid":{"rendered":"https:\/\/prefecturadeesmeraldas.gob.ec\/?page_id=30212"},"modified":"2025-06-23T16:37:04","modified_gmt":"2025-06-23T21:37:04","slug":"evaluacion-de-la-gestion-y-elaboracion-del-informe-preliminar","status":"publish","type":"page","link":"https:\/\/prefecturadeesmeraldas.gob.ec\/index.php\/evaluacion-de-la-gestion-y-elaboracion-del-informe-preliminar\/","title":{"rendered":"Evaluaci\u00f3n de la gesti\u00f3n y elaboraci\u00f3n del informe preliminar."},"content":{"rendered":"\t\t<div data-elementor-type=\"wp-page\" data-elementor-id=\"30212\" class=\"elementor elementor-30212\">\n\t\t\t\t<div class=\"elementor-element elementor-element-ff27c33 e-flex e-con-boxed e-con e-parent\" data-id=\"ff27c33\" data-element_type=\"container\">\n\t\t\t\t\t<div class=\"e-con-inner\">\n\t\t<div class=\"elementor-element elementor-element-ac1dc5a e-con-full e-flex e-con e-child\" data-id=\"ac1dc5a\" data-element_type=\"container\">\n\t\t\t\t<div class=\"elementor-element elementor-element-a87b8a2 elementor-widget elementor-widget-image\" data-id=\"a87b8a2\" data-element_type=\"widget\" data-widget_type=\"image.default\">\n\t\t\t\t<div class=\"elementor-widget-container\">\n\t\t\t\t\t\t\t\t\t\t\t\t<figure class=\"wp-caption\">\n\t\t\t\t\t\t\t\t\t\t\t<a href=\"https:\/\/prefecturadeesmeraldas.gob.ec\/wp-content\/uploads\/2025\/06\/MEMO-146-signed.pdf\">\n\t\t\t\t\t\t\t<img fetchpriority=\"high\" decoding=\"async\" width=\"2048\" height=\"2560\" src=\"https:\/\/prefecturadeesmeraldas.gob.ec\/wp-content\/uploads\/2025\/06\/Aprobacion-del-formulario-de-RC2024-scaled.png\" class=\"attachment-large size-large wp-image-30214\" alt=\"\" srcset=\"https:\/\/prefecturadeesmeraldas.gob.ec\/wp-content\/uploads\/2025\/06\/Aprobacion-del-formulario-de-RC2024-scaled.png 2048w, https:\/\/prefecturadeesmeraldas.gob.ec\/wp-content\/uploads\/2025\/06\/Aprobacion-del-formulario-de-RC2024-240x300.png 240w, https:\/\/prefecturadeesmeraldas.gob.ec\/wp-content\/uploads\/2025\/06\/Aprobacion-del-formulario-de-RC2024-768x960.png 768w, https:\/\/prefecturadeesmeraldas.gob.ec\/wp-content\/uploads\/2025\/06\/Aprobacion-del-formulario-de-RC2024-1229x1536.png 1229w, https:\/\/prefecturadeesmeraldas.gob.ec\/wp-content\/uploads\/2025\/06\/Aprobacion-del-formulario-de-RC2024-1638x2048.png 1638w\" sizes=\"(max-width: 2048px) 100vw, 2048px\" \/>\t\t\t\t\t\t\t\t<\/a>\n\t\t\t\t\t\t\t\t\t\t\t<figcaption class=\"widget-image-caption wp-caption-text\">DESCARGAR PDF<\/figcaption>\n\t\t\t\t\t\t\t\t\t\t<\/figure>\n\t\t\t\t\t\t\t\t\t<\/div>\n\t\t\t\t<\/div>\n\t\t\t\t<\/div>\n\t\t<div class=\"elementor-element elementor-element-c6b3452 e-con-full e-flex e-con e-child\" data-id=\"c6b3452\" data-element_type=\"container\">\n\t\t\t\t<div class=\"elementor-element elementor-element-45e4168 elementor-widget elementor-widget-image\" data-id=\"45e4168\" data-element_type=\"widget\" data-widget_type=\"image.default\">\n\t\t\t\t<div class=\"elementor-widget-container\">\n\t\t\t\t\t\t\t\t\t\t\t\t<figure class=\"wp-caption\">\n\t\t\t\t\t\t\t\t\t\t\t<a href=\"https:\/\/prefecturadeesmeraldas.gob.ec\/wp-content\/uploads\/2025\/06\/FORMULARIO-PREFECTURA-DE-ESMERALDAS-RDC-2025-1.pdf\">\n\t\t\t\t\t\t\t<img decoding=\"async\" width=\"2048\" height=\"2560\" src=\"https:\/\/prefecturadeesmeraldas.gob.ec\/wp-content\/uploads\/2025\/06\/Formulario-Preliminar-1-scaled.png\" class=\"attachment-large size-large wp-image-30234\" alt=\"\" srcset=\"https:\/\/prefecturadeesmeraldas.gob.ec\/wp-content\/uploads\/2025\/06\/Formulario-Preliminar-1-scaled.png 2048w, https:\/\/prefecturadeesmeraldas.gob.ec\/wp-content\/uploads\/2025\/06\/Formulario-Preliminar-1-240x300.png 240w, https:\/\/prefecturadeesmeraldas.gob.ec\/wp-content\/uploads\/2025\/06\/Formulario-Preliminar-1-768x960.png 768w, https:\/\/prefecturadeesmeraldas.gob.ec\/wp-content\/uploads\/2025\/06\/Formulario-Preliminar-1-1229x1536.png 1229w, https:\/\/prefecturadeesmeraldas.gob.ec\/wp-content\/uploads\/2025\/06\/Formulario-Preliminar-1-1638x2048.png 1638w\" sizes=\"(max-width: 2048px) 100vw, 2048px\" \/>\t\t\t\t\t\t\t\t<\/a>\n\t\t\t\t\t\t\t\t\t\t\t<figcaption class=\"widget-image-caption wp-caption-text\">DESCARGAR PDF<\/figcaption>\n\t\t\t\t\t\t\t\t\t\t<\/figure>\n\t\t\t\t\t\t\t\t\t<\/div>\n\t\t\t\t<\/div>\n\t\t\t\t<\/div>\n\t\t\t\t\t<\/div>\n\t\t\t\t<\/div>\n\t\t<div class=\"elementor-element elementor-element-e2ecb96 e-flex e-con-boxed e-con e-parent\" data-id=\"e2ecb96\" data-element_type=\"container\">\n\t\t\t\t\t<div class=\"e-con-inner\">\n\t\t<div class=\"elementor-element elementor-element-3c9377e e-con-full e-flex e-con e-child\" data-id=\"3c9377e\" data-element_type=\"container\">\n\t\t\t\t<div class=\"elementor-element elementor-element-7378c87 elementor-widget elementor-widget-image\" data-id=\"7378c87\" data-element_type=\"widget\" data-widget_type=\"image.default\">\n\t\t\t\t<div class=\"elementor-widget-container\">\n\t\t\t\t\t\t\t\t\t\t\t\t<figure class=\"wp-caption\">\n\t\t\t\t\t\t\t\t\t\t\t<a href=\"https:\/\/prefecturadeesmeraldas.gob.ec\/wp-content\/uploads\/2025\/06\/Aprobacion-del-formulario-e-informe-preliminar-de-Rendicion-de-Cuentas-2024.-.pdf\">\n\t\t\t\t\t\t\t<img decoding=\"async\" width=\"2048\" height=\"2560\" src=\"https:\/\/prefecturadeesmeraldas.gob.ec\/wp-content\/uploads\/2025\/06\/2Caractulas-para-Rendicion-de-Cuentas-2024-scaled.png\" class=\"attachment-large size-large wp-image-30215\" alt=\"\" srcset=\"https:\/\/prefecturadeesmeraldas.gob.ec\/wp-content\/uploads\/2025\/06\/2Caractulas-para-Rendicion-de-Cuentas-2024-scaled.png 2048w, https:\/\/prefecturadeesmeraldas.gob.ec\/wp-content\/uploads\/2025\/06\/2Caractulas-para-Rendicion-de-Cuentas-2024-240x300.png 240w, https:\/\/prefecturadeesmeraldas.gob.ec\/wp-content\/uploads\/2025\/06\/2Caractulas-para-Rendicion-de-Cuentas-2024-768x960.png 768w, https:\/\/prefecturadeesmeraldas.gob.ec\/wp-content\/uploads\/2025\/06\/2Caractulas-para-Rendicion-de-Cuentas-2024-1229x1536.png 1229w, https:\/\/prefecturadeesmeraldas.gob.ec\/wp-content\/uploads\/2025\/06\/2Caractulas-para-Rendicion-de-Cuentas-2024-1638x2048.png 1638w\" sizes=\"(max-width: 2048px) 100vw, 2048px\" \/>\t\t\t\t\t\t\t\t<\/a>\n\t\t\t\t\t\t\t\t\t\t\t<figcaption class=\"widget-image-caption wp-caption-text\">DESCARGAR PDF<\/figcaption>\n\t\t\t\t\t\t\t\t\t\t<\/figure>\n\t\t\t\t\t\t\t\t\t<\/div>\n\t\t\t\t<\/div>\n\t\t\t\t<\/div>\n\t\t<div class=\"elementor-element elementor-element-6edd5b6 e-con-full e-flex e-con e-child\" data-id=\"6edd5b6\" data-element_type=\"container\">\n\t\t\t\t<div class=\"elementor-element elementor-element-c2630a3 elementor-widget elementor-widget-image\" data-id=\"c2630a3\" data-element_type=\"widget\" data-widget_type=\"image.default\">\n\t\t\t\t<div class=\"elementor-widget-container\">\n\t\t\t\t\t\t\t\t\t\t\t\t<figure class=\"wp-caption\">\n\t\t\t\t\t\t\t\t\t\t\t<a href=\"https:\/\/prefecturadeesmeraldas.gob.ec\/wp-content\/uploads\/2025\/06\/INFORME-DE-RENDICION-DE-CUENTAS-PRELIMINAR-20-06-2025.pdf\">\n\t\t\t\t\t\t\t<img loading=\"lazy\" decoding=\"async\" width=\"2048\" height=\"2560\" src=\"https:\/\/prefecturadeesmeraldas.gob.ec\/wp-content\/uploads\/2025\/06\/Informe-preliminar-de-RC2024-1-scaled.png\" class=\"attachment-large size-large wp-image-30235\" alt=\"\" srcset=\"https:\/\/prefecturadeesmeraldas.gob.ec\/wp-content\/uploads\/2025\/06\/Informe-preliminar-de-RC2024-1-scaled.png 2048w, https:\/\/prefecturadeesmeraldas.gob.ec\/wp-content\/uploads\/2025\/06\/Informe-preliminar-de-RC2024-1-240x300.png 240w, https:\/\/prefecturadeesmeraldas.gob.ec\/wp-content\/uploads\/2025\/06\/Informe-preliminar-de-RC2024-1-768x960.png 768w, https:\/\/prefecturadeesmeraldas.gob.ec\/wp-content\/uploads\/2025\/06\/Informe-preliminar-de-RC2024-1-1229x1536.png 1229w, https:\/\/prefecturadeesmeraldas.gob.ec\/wp-content\/uploads\/2025\/06\/Informe-preliminar-de-RC2024-1-1638x2048.png 1638w\" sizes=\"(max-width: 2048px) 100vw, 2048px\" \/>\t\t\t\t\t\t\t\t<\/a>\n\t\t\t\t\t\t\t\t\t\t\t<figcaption class=\"widget-image-caption wp-caption-text\">DESCARGAR PDF<\/figcaption>\n\t\t\t\t\t\t\t\t\t\t<\/figure>\n\t\t\t\t\t\t\t\t\t<\/div>\n\t\t\t\t<\/div>\n\t\t\t\t<\/div>\n\t\t\t\t\t<\/div>\n\t\t\t\t<\/div>\n\t\t\t\t<\/div>\n\t\t","protected":false},"excerpt":{"rendered":"<p>DESCARGAR PDF DESCARGAR PDF DESCARGAR PDF DESCARGAR PDF<\/p>\n","protected":false},"author":2,"featured_media":0,"parent":0,"menu_order":0,"comment_status":"closed","ping_status":"closed","template":"","meta":{"footnotes":""},"class_list":["post-30212","page","type-page","status-publish","hentry"],"yoast_head":"<!-- This site is optimized with the Yoast SEO plugin v25.7 - https:\/\/yoast.com\/wordpress\/plugins\/seo\/ -->\n<title>Evaluaci\u00f3n de la gesti\u00f3n y elaboraci\u00f3n del informe preliminar. - Gobierno Aut\u00f3nomo Descentralizado de la Provincia de Esmeraldas<\/title>\n<meta name=\"robots\" content=\"index, follow, max-snippet:-1, max-image-preview:large, max-video-preview:-1\" \/>\n<link rel=\"canonical\" href=\"https:\/\/prefecturadeesmeraldas.gob.ec\/index.php\/evaluacion-de-la-gestion-y-elaboracion-del-informe-preliminar\/\" \/>\n<meta property=\"og:locale\" content=\"es_ES\" \/>\n<meta property=\"og:type\" content=\"article\" \/>\n<meta property=\"og:title\" content=\"Evaluaci\u00f3n de la gesti\u00f3n y elaboraci\u00f3n del informe preliminar. - Gobierno Aut\u00f3nomo Descentralizado de la Provincia de Esmeraldas\" \/>\n<meta property=\"og:description\" content=\"DESCARGAR PDF DESCARGAR PDF DESCARGAR PDF DESCARGAR PDF\" \/>\n<meta property=\"og:url\" content=\"https:\/\/prefecturadeesmeraldas.gob.ec\/index.php\/evaluacion-de-la-gestion-y-elaboracion-del-informe-preliminar\/\" \/>\n<meta property=\"og:site_name\" content=\"Gobierno Aut\u00f3nomo Descentralizado de la Provincia de Esmeraldas\" \/>\n<meta property=\"article:publisher\" content=\"https:\/\/www.facebook.com\/PrefecturaEsmeraldas\/\" \/>\n<meta property=\"article:modified_time\" content=\"2025-06-23T21:37:04+00:00\" \/>\n<meta property=\"og:image\" content=\"https:\/\/prefecturadeesmeraldas.gob.ec\/wp-content\/uploads\/2025\/06\/Aprobacion-del-formulario-de-RC2024-scaled.png\" \/>\n\t<meta property=\"og:image:width\" content=\"2048\" \/>\n\t<meta property=\"og:image:height\" content=\"2560\" \/>\n\t<meta property=\"og:image:type\" content=\"image\/png\" \/>\n<meta name=\"twitter:card\" content=\"summary_large_image\" \/>\n<meta name=\"twitter:label1\" content=\"Tiempo de lectura\" \/>\n\t<meta name=\"twitter:data1\" content=\"1 minuto\" \/>\n<script type=\"application\/ld+json\" class=\"yoast-schema-graph\">{\"@context\":\"https:\/\/schema.org\",\"@graph\":[{\"@type\":\"WebPage\",\"@id\":\"https:\/\/prefecturadeesmeraldas.gob.ec\/index.php\/evaluacion-de-la-gestion-y-elaboracion-del-informe-preliminar\/\",\"url\":\"https:\/\/prefecturadeesmeraldas.gob.ec\/index.php\/evaluacion-de-la-gestion-y-elaboracion-del-informe-preliminar\/\",\"name\":\"Evaluaci\u00f3n de la gesti\u00f3n y elaboraci\u00f3n del informe preliminar. - Gobierno Aut\u00f3nomo Descentralizado de la Provincia de Esmeraldas\",\"isPartOf\":{\"@id\":\"https:\/\/prefecturadeesmeraldas.gob.ec\/#website\"},\"primaryImageOfPage\":{\"@id\":\"https:\/\/prefecturadeesmeraldas.gob.ec\/index.php\/evaluacion-de-la-gestion-y-elaboracion-del-informe-preliminar\/#primaryimage\"},\"image\":{\"@id\":\"https:\/\/prefecturadeesmeraldas.gob.ec\/index.php\/evaluacion-de-la-gestion-y-elaboracion-del-informe-preliminar\/#primaryimage\"},\"thumbnailUrl\":\"https:\/\/prefecturadeesmeraldas.gob.ec\/wp-content\/uploads\/2025\/06\/Aprobacion-del-formulario-de-RC2024-scaled.png\",\"datePublished\":\"2025-06-20T15:16:17+00:00\",\"dateModified\":\"2025-06-23T21:37:04+00:00\",\"breadcrumb\":{\"@id\":\"https:\/\/prefecturadeesmeraldas.gob.ec\/index.php\/evaluacion-de-la-gestion-y-elaboracion-del-informe-preliminar\/#breadcrumb\"},\"inLanguage\":\"es\",\"potentialAction\":[{\"@type\":\"ReadAction\",\"target\":[\"https:\/\/prefecturadeesmeraldas.gob.ec\/index.php\/evaluacion-de-la-gestion-y-elaboracion-del-informe-preliminar\/\"]}]},{\"@type\":\"ImageObject\",\"inLanguage\":\"es\",\"@id\":\"https:\/\/prefecturadeesmeraldas.gob.ec\/index.php\/evaluacion-de-la-gestion-y-elaboracion-del-informe-preliminar\/#primaryimage\",\"url\":\"https:\/\/prefecturadeesmeraldas.gob.ec\/wp-content\/uploads\/2025\/06\/Aprobacion-del-formulario-de-RC2024-scaled.png\",\"contentUrl\":\"https:\/\/prefecturadeesmeraldas.gob.ec\/wp-content\/uploads\/2025\/06\/Aprobacion-del-formulario-de-RC2024-scaled.png\",\"width\":2048,\"height\":2560},{\"@type\":\"BreadcrumbList\",\"@id\":\"https:\/\/prefecturadeesmeraldas.gob.ec\/index.php\/evaluacion-de-la-gestion-y-elaboracion-del-informe-preliminar\/#breadcrumb\",\"itemListElement\":[{\"@type\":\"ListItem\",\"position\":1,\"name\":\"Home\",\"item\":\"https:\/\/prefecturadeesmeraldas.gob.ec\/\"},{\"@type\":\"ListItem\",\"position\":2,\"name\":\"Evaluaci\u00f3n de la gesti\u00f3n y elaboraci\u00f3n del informe preliminar.\"}]},{\"@type\":\"WebSite\",\"@id\":\"https:\/\/prefecturadeesmeraldas.gob.ec\/#website\",\"url\":\"https:\/\/prefecturadeesmeraldas.gob.ec\/\",\"name\":\"Gobierno Aut\u00f3nomo Descentralizado de la Provincia de Esmeraldas\",\"description\":\"Gobierno Aut\u00f3nomo Descentralizado de la Provincia de Esmeraldas\",\"publisher\":{\"@id\":\"https:\/\/prefecturadeesmeraldas.gob.ec\/#organization\"},\"potentialAction\":[{\"@type\":\"SearchAction\",\"target\":{\"@type\":\"EntryPoint\",\"urlTemplate\":\"https:\/\/prefecturadeesmeraldas.gob.ec\/?s={search_term_string}\"},\"query-input\":{\"@type\":\"PropertyValueSpecification\",\"valueRequired\":true,\"valueName\":\"search_term_string\"}}],\"inLanguage\":\"es\"},{\"@type\":\"Organization\",\"@id\":\"https:\/\/prefecturadeesmeraldas.gob.ec\/#organization\",\"name\":\"Gobierno Aut\u00f3nomo Descentralizado de la Provincia de Esmeraldas\",\"url\":\"https:\/\/prefecturadeesmeraldas.gob.ec\/\",\"logo\":{\"@type\":\"ImageObject\",\"inLanguage\":\"es\",\"@id\":\"https:\/\/prefecturadeesmeraldas.gob.ec\/#\/schema\/logo\/image\/\",\"url\":\"https:\/\/prefecturadeesmeraldas.gob.ec\/wp-content\/uploads\/2019\/06\/logo.png\",\"contentUrl\":\"https:\/\/prefecturadeesmeraldas.gob.ec\/wp-content\/uploads\/2019\/06\/logo.png\",\"width\":859,\"height\":448,\"caption\":\"Gobierno Aut\u00f3nomo Descentralizado de la Provincia de Esmeraldas\"},\"image\":{\"@id\":\"https:\/\/prefecturadeesmeraldas.gob.ec\/#\/schema\/logo\/image\/\"},\"sameAs\":[\"https:\/\/www.facebook.com\/PrefecturaEsmeraldas\/\"]}]}<\/script>\n<!-- \/ Yoast SEO plugin. -->","yoast_head_json":{"title":"Evaluaci\u00f3n de la gesti\u00f3n y elaboraci\u00f3n del informe preliminar. - Gobierno Aut\u00f3nomo Descentralizado de la Provincia de Esmeraldas","robots":{"index":"index","follow":"follow","max-snippet":"max-snippet:-1","max-image-preview":"max-image-preview:large","max-video-preview":"max-video-preview:-1"},"canonical":"https:\/\/prefecturadeesmeraldas.gob.ec\/index.php\/evaluacion-de-la-gestion-y-elaboracion-del-informe-preliminar\/","og_locale":"es_ES","og_type":"article","og_title":"Evaluaci\u00f3n de la gesti\u00f3n y elaboraci\u00f3n del informe preliminar. - Gobierno Aut\u00f3nomo Descentralizado de la Provincia de Esmeraldas","og_description":"DESCARGAR PDF DESCARGAR PDF DESCARGAR PDF DESCARGAR PDF","og_url":"https:\/\/prefecturadeesmeraldas.gob.ec\/index.php\/evaluacion-de-la-gestion-y-elaboracion-del-informe-preliminar\/","og_site_name":"Gobierno Aut\u00f3nomo Descentralizado de la Provincia de Esmeraldas","article_publisher":"https:\/\/www.facebook.com\/PrefecturaEsmeraldas\/","article_modified_time":"2025-06-23T21:37:04+00:00","og_image":[{"width":2048,"height":2560,"url":"https:\/\/prefecturadeesmeraldas.gob.ec\/wp-content\/uploads\/2025\/06\/Aprobacion-del-formulario-de-RC2024-scaled.png","type":"image\/png"}],"twitter_card":"summary_large_image","twitter_misc":{"Tiempo de lectura":"1 minuto"},"schema":{"@context":"https:\/\/schema.org","@graph":[{"@type":"WebPage","@id":"https:\/\/prefecturadeesmeraldas.gob.ec\/index.php\/evaluacion-de-la-gestion-y-elaboracion-del-informe-preliminar\/","url":"https:\/\/prefecturadeesmeraldas.gob.ec\/index.php\/evaluacion-de-la-gestion-y-elaboracion-del-informe-preliminar\/","name":"Evaluaci\u00f3n de la gesti\u00f3n y elaboraci\u00f3n del informe preliminar. - Gobierno Aut\u00f3nomo Descentralizado de la Provincia de Esmeraldas","isPartOf":{"@id":"https:\/\/prefecturadeesmeraldas.gob.ec\/#website"},"primaryImageOfPage":{"@id":"https:\/\/prefecturadeesmeraldas.gob.ec\/index.php\/evaluacion-de-la-gestion-y-elaboracion-del-informe-preliminar\/#primaryimage"},"image":{"@id":"https:\/\/prefecturadeesmeraldas.gob.ec\/index.php\/evaluacion-de-la-gestion-y-elaboracion-del-informe-preliminar\/#primaryimage"},"thumbnailUrl":"https:\/\/prefecturadeesmeraldas.gob.ec\/wp-content\/uploads\/2025\/06\/Aprobacion-del-formulario-de-RC2024-scaled.png","datePublished":"2025-06-20T15:16:17+00:00","dateModified":"2025-06-23T21:37:04+00:00","breadcrumb":{"@id":"https:\/\/prefecturadeesmeraldas.gob.ec\/index.php\/evaluacion-de-la-gestion-y-elaboracion-del-informe-preliminar\/#breadcrumb"},"inLanguage":"es","potentialAction":[{"@type":"ReadAction","target":["https:\/\/prefecturadeesmeraldas.gob.ec\/index.php\/evaluacion-de-la-gestion-y-elaboracion-del-informe-preliminar\/"]}]},{"@type":"ImageObject","inLanguage":"es","@id":"https:\/\/prefecturadeesmeraldas.gob.ec\/index.php\/evaluacion-de-la-gestion-y-elaboracion-del-informe-preliminar\/#primaryimage","url":"https:\/\/prefecturadeesmeraldas.gob.ec\/wp-content\/uploads\/2025\/06\/Aprobacion-del-formulario-de-RC2024-scaled.png","contentUrl":"https:\/\/prefecturadeesmeraldas.gob.ec\/wp-content\/uploads\/2025\/06\/Aprobacion-del-formulario-de-RC2024-scaled.png","width":2048,"height":2560},{"@type":"BreadcrumbList","@id":"https:\/\/prefecturadeesmeraldas.gob.ec\/index.php\/evaluacion-de-la-gestion-y-elaboracion-del-informe-preliminar\/#breadcrumb","itemListElement":[{"@type":"ListItem","position":1,"name":"Home","item":"https:\/\/prefecturadeesmeraldas.gob.ec\/"},{"@type":"ListItem","position":2,"name":"Evaluaci\u00f3n de la gesti\u00f3n y elaboraci\u00f3n del informe preliminar."}]},{"@type":"WebSite","@id":"https:\/\/prefecturadeesmeraldas.gob.ec\/#website","url":"https:\/\/prefecturadeesmeraldas.gob.ec\/","name":"Gobierno Aut\u00f3nomo Descentralizado de la Provincia de Esmeraldas","description":"Gobierno Aut\u00f3nomo Descentralizado de la Provincia de Esmeraldas","publisher":{"@id":"https:\/\/prefecturadeesmeraldas.gob.ec\/#organization"},"potentialAction":[{"@type":"SearchAction","target":{"@type":"EntryPoint","urlTemplate":"https:\/\/prefecturadeesmeraldas.gob.ec\/?s={search_term_string}"},"query-input":{"@type":"PropertyValueSpecification","valueRequired":true,"valueName":"search_term_string"}}],"inLanguage":"es"},{"@type":"Organization","@id":"https:\/\/prefecturadeesmeraldas.gob.ec\/#organization","name":"Gobierno Aut\u00f3nomo Descentralizado de la Provincia de Esmeraldas","url":"https:\/\/prefecturadeesmeraldas.gob.ec\/","logo":{"@type":"ImageObject","inLanguage":"es","@id":"https:\/\/prefecturadeesmeraldas.gob.ec\/#\/schema\/logo\/image\/","url":"https:\/\/prefecturadeesmeraldas.gob.ec\/wp-content\/uploads\/2019\/06\/logo.png","contentUrl":"https:\/\/prefecturadeesmeraldas.gob.ec\/wp-content\/uploads\/2019\/06\/logo.png","width":859,"height":448,"caption":"Gobierno Aut\u00f3nomo Descentralizado de la Provincia de Esmeraldas"},"image":{"@id":"https:\/\/prefecturadeesmeraldas.gob.ec\/#\/schema\/logo\/image\/"},"sameAs":["https:\/\/www.facebook.com\/PrefecturaEsmeraldas\/"]}]}},"_links":{"self":[{"href":"https:\/\/prefecturadeesmeraldas.gob.ec\/index.php\/wp-json\/wp\/v2\/pages\/30212","targetHints":{"allow":["GET"]}}],"collection":[{"href":"https:\/\/prefecturadeesmeraldas.gob.ec\/index.php\/wp-json\/wp\/v2\/pages"}],"about":[{"href":"https:\/\/prefecturadeesmeraldas.gob.ec\/index.php\/wp-json\/wp\/v2\/types\/page"}],"author":[{"embeddable":true,"href":"https:\/\/prefecturadeesmeraldas.gob.ec\/index.php\/wp-json\/wp\/v2\/users\/2"}],"replies":[{"embeddable":true,"href":"https:\/\/prefecturadeesmeraldas.gob.ec\/index.php\/wp-json\/wp\/v2\/comments?post=30212"}],"version-history":[{"count":10,"href":"https:\/\/prefecturadeesmeraldas.gob.ec\/index.php\/wp-json\/wp\/v2\/pages\/30212\/revisions"}],"predecessor-version":[{"id":30275,"href":"https:\/\/prefecturadeesmeraldas.gob.ec\/index.php\/wp-json\/wp\/v2\/pages\/30212\/revisions\/30275"}],"wp:attachment":[{"href":"https:\/\/prefecturadeesmeraldas.gob.ec\/index.php\/wp-json\/wp\/v2\/media?parent=30212"}],"curies":[{"name":"wp","href":"https:\/\/api.w.org\/{rel}","templated":true}]}}