{"id":29712,"date":"2025-05-14T09:05:42","date_gmt":"2025-05-14T14:05:42","guid":{"rendered":"https:\/\/prefecturadeesmeraldas.gob.ec\/?page_id=29712"},"modified":"2025-05-14T09:32:39","modified_gmt":"2025-05-14T14:32:39","slug":"rendicion-de-cuentas-fase-1-2024","status":"publish","type":"page","link":"https:\/\/prefecturadeesmeraldas.gob.ec\/index.php\/rendicion-de-cuentas-fase-1-2024\/","title":{"rendered":"Rendici\u00f3n de Cuentas \u2013 Fase 1-2024"},"content":{"rendered":"\t\t<div data-elementor-type=\"wp-page\" data-elementor-id=\"29712\" class=\"elementor elementor-29712\">\n\t\t\t\t<div class=\"elementor-element elementor-element-7a41f5f e-flex e-con-boxed e-con e-parent\" data-id=\"7a41f5f\" data-element_type=\"container\">\n\t\t\t\t\t<div class=\"e-con-inner\">\n\t\t<div class=\"elementor-element elementor-element-9635d15 e-con-full e-flex e-con e-child\" data-id=\"9635d15\" data-element_type=\"container\">\n\t\t\t\t<div class=\"elementor-element elementor-element-d18e24e elementor-widget elementor-widget-image\" data-id=\"d18e24e\" data-element_type=\"widget\" data-widget_type=\"image.default\">\n\t\t\t\t<div class=\"elementor-widget-container\">\n\t\t\t\t\t\t\t\t\t\t\t\t<figure class=\"wp-caption\">\n\t\t\t\t\t\t\t\t\t\t\t<a href=\"https:\/\/prefecturadeesmeraldas.gob.ec\/wp-content\/uploads\/2025\/04\/POA-2024-2.pdf\">\n\t\t\t\t\t\t\t<img fetchpriority=\"high\" decoding=\"async\" width=\"1198\" height=\"1600\" src=\"https:\/\/prefecturadeesmeraldas.gob.ec\/wp-content\/uploads\/2025\/05\/WhatsApp-Image-2025-05-14-at-09.09.35.jpeg\" class=\"attachment-large size-large wp-image-29723\" alt=\"\" srcset=\"https:\/\/prefecturadeesmeraldas.gob.ec\/wp-content\/uploads\/2025\/05\/WhatsApp-Image-2025-05-14-at-09.09.35.jpeg 1198w, https:\/\/prefecturadeesmeraldas.gob.ec\/wp-content\/uploads\/2025\/05\/WhatsApp-Image-2025-05-14-at-09.09.35-225x300.jpeg 225w, https:\/\/prefecturadeesmeraldas.gob.ec\/wp-content\/uploads\/2025\/05\/WhatsApp-Image-2025-05-14-at-09.09.35-768x1026.jpeg 768w, https:\/\/prefecturadeesmeraldas.gob.ec\/wp-content\/uploads\/2025\/05\/WhatsApp-Image-2025-05-14-at-09.09.35-1150x1536.jpeg 1150w\" sizes=\"(max-width: 1198px) 100vw, 1198px\" \/>\t\t\t\t\t\t\t\t<\/a>\n\t\t\t\t\t\t\t\t\t\t\t<figcaption class=\"widget-image-caption wp-caption-text\">Descargar PDF aqu\u00ed<\/figcaption>\n\t\t\t\t\t\t\t\t\t\t<\/figure>\n\t\t\t\t\t\t\t\t\t<\/div>\n\t\t\t\t<\/div>\n\t\t\t\t<\/div>\n\t\t<div class=\"elementor-element elementor-element-963766f e-con-full e-flex e-con e-child\" data-id=\"963766f\" data-element_type=\"container\">\n\t\t\t\t<div class=\"elementor-element elementor-element-a488de8 elementor-widget elementor-widget-image\" data-id=\"a488de8\" data-element_type=\"widget\" data-widget_type=\"image.default\">\n\t\t\t\t<div class=\"elementor-widget-container\">\n\t\t\t\t\t\t\t\t\t\t\t\t<figure class=\"wp-caption\">\n\t\t\t\t\t\t\t\t\t\t\t<a href=\"https:\/\/prefecturadeesmeraldas.gob.ec\/wp-content\/uploads\/2024\/02\/PREFECTO-Y-VICEPREFECTO-PARTIDO-SOCIAL-CRISTIANO-Plan-Trabajo-2.pdf\">\n\t\t\t\t\t\t\t<img decoding=\"async\" width=\"1198\" height=\"1600\" src=\"https:\/\/prefecturadeesmeraldas.gob.ec\/wp-content\/uploads\/2025\/05\/WhatsApp-Image-2025-05-14-at-09.08.55.jpeg\" class=\"attachment-large size-large wp-image-29721\" alt=\"\" srcset=\"https:\/\/prefecturadeesmeraldas.gob.ec\/wp-content\/uploads\/2025\/05\/WhatsApp-Image-2025-05-14-at-09.08.55.jpeg 1198w, https:\/\/prefecturadeesmeraldas.gob.ec\/wp-content\/uploads\/2025\/05\/WhatsApp-Image-2025-05-14-at-09.08.55-225x300.jpeg 225w, https:\/\/prefecturadeesmeraldas.gob.ec\/wp-content\/uploads\/2025\/05\/WhatsApp-Image-2025-05-14-at-09.08.55-768x1026.jpeg 768w, https:\/\/prefecturadeesmeraldas.gob.ec\/wp-content\/uploads\/2025\/05\/WhatsApp-Image-2025-05-14-at-09.08.55-1150x1536.jpeg 1150w\" sizes=\"(max-width: 1198px) 100vw, 1198px\" \/>\t\t\t\t\t\t\t\t<\/a>\n\t\t\t\t\t\t\t\t\t\t\t<figcaption class=\"widget-image-caption wp-caption-text\">Descargar PDF aqu\u00ed<\/figcaption>\n\t\t\t\t\t\t\t\t\t\t<\/figure>\n\t\t\t\t\t\t\t\t\t<\/div>\n\t\t\t\t<\/div>\n\t\t\t\t<\/div>\n\t\t\t\t\t<\/div>\n\t\t\t\t<\/div>\n\t\t<div class=\"elementor-element elementor-element-2250699 e-flex e-con-boxed e-con e-parent\" data-id=\"2250699\" data-element_type=\"container\">\n\t\t\t\t\t<div class=\"e-con-inner\">\n\t\t<div class=\"elementor-element elementor-element-35ab5f1 e-con-full e-flex e-con e-child\" data-id=\"35ab5f1\" data-element_type=\"container\">\n\t\t\t\t<div class=\"elementor-element elementor-element-edff35f elementor-widget elementor-widget-image\" data-id=\"edff35f\" data-element_type=\"widget\" data-widget_type=\"image.default\">\n\t\t\t\t<div class=\"elementor-widget-container\">\n\t\t\t\t\t\t\t\t\t\t\t\t<figure class=\"wp-caption\">\n\t\t\t\t\t\t\t\t\t\t\t<a href=\"https:\/\/prefecturadeesmeraldas.gob.ec\/wp-content\/uploads\/2024\/03\/PEI-2023-2027.pdf\">\n\t\t\t\t\t\t\t<img decoding=\"async\" width=\"1198\" height=\"1600\" src=\"https:\/\/prefecturadeesmeraldas.gob.ec\/wp-content\/uploads\/2025\/05\/WhatsApp-Image-2025-05-14-at-09.09.14.jpeg\" class=\"attachment-large size-large wp-image-29722\" alt=\"\" srcset=\"https:\/\/prefecturadeesmeraldas.gob.ec\/wp-content\/uploads\/2025\/05\/WhatsApp-Image-2025-05-14-at-09.09.14.jpeg 1198w, https:\/\/prefecturadeesmeraldas.gob.ec\/wp-content\/uploads\/2025\/05\/WhatsApp-Image-2025-05-14-at-09.09.14-225x300.jpeg 225w, https:\/\/prefecturadeesmeraldas.gob.ec\/wp-content\/uploads\/2025\/05\/WhatsApp-Image-2025-05-14-at-09.09.14-768x1026.jpeg 768w, https:\/\/prefecturadeesmeraldas.gob.ec\/wp-content\/uploads\/2025\/05\/WhatsApp-Image-2025-05-14-at-09.09.14-1150x1536.jpeg 1150w\" sizes=\"(max-width: 1198px) 100vw, 1198px\" \/>\t\t\t\t\t\t\t\t<\/a>\n\t\t\t\t\t\t\t\t\t\t\t<figcaption class=\"widget-image-caption wp-caption-text\">Descargar PDF aqu\u00ed<\/figcaption>\n\t\t\t\t\t\t\t\t\t\t<\/figure>\n\t\t\t\t\t\t\t\t\t<\/div>\n\t\t\t\t<\/div>\n\t\t\t\t<\/div>\n\t\t<div class=\"elementor-element elementor-element-15d54e0 e-con-full e-flex e-con e-child\" data-id=\"15d54e0\" data-element_type=\"container\">\n\t\t\t\t<div class=\"elementor-element elementor-element-e136cda elementor-widget elementor-widget-image\" data-id=\"e136cda\" data-element_type=\"widget\" data-widget_type=\"image.default\">\n\t\t\t\t<div class=\"elementor-widget-container\">\n\t\t\t\t\t\t\t\t\t\t\t\t<figure class=\"wp-caption\">\n\t\t\t\t\t\t\t\t\t\t\t<a href=\"https:\/\/prefecturadeesmeraldas.gob.ec\/wp-content\/uploads\/2025\/04\/POA-2024-2.pdf\">\n\t\t\t\t\t\t\t<img loading=\"lazy\" decoding=\"async\" width=\"1198\" height=\"1600\" src=\"https:\/\/prefecturadeesmeraldas.gob.ec\/wp-content\/uploads\/2025\/05\/WhatsApp-Image-2025-05-14-at-09.10.08.jpeg\" class=\"attachment-large size-large wp-image-29720\" alt=\"\" srcset=\"https:\/\/prefecturadeesmeraldas.gob.ec\/wp-content\/uploads\/2025\/05\/WhatsApp-Image-2025-05-14-at-09.10.08.jpeg 1198w, https:\/\/prefecturadeesmeraldas.gob.ec\/wp-content\/uploads\/2025\/05\/WhatsApp-Image-2025-05-14-at-09.10.08-225x300.jpeg 225w, https:\/\/prefecturadeesmeraldas.gob.ec\/wp-content\/uploads\/2025\/05\/WhatsApp-Image-2025-05-14-at-09.10.08-768x1026.jpeg 768w, https:\/\/prefecturadeesmeraldas.gob.ec\/wp-content\/uploads\/2025\/05\/WhatsApp-Image-2025-05-14-at-09.10.08-1150x1536.jpeg 1150w\" sizes=\"(max-width: 1198px) 100vw, 1198px\" \/>\t\t\t\t\t\t\t\t<\/a>\n\t\t\t\t\t\t\t\t\t\t\t<figcaption class=\"widget-image-caption wp-caption-text\">Descargar PDF aqu\u00ed<\/figcaption>\n\t\t\t\t\t\t\t\t\t\t<\/figure>\n\t\t\t\t\t\t\t\t\t<\/div>\n\t\t\t\t<\/div>\n\t\t\t\t<\/div>\n\t\t\t\t\t<\/div>\n\t\t\t\t<\/div>\n\t\t<div class=\"elementor-element elementor-element-778389a e-flex e-con-boxed e-con e-parent\" data-id=\"778389a\" data-element_type=\"container\">\n\t\t\t\t\t<div class=\"e-con-inner\">\n\t\t\t\t<div class=\"elementor-element elementor-element-147953b elementor-widget elementor-widget-heading\" data-id=\"147953b\" data-element_type=\"widget\" data-widget_type=\"heading.default\">\n\t\t\t\t<div class=\"elementor-widget-container\">\n\t\t\t\t\t<h2 class=\"elementor-heading-title elementor-size-default\">FORMULARIO DE APORTES CIUDADANOS RESPECTO A LA GESTI\u00d3N REALIZADA DURANTE EL A\u00d1O 2024<\/h2>\t\t\t\t<\/div>\n\t\t\t\t<\/div>\n\t\t\t\t\t<\/div>\n\t\t\t\t<\/div>\n\t\t<div class=\"elementor-element elementor-element-f284526 e-flex e-con-boxed e-con e-parent\" data-id=\"f284526\" data-element_type=\"container\">\n\t\t\t\t\t<div class=\"e-con-inner\">\n\t\t\t\t<div class=\"elementor-element elementor-element-dbb9104 elementor-widget elementor-widget-shortcode\" data-id=\"dbb9104\" data-element_type=\"widget\" data-widget_type=\"shortcode.default\">\n\t\t\t\t<div class=\"elementor-widget-container\">\n\t\t\t\t\t\t\t<div class=\"elementor-shortcode\"><form id=\"forminator-module-25195\" class=\"forminator-custom-form forminator-custom-form-25195\" method=\"post\" data-forminator-render=\"0\" data-uid=\"69e4f14d03681\"><div role=\"alert\" aria-live=\"polite\" class=\"forminator-response-message forminator-error\" aria-hidden=\"true\"><\/div><\/form><\/div>\n\t\t\t\t\t\t<\/div>\n\t\t\t\t<\/div>\n\t\t\t\t\t<\/div>\n\t\t\t\t<\/div>\n\t\t\t\t<\/div>\n\t\t","protected":false},"excerpt":{"rendered":"<p>Descargar PDF aqu\u00ed Descargar PDF aqu\u00ed Descargar PDF aqu\u00ed Descargar PDF aqu\u00ed FORMULARIO DE APORTES CIUDADANOS RESPECTO A LA GESTI\u00d3N REALIZADA DURANTE EL A\u00d1O 2024<\/p>\n","protected":false},"author":2,"featured_media":0,"parent":0,"menu_order":0,"comment_status":"closed","ping_status":"closed","template":"","meta":{"footnotes":""},"class_list":["post-29712","page","type-page","status-publish","hentry"],"yoast_head":"<!-- This site is optimized with the Yoast SEO plugin v25.7 - https:\/\/yoast.com\/wordpress\/plugins\/seo\/ -->\n<title>Rendici\u00f3n de Cuentas \u2013 Fase 1-2024 - Gobierno Aut\u00f3nomo Descentralizado de la Provincia de Esmeraldas<\/title>\n<meta name=\"robots\" content=\"index, follow, max-snippet:-1, max-image-preview:large, max-video-preview:-1\" \/>\n<link rel=\"canonical\" href=\"https:\/\/prefecturadeesmeraldas.gob.ec\/index.php\/rendicion-de-cuentas-fase-1-2024\/\" \/>\n<meta property=\"og:locale\" content=\"es_ES\" \/>\n<meta property=\"og:type\" content=\"article\" \/>\n<meta property=\"og:title\" content=\"Rendici\u00f3n de Cuentas \u2013 Fase 1-2024 - Gobierno Aut\u00f3nomo Descentralizado de la Provincia de Esmeraldas\" \/>\n<meta property=\"og:description\" content=\"Descargar PDF aqu\u00ed Descargar PDF aqu\u00ed Descargar PDF aqu\u00ed Descargar PDF aqu\u00ed FORMULARIO DE APORTES CIUDADANOS RESPECTO A LA GESTI\u00d3N REALIZADA DURANTE EL A\u00d1O 2024\" \/>\n<meta property=\"og:url\" content=\"https:\/\/prefecturadeesmeraldas.gob.ec\/index.php\/rendicion-de-cuentas-fase-1-2024\/\" \/>\n<meta property=\"og:site_name\" content=\"Gobierno Aut\u00f3nomo Descentralizado de la Provincia de Esmeraldas\" \/>\n<meta property=\"article:publisher\" content=\"https:\/\/www.facebook.com\/PrefecturaEsmeraldas\/\" \/>\n<meta property=\"article:modified_time\" content=\"2025-05-14T14:32:39+00:00\" \/>\n<meta property=\"og:image\" content=\"https:\/\/prefecturadeesmeraldas.gob.ec\/wp-content\/uploads\/2025\/05\/WhatsApp-Image-2025-05-14-at-09.09.35.jpeg\" \/>\n\t<meta property=\"og:image:width\" content=\"1198\" \/>\n\t<meta property=\"og:image:height\" content=\"1600\" \/>\n\t<meta property=\"og:image:type\" content=\"image\/jpeg\" \/>\n<meta name=\"twitter:card\" content=\"summary_large_image\" \/>\n<meta name=\"twitter:label1\" content=\"Tiempo de lectura\" \/>\n\t<meta name=\"twitter:data1\" content=\"1 minuto\" \/>\n<script type=\"application\/ld+json\" class=\"yoast-schema-graph\">{\"@context\":\"https:\/\/schema.org\",\"@graph\":[{\"@type\":\"WebPage\",\"@id\":\"https:\/\/prefecturadeesmeraldas.gob.ec\/index.php\/rendicion-de-cuentas-fase-1-2024\/\",\"url\":\"https:\/\/prefecturadeesmeraldas.gob.ec\/index.php\/rendicion-de-cuentas-fase-1-2024\/\",\"name\":\"Rendici\u00f3n de Cuentas \u2013 Fase 1-2024 - Gobierno Aut\u00f3nomo Descentralizado de la Provincia de Esmeraldas\",\"isPartOf\":{\"@id\":\"https:\/\/prefecturadeesmeraldas.gob.ec\/#website\"},\"primaryImageOfPage\":{\"@id\":\"https:\/\/prefecturadeesmeraldas.gob.ec\/index.php\/rendicion-de-cuentas-fase-1-2024\/#primaryimage\"},\"image\":{\"@id\":\"https:\/\/prefecturadeesmeraldas.gob.ec\/index.php\/rendicion-de-cuentas-fase-1-2024\/#primaryimage\"},\"thumbnailUrl\":\"https:\/\/prefecturadeesmeraldas.gob.ec\/wp-content\/uploads\/2025\/05\/WhatsApp-Image-2025-05-14-at-09.09.35.jpeg\",\"datePublished\":\"2025-05-14T14:05:42+00:00\",\"dateModified\":\"2025-05-14T14:32:39+00:00\",\"breadcrumb\":{\"@id\":\"https:\/\/prefecturadeesmeraldas.gob.ec\/index.php\/rendicion-de-cuentas-fase-1-2024\/#breadcrumb\"},\"inLanguage\":\"es\",\"potentialAction\":[{\"@type\":\"ReadAction\",\"target\":[\"https:\/\/prefecturadeesmeraldas.gob.ec\/index.php\/rendicion-de-cuentas-fase-1-2024\/\"]}]},{\"@type\":\"ImageObject\",\"inLanguage\":\"es\",\"@id\":\"https:\/\/prefecturadeesmeraldas.gob.ec\/index.php\/rendicion-de-cuentas-fase-1-2024\/#primaryimage\",\"url\":\"https:\/\/prefecturadeesmeraldas.gob.ec\/wp-content\/uploads\/2025\/05\/WhatsApp-Image-2025-05-14-at-09.09.35.jpeg\",\"contentUrl\":\"https:\/\/prefecturadeesmeraldas.gob.ec\/wp-content\/uploads\/2025\/05\/WhatsApp-Image-2025-05-14-at-09.09.35.jpeg\",\"width\":1198,\"height\":1600},{\"@type\":\"BreadcrumbList\",\"@id\":\"https:\/\/prefecturadeesmeraldas.gob.ec\/index.php\/rendicion-de-cuentas-fase-1-2024\/#breadcrumb\",\"itemListElement\":[{\"@type\":\"ListItem\",\"position\":1,\"name\":\"Home\",\"item\":\"https:\/\/prefecturadeesmeraldas.gob.ec\/\"},{\"@type\":\"ListItem\",\"position\":2,\"name\":\"Rendici\u00f3n de Cuentas \u2013 Fase 1-2024\"}]},{\"@type\":\"WebSite\",\"@id\":\"https:\/\/prefecturadeesmeraldas.gob.ec\/#website\",\"url\":\"https:\/\/prefecturadeesmeraldas.gob.ec\/\",\"name\":\"Gobierno Aut\u00f3nomo Descentralizado de la Provincia de Esmeraldas\",\"description\":\"Gobierno Aut\u00f3nomo Descentralizado de la Provincia de Esmeraldas\",\"publisher\":{\"@id\":\"https:\/\/prefecturadeesmeraldas.gob.ec\/#organization\"},\"potentialAction\":[{\"@type\":\"SearchAction\",\"target\":{\"@type\":\"EntryPoint\",\"urlTemplate\":\"https:\/\/prefecturadeesmeraldas.gob.ec\/?s={search_term_string}\"},\"query-input\":{\"@type\":\"PropertyValueSpecification\",\"valueRequired\":true,\"valueName\":\"search_term_string\"}}],\"inLanguage\":\"es\"},{\"@type\":\"Organization\",\"@id\":\"https:\/\/prefecturadeesmeraldas.gob.ec\/#organization\",\"name\":\"Gobierno Aut\u00f3nomo Descentralizado de la Provincia de Esmeraldas\",\"url\":\"https:\/\/prefecturadeesmeraldas.gob.ec\/\",\"logo\":{\"@type\":\"ImageObject\",\"inLanguage\":\"es\",\"@id\":\"https:\/\/prefecturadeesmeraldas.gob.ec\/#\/schema\/logo\/image\/\",\"url\":\"https:\/\/prefecturadeesmeraldas.gob.ec\/wp-content\/uploads\/2019\/06\/logo.png\",\"contentUrl\":\"https:\/\/prefecturadeesmeraldas.gob.ec\/wp-content\/uploads\/2019\/06\/logo.png\",\"width\":859,\"height\":448,\"caption\":\"Gobierno Aut\u00f3nomo Descentralizado de la Provincia de Esmeraldas\"},\"image\":{\"@id\":\"https:\/\/prefecturadeesmeraldas.gob.ec\/#\/schema\/logo\/image\/\"},\"sameAs\":[\"https:\/\/www.facebook.com\/PrefecturaEsmeraldas\/\"]}]}<\/script>\n<!-- \/ Yoast SEO plugin. -->","yoast_head_json":{"title":"Rendici\u00f3n de Cuentas \u2013 Fase 1-2024 - Gobierno Aut\u00f3nomo Descentralizado de la Provincia de Esmeraldas","robots":{"index":"index","follow":"follow","max-snippet":"max-snippet:-1","max-image-preview":"max-image-preview:large","max-video-preview":"max-video-preview:-1"},"canonical":"https:\/\/prefecturadeesmeraldas.gob.ec\/index.php\/rendicion-de-cuentas-fase-1-2024\/","og_locale":"es_ES","og_type":"article","og_title":"Rendici\u00f3n de Cuentas \u2013 Fase 1-2024 - Gobierno Aut\u00f3nomo Descentralizado de la Provincia de Esmeraldas","og_description":"Descargar PDF aqu\u00ed Descargar PDF aqu\u00ed Descargar PDF aqu\u00ed Descargar PDF aqu\u00ed FORMULARIO DE APORTES CIUDADANOS RESPECTO A LA GESTI\u00d3N REALIZADA DURANTE EL A\u00d1O 2024","og_url":"https:\/\/prefecturadeesmeraldas.gob.ec\/index.php\/rendicion-de-cuentas-fase-1-2024\/","og_site_name":"Gobierno Aut\u00f3nomo Descentralizado de la Provincia de Esmeraldas","article_publisher":"https:\/\/www.facebook.com\/PrefecturaEsmeraldas\/","article_modified_time":"2025-05-14T14:32:39+00:00","og_image":[{"width":1198,"height":1600,"url":"https:\/\/prefecturadeesmeraldas.gob.ec\/wp-content\/uploads\/2025\/05\/WhatsApp-Image-2025-05-14-at-09.09.35.jpeg","type":"image\/jpeg"}],"twitter_card":"summary_large_image","twitter_misc":{"Tiempo de lectura":"1 minuto"},"schema":{"@context":"https:\/\/schema.org","@graph":[{"@type":"WebPage","@id":"https:\/\/prefecturadeesmeraldas.gob.ec\/index.php\/rendicion-de-cuentas-fase-1-2024\/","url":"https:\/\/prefecturadeesmeraldas.gob.ec\/index.php\/rendicion-de-cuentas-fase-1-2024\/","name":"Rendici\u00f3n de Cuentas \u2013 Fase 1-2024 - Gobierno Aut\u00f3nomo Descentralizado de la Provincia de Esmeraldas","isPartOf":{"@id":"https:\/\/prefecturadeesmeraldas.gob.ec\/#website"},"primaryImageOfPage":{"@id":"https:\/\/prefecturadeesmeraldas.gob.ec\/index.php\/rendicion-de-cuentas-fase-1-2024\/#primaryimage"},"image":{"@id":"https:\/\/prefecturadeesmeraldas.gob.ec\/index.php\/rendicion-de-cuentas-fase-1-2024\/#primaryimage"},"thumbnailUrl":"https:\/\/prefecturadeesmeraldas.gob.ec\/wp-content\/uploads\/2025\/05\/WhatsApp-Image-2025-05-14-at-09.09.35.jpeg","datePublished":"2025-05-14T14:05:42+00:00","dateModified":"2025-05-14T14:32:39+00:00","breadcrumb":{"@id":"https:\/\/prefecturadeesmeraldas.gob.ec\/index.php\/rendicion-de-cuentas-fase-1-2024\/#breadcrumb"},"inLanguage":"es","potentialAction":[{"@type":"ReadAction","target":["https:\/\/prefecturadeesmeraldas.gob.ec\/index.php\/rendicion-de-cuentas-fase-1-2024\/"]}]},{"@type":"ImageObject","inLanguage":"es","@id":"https:\/\/prefecturadeesmeraldas.gob.ec\/index.php\/rendicion-de-cuentas-fase-1-2024\/#primaryimage","url":"https:\/\/prefecturadeesmeraldas.gob.ec\/wp-content\/uploads\/2025\/05\/WhatsApp-Image-2025-05-14-at-09.09.35.jpeg","contentUrl":"https:\/\/prefecturadeesmeraldas.gob.ec\/wp-content\/uploads\/2025\/05\/WhatsApp-Image-2025-05-14-at-09.09.35.jpeg","width":1198,"height":1600},{"@type":"BreadcrumbList","@id":"https:\/\/prefecturadeesmeraldas.gob.ec\/index.php\/rendicion-de-cuentas-fase-1-2024\/#breadcrumb","itemListElement":[{"@type":"ListItem","position":1,"name":"Home","item":"https:\/\/prefecturadeesmeraldas.gob.ec\/"},{"@type":"ListItem","position":2,"name":"Rendici\u00f3n de Cuentas \u2013 Fase 1-2024"}]},{"@type":"WebSite","@id":"https:\/\/prefecturadeesmeraldas.gob.ec\/#website","url":"https:\/\/prefecturadeesmeraldas.gob.ec\/","name":"Gobierno Aut\u00f3nomo Descentralizado de la Provincia de Esmeraldas","description":"Gobierno Aut\u00f3nomo Descentralizado de la Provincia de Esmeraldas","publisher":{"@id":"https:\/\/prefecturadeesmeraldas.gob.ec\/#organization"},"potentialAction":[{"@type":"SearchAction","target":{"@type":"EntryPoint","urlTemplate":"https:\/\/prefecturadeesmeraldas.gob.ec\/?s={search_term_string}"},"query-input":{"@type":"PropertyValueSpecification","valueRequired":true,"valueName":"search_term_string"}}],"inLanguage":"es"},{"@type":"Organization","@id":"https:\/\/prefecturadeesmeraldas.gob.ec\/#organization","name":"Gobierno Aut\u00f3nomo Descentralizado de la Provincia de Esmeraldas","url":"https:\/\/prefecturadeesmeraldas.gob.ec\/","logo":{"@type":"ImageObject","inLanguage":"es","@id":"https:\/\/prefecturadeesmeraldas.gob.ec\/#\/schema\/logo\/image\/","url":"https:\/\/prefecturadeesmeraldas.gob.ec\/wp-content\/uploads\/2019\/06\/logo.png","contentUrl":"https:\/\/prefecturadeesmeraldas.gob.ec\/wp-content\/uploads\/2019\/06\/logo.png","width":859,"height":448,"caption":"Gobierno Aut\u00f3nomo Descentralizado de la Provincia de Esmeraldas"},"image":{"@id":"https:\/\/prefecturadeesmeraldas.gob.ec\/#\/schema\/logo\/image\/"},"sameAs":["https:\/\/www.facebook.com\/PrefecturaEsmeraldas\/"]}]}},"_links":{"self":[{"href":"https:\/\/prefecturadeesmeraldas.gob.ec\/index.php\/wp-json\/wp\/v2\/pages\/29712","targetHints":{"allow":["GET"]}}],"collection":[{"href":"https:\/\/prefecturadeesmeraldas.gob.ec\/index.php\/wp-json\/wp\/v2\/pages"}],"about":[{"href":"https:\/\/prefecturadeesmeraldas.gob.ec\/index.php\/wp-json\/wp\/v2\/types\/page"}],"author":[{"embeddable":true,"href":"https:\/\/prefecturadeesmeraldas.gob.ec\/index.php\/wp-json\/wp\/v2\/users\/2"}],"replies":[{"embeddable":true,"href":"https:\/\/prefecturadeesmeraldas.gob.ec\/index.php\/wp-json\/wp\/v2\/comments?post=29712"}],"version-history":[{"count":17,"href":"https:\/\/prefecturadeesmeraldas.gob.ec\/index.php\/wp-json\/wp\/v2\/pages\/29712\/revisions"}],"predecessor-version":[{"id":33365,"href":"https:\/\/prefecturadeesmeraldas.gob.ec\/index.php\/wp-json\/wp\/v2\/pages\/29712\/revisions\/33365"}],"wp:attachment":[{"href":"https:\/\/prefecturadeesmeraldas.gob.ec\/index.php\/wp-json\/wp\/v2\/media?parent=29712"}],"curies":[{"name":"wp","href":"https:\/\/api.w.org\/{rel}","templated":true}]}}