{"id":288,"date":"2019-07-10T14:57:22","date_gmt":"2019-07-10T19:57:22","guid":{"rendered":"http:\/\/prefecturadeesmeraldas.gob.ec\/?page_id=288"},"modified":"2022-09-04T23:22:34","modified_gmt":"2022-09-05T04:22:34","slug":"participacion-social-pios","status":"publish","type":"page","link":"https:\/\/prefecturadeesmeraldas.gob.ec\/index.php\/participacion-social-pios\/","title":{"rendered":"DASIP"},"content":{"rendered":"\t\t<div data-elementor-type=\"wp-post\" data-elementor-id=\"288\" class=\"elementor elementor-288\">\n\t\t\t\t<div class=\"elementor-element elementor-element-2f90ecc e-flex e-con-boxed e-con e-parent\" data-id=\"2f90ecc\" data-element_type=\"container\">\n\t\t\t\t\t<div class=\"e-con-inner\">\n\t\t<div class=\"elementor-element elementor-element-01e6d59 e-con-full e-flex e-con e-parent\" data-id=\"01e6d59\" data-element_type=\"container\">\n\t\t\t\t<div class=\"elementor-element elementor-element-9e92609 divider_yes elementor-widget elementor-widget-wgl-double-headings\" data-id=\"9e92609\" data-element_type=\"widget\" data-widget_type=\"wgl-double-headings.default\">\n\t\t\t\t<div class=\"elementor-widget-container\">\n\t\t\t\t\t<div class=\"wgl-double_heading aleft\">                <h3 class=\"dbl-title_wrapper\"><span class=\"dbl-title dbl-title_1\">Objetivo<\/span>                 <\/h3>        <\/div>\t\t\t\t<\/div>\n\t\t\t\t<\/div>\n\t\t\t\t<\/div>\n\t\t<div class=\"elementor-element elementor-element-a5ffc51 e-con-full e-flex e-con e-parent\" data-id=\"a5ffc51\" data-element_type=\"container\">\n\t\t\t\t<div class=\"elementor-element elementor-element-726f4f3 elementor-widget elementor-widget-text-editor\" data-id=\"726f4f3\" data-element_type=\"widget\" data-widget_type=\"text-editor.default\">\n\t\t\t\t<div class=\"elementor-widget-container\">\n\t\t\t\t\t\t\t\t\t<p>Promocionar, difundir y organizar la participaci\u00f3n ciudadana de una manera desconcentrada, adem\u00e1s el proceso de elecci\u00f3n de autoridades, coadyuvar para que la ciudadan\u00eda denuncie actos de corrupci\u00f3n y dem\u00e1s procesos de participaci\u00f3n y control ciudadano en la vida democr\u00e1tica.<\/p>\t\t\t\t\t\t\t\t<\/div>\n\t\t\t\t<\/div>\n\t\t\t\t<\/div>\n\t\t\t\t\t<\/div>\n\t\t\t\t<\/div>\n\t\t<div class=\"elementor-element elementor-element-3f8eb38 e-flex e-con-boxed e-con e-parent\" data-id=\"3f8eb38\" data-element_type=\"container\">\n\t\t\t\t\t<div class=\"e-con-inner\">\n\t\t\t\t<div class=\"elementor-element elementor-element-ecd13b2 elementor-widget elementor-widget-wgl-blog\" data-id=\"ecd13b2\" data-element_type=\"widget\" data-settings=\"{&quot;blog_columns&quot;:&quot;4&quot;}\" data-widget_type=\"wgl-blog.default\">\n\t\t\t\t<div class=\"elementor-widget-container\">\n\t\t\t\t\t            <section class=\"wgl_cpt_section\">\n                <div class=\"blog-posts\">\n                    <div class=\"wgl_module_title item_title\"><h3 class=\"thegov_module_title blog_title\">Noticias - DASIP<\/h3><div class=\"carousel_arrows\"><span class=\"left_slick_arrow\"><span><\/span><\/span><span class=\"right_slick_arrow\"><span><\/span><\/span><\/div><\/div><div class=\"container-grid row blog_carousel blog_carousel_title-arrow blog-style-standard\"><div class=\"wgl-carousel_wrapper\"><div id=thegov_carousel_69e4fb8b55117 class=\"wgl-carousel navigation_element pag_align_center\"><div class=\"wgl-carousel_slick\" data-slick='{\"slidesToShow\":3,\"slidesToScroll\":3,\"infinite\":false,\"variableWidth\":false,\"autoplay\":false,\"autoplaySpeed\":\"\",\"speed\":300,\"arrows\":true,\"dots\":false,\"adaptiveHeight\":true,\"responsive\":[{\"breakpoint\":0,\"settings\":{\"slidesToShow\":3,\"slidesToScroll\":3}},{\"breakpoint\":0,\"settings\":{\"slidesToShow\":2,\"slidesToScroll\":2}},{\"breakpoint\":0,\"settings\":{\"slidesToShow\":1,\"slidesToScroll\":1}}]}'><div class=\"wgl_col-4 item\">\r\n    <div class=\"blog-post  format-standard-image\">\r\n        <div class=\"blog-post_wrapper\">\r\n\r\n            <div class=\"blog-post_media\"><div class=\"blog-post_media_part\"><a href=\"https:\/\/prefecturadeesmeraldas.gob.ec\/index.php\/2026\/02\/06\/prefectura-fortalece-la-inclusion-social-y-la-participacion-ciudadana-a-traves-de-la-dasip\/\" class=\"blog-post_feature-link\"><img src='https:\/\/prefecturadeesmeraldas.gob.ec\/wp-content\/uploads\/2026\/02\/111.enc_-8-840x620.jpg' alt='111.enc' \/><\/a><\/div><\/div>            <div class=\"blog-post_content\">\r\n            <div class=\"blog-post_content-mid\"><h3 class=\"blog-post_title\"><a href=\"https:\/\/prefecturadeesmeraldas.gob.ec\/index.php\/2026\/02\/06\/prefectura-fortalece-la-inclusion-social-y-la-participacion-ciudadana-a-traves-de-la-dasip\/\">Prefectura fortalece la Inclusi\u00f3n Social y la Participaci\u00f3n Ciudadana a trav\u00e9s de la DASIP.<\/a><\/h3>                        <a href=\"https:\/\/prefecturadeesmeraldas.gob.ec\/index.php\/2026\/02\/06\/prefectura-fortalece-la-inclusion-social-y-la-participacion-ciudadana-a-traves-de-la-dasip\/\" class=\"button-read-more\">Leer m\u00e1s<\/a> \r\n                    <\/div>\r\n                <div class='blog-post_meta-desc'>  \r\n                                    <\/div>\r\n\r\n                            <\/div>\r\n        <\/div>\r\n    <\/div>\r\n    <\/div><div class=\"wgl_col-4 item\">\r\n    <div class=\"blog-post  format-standard-image\">\r\n        <div class=\"blog-post_wrapper\">\r\n\r\n            <div class=\"blog-post_media\"><div class=\"blog-post_media_part\"><a href=\"https:\/\/prefecturadeesmeraldas.gob.ec\/index.php\/2025\/11\/26\/prefectura-impulsa-encuentro-aliados-para-la-prevencion-de-la-violencia-hacia-las-mujeres-y-las-ninas-en-conmemoracion-del-25-de-noviembre\/\" class=\"blog-post_feature-link\"><img src='https:\/\/prefecturadeesmeraldas.gob.ec\/wp-content\/uploads\/2025\/11\/WhatsApp-Image-2025-11-26-at-10.31.33-840x620-840x620.jpeg' alt='WhatsApp Image 2025-11-26 at 10.31.33' \/><\/a><\/div><\/div>            <div class=\"blog-post_content\">\r\n            <div class=\"blog-post_content-mid\"><h3 class=\"blog-post_title\"><a href=\"https:\/\/prefecturadeesmeraldas.gob.ec\/index.php\/2025\/11\/26\/prefectura-impulsa-encuentro-aliados-para-la-prevencion-de-la-violencia-hacia-las-mujeres-y-las-ninas-en-conmemoracion-del-25-de-noviembre\/\">Prefectura impulsa encuentro \u201cALIADOS PARA LA PREVENCI\u00d3N DE LA VIOLENCIA HACIA LAS MUJERES Y LAS NI\u00d1AS\u201d en conmemoraci\u00f3n del 25 de noviembre.<\/a><\/h3>                        <a href=\"https:\/\/prefecturadeesmeraldas.gob.ec\/index.php\/2025\/11\/26\/prefectura-impulsa-encuentro-aliados-para-la-prevencion-de-la-violencia-hacia-las-mujeres-y-las-ninas-en-conmemoracion-del-25-de-noviembre\/\" class=\"button-read-more\">Leer m\u00e1s<\/a> \r\n                    <\/div>\r\n                <div class='blog-post_meta-desc'>  \r\n                                    <\/div>\r\n\r\n                            <\/div>\r\n        <\/div>\r\n    <\/div>\r\n    <\/div><div class=\"wgl_col-4 item\">\r\n    <div class=\"blog-post  format-standard-image\">\r\n        <div class=\"blog-post_wrapper\">\r\n\r\n            <div class=\"blog-post_media\"><div class=\"blog-post_media_part\"><a href=\"https:\/\/prefecturadeesmeraldas.gob.ec\/index.php\/2025\/10\/03\/prefectura-de-esmeraldas-conmemoro-el-dia-internacional-del-adulto-mayor\/\" class=\"blog-post_feature-link\"><img src='https:\/\/prefecturadeesmeraldas.gob.ec\/wp-content\/uploads\/2025\/10\/IMG_2118-1-840x620-840x620.jpg' alt='IMG_2118 (1)' \/><\/a><\/div><\/div>            <div class=\"blog-post_content\">\r\n            <div class=\"blog-post_content-mid\"><h3 class=\"blog-post_title\"><a href=\"https:\/\/prefecturadeesmeraldas.gob.ec\/index.php\/2025\/10\/03\/prefectura-de-esmeraldas-conmemoro-el-dia-internacional-del-adulto-mayor\/\">Prefectura de Esmeraldas conmemor\u00f3 el d\u00eda internacional del adulto mayor.<\/a><\/h3>                        <a href=\"https:\/\/prefecturadeesmeraldas.gob.ec\/index.php\/2025\/10\/03\/prefectura-de-esmeraldas-conmemoro-el-dia-internacional-del-adulto-mayor\/\" class=\"button-read-more\">Leer m\u00e1s<\/a> \r\n                    <\/div>\r\n                <div class='blog-post_meta-desc'>  \r\n                                    <\/div>\r\n\r\n                            <\/div>\r\n        <\/div>\r\n    <\/div>\r\n    <\/div><\/div><\/div><\/div><\/div>                <\/div>\n        <\/section>\t\t\t\t<\/div>\n\t\t\t\t<\/div>\n\t\t\t\t\t<\/div>\n\t\t\t\t<\/div>\n\t\t<div class=\"elementor-element elementor-element-44d7173 e-flex e-con-boxed e-con e-parent\" data-id=\"44d7173\" data-element_type=\"container\">\n\t\t\t\t\t<div class=\"e-con-inner\">\n\t\t<div class=\"elementor-element elementor-element-8f29e40 e-con-full e-flex e-con e-parent\" data-id=\"8f29e40\" data-element_type=\"container\">\n\t\t\t\t<div class=\"elementor-element elementor-element-f34bffa divider_yes elementor-widget elementor-widget-wgl-double-headings\" data-id=\"f34bffa\" data-element_type=\"widget\" data-widget_type=\"wgl-double-headings.default\">\n\t\t\t\t<div class=\"elementor-widget-container\">\n\t\t\t\t\t<div class=\"wgl-double_heading aleft\">                <h3 class=\"dbl-title_wrapper\"><span class=\"dbl-title dbl-title_1\">Funciones<\/span>                 <\/h3>        <\/div>\t\t\t\t<\/div>\n\t\t\t\t<\/div>\n\t\t\t\t<\/div>\n\t\t<div class=\"elementor-element elementor-element-815f829 e-con-full e-flex e-con e-parent\" data-id=\"815f829\" data-element_type=\"container\">\n\t\t\t\t<div class=\"elementor-element elementor-element-f9c6b5d elementor-widget elementor-widget-text-editor\" data-id=\"f9c6b5d\" data-element_type=\"widget\" data-widget_type=\"text-editor.default\">\n\t\t\t\t<div class=\"elementor-widget-container\">\n\t\t\t\t\t\t\t\t\t<ul><li>Capacitar y empoderar a la ciudadan\u00eda sobre temas de Movilidad Humana<\/li><li>Fortalecer el desarrollo del protocolo para la eliminaci\u00f3n de violencia intrafamiliar en hombres y mujeres<\/li><li>Fortalecer el tejido social de la provincia a trav\u00e9s de mecanismos e instancias de participaci\u00f3n<\/li><li>Aportar al fortalecimiento de la visi\u00f3n y la estrategia institucional en los temas inherentes a la Participaci\u00f3n Ciudadana<\/li><li>Dise\u00f1o e implementaci\u00f3n de planes, programas, proyectos para la promoci\u00f3n y construcci\u00f3n de la equidad e inclusi\u00f3n<\/li><li>Promover la participaci\u00f3n ciudadana, estimular procesos de deliberaci\u00f3n p\u00fablica y propiciar la formaci\u00f3n en ciudadan\u00eda, valores, transparencia y lucha contra la corrupci\u00f3n.<\/li><li>Establecer mecanismos de rendici\u00f3n de cuentas de las instituciones y entidades del sector p\u00fablico, y coadyuvar procesos de veedur\u00eda ciudadana y control<\/li><li>Coadyuvar a la protecci\u00f3n de las personas que denuncien actos de corrupci\u00f3n.<\/li><li>Solicitar a cualquier entidad o funcionario de las instituciones del Estado la informaci\u00f3n que considere necesaria para sus investigaciones o procesos.<\/li><\/ul>\t\t\t\t\t\t\t\t<\/div>\n\t\t\t\t<\/div>\n\t\t\t\t<\/div>\n\t\t\t\t\t<\/div>\n\t\t\t\t<\/div>\n\t\t\t\t<\/div>\n\t\t","protected":false},"excerpt":{"rendered":"<p>Objetivo Promocionar, difundir y organizar la participaci\u00f3n ciudadana de una manera desconcentrada, adem\u00e1s el proceso de elecci\u00f3n de autoridades, coadyuvar para que la ciudadan\u00eda denuncie actos de corrupci\u00f3n y dem\u00e1s procesos de participaci\u00f3n y control ciudadano en la vida democr\u00e1tica. Noticias &#8211; DASIP Prefectura de Esmeraldas conmemora el d\u00eda de la diversidad g\u00e9nero Leer m\u00e1s [&hellip;]<\/p>\n","protected":false},"author":2,"featured_media":0,"parent":0,"menu_order":0,"comment_status":"closed","ping_status":"closed","template":"","meta":{"footnotes":""},"class_list":["post-288","page","type-page","status-publish","hentry"],"yoast_head":"<!-- This site is optimized with the Yoast SEO plugin v25.7 - https:\/\/yoast.com\/wordpress\/plugins\/seo\/ -->\n<title>DASIP - Gobierno Aut\u00f3nomo Descentralizado de la Provincia de Esmeraldas<\/title>\n<meta name=\"robots\" content=\"index, follow, max-snippet:-1, max-image-preview:large, max-video-preview:-1\" \/>\n<link rel=\"canonical\" href=\"https:\/\/prefecturadeesmeraldas.gob.ec\/index.php\/participacion-social-pios\/\" \/>\n<meta property=\"og:locale\" content=\"es_ES\" \/>\n<meta property=\"og:type\" content=\"article\" \/>\n<meta property=\"og:title\" content=\"DASIP - Gobierno Aut\u00f3nomo Descentralizado de la Provincia de Esmeraldas\" \/>\n<meta property=\"og:description\" content=\"Objetivo Promocionar, difundir y organizar la participaci\u00f3n ciudadana de una manera desconcentrada, adem\u00e1s el proceso de elecci\u00f3n de autoridades, coadyuvar para que la ciudadan\u00eda denuncie actos de corrupci\u00f3n y dem\u00e1s procesos de participaci\u00f3n y control ciudadano en la vida democr\u00e1tica. Noticias &#8211; DASIP Prefectura de Esmeraldas conmemora el d\u00eda de la diversidad g\u00e9nero Leer m\u00e1s [&hellip;]\" \/>\n<meta property=\"og:url\" content=\"https:\/\/prefecturadeesmeraldas.gob.ec\/index.php\/participacion-social-pios\/\" \/>\n<meta property=\"og:site_name\" content=\"Gobierno Aut\u00f3nomo Descentralizado de la Provincia de Esmeraldas\" \/>\n<meta property=\"article:publisher\" content=\"https:\/\/www.facebook.com\/PrefecturaEsmeraldas\/\" \/>\n<meta property=\"article:modified_time\" content=\"2022-09-05T04:22:34+00:00\" \/>\n<meta property=\"og:image\" content=\"https:\/\/prefecturadeesmeraldas.gob.ec\/wp-content\/uploads\/2022\/07\/Imagen9-840x620.jpg\" \/>\n<meta name=\"twitter:card\" content=\"summary_large_image\" \/>\n<meta name=\"twitter:label1\" content=\"Tiempo de lectura\" \/>\n\t<meta name=\"twitter:data1\" content=\"2 minutos\" \/>\n<script type=\"application\/ld+json\" class=\"yoast-schema-graph\">{\"@context\":\"https:\/\/schema.org\",\"@graph\":[{\"@type\":\"WebPage\",\"@id\":\"https:\/\/prefecturadeesmeraldas.gob.ec\/index.php\/participacion-social-pios\/\",\"url\":\"https:\/\/prefecturadeesmeraldas.gob.ec\/index.php\/participacion-social-pios\/\",\"name\":\"DASIP - Gobierno Aut\u00f3nomo Descentralizado de la Provincia de Esmeraldas\",\"isPartOf\":{\"@id\":\"https:\/\/prefecturadeesmeraldas.gob.ec\/#website\"},\"primaryImageOfPage\":{\"@id\":\"https:\/\/prefecturadeesmeraldas.gob.ec\/index.php\/participacion-social-pios\/#primaryimage\"},\"image\":{\"@id\":\"https:\/\/prefecturadeesmeraldas.gob.ec\/index.php\/participacion-social-pios\/#primaryimage\"},\"thumbnailUrl\":\"https:\/\/prefecturadeesmeraldas.gob.ec\/wp-content\/uploads\/2022\/07\/Imagen9-840x620.jpg\",\"datePublished\":\"2019-07-10T19:57:22+00:00\",\"dateModified\":\"2022-09-05T04:22:34+00:00\",\"breadcrumb\":{\"@id\":\"https:\/\/prefecturadeesmeraldas.gob.ec\/index.php\/participacion-social-pios\/#breadcrumb\"},\"inLanguage\":\"es\",\"potentialAction\":[{\"@type\":\"ReadAction\",\"target\":[\"https:\/\/prefecturadeesmeraldas.gob.ec\/index.php\/participacion-social-pios\/\"]}]},{\"@type\":\"ImageObject\",\"inLanguage\":\"es\",\"@id\":\"https:\/\/prefecturadeesmeraldas.gob.ec\/index.php\/participacion-social-pios\/#primaryimage\",\"url\":\"https:\/\/prefecturadeesmeraldas.gob.ec\/wp-content\/uploads\/2022\/07\/Imagen9.jpg\",\"contentUrl\":\"https:\/\/prefecturadeesmeraldas.gob.ec\/wp-content\/uploads\/2022\/07\/Imagen9.jpg\",\"width\":478,\"height\":380},{\"@type\":\"BreadcrumbList\",\"@id\":\"https:\/\/prefecturadeesmeraldas.gob.ec\/index.php\/participacion-social-pios\/#breadcrumb\",\"itemListElement\":[{\"@type\":\"ListItem\",\"position\":1,\"name\":\"Home\",\"item\":\"https:\/\/prefecturadeesmeraldas.gob.ec\/\"},{\"@type\":\"ListItem\",\"position\":2,\"name\":\"DASIP\"}]},{\"@type\":\"WebSite\",\"@id\":\"https:\/\/prefecturadeesmeraldas.gob.ec\/#website\",\"url\":\"https:\/\/prefecturadeesmeraldas.gob.ec\/\",\"name\":\"Gobierno Aut\u00f3nomo Descentralizado de la Provincia de Esmeraldas\",\"description\":\"Gobierno Aut\u00f3nomo Descentralizado de la Provincia de Esmeraldas\",\"publisher\":{\"@id\":\"https:\/\/prefecturadeesmeraldas.gob.ec\/#organization\"},\"potentialAction\":[{\"@type\":\"SearchAction\",\"target\":{\"@type\":\"EntryPoint\",\"urlTemplate\":\"https:\/\/prefecturadeesmeraldas.gob.ec\/?s={search_term_string}\"},\"query-input\":{\"@type\":\"PropertyValueSpecification\",\"valueRequired\":true,\"valueName\":\"search_term_string\"}}],\"inLanguage\":\"es\"},{\"@type\":\"Organization\",\"@id\":\"https:\/\/prefecturadeesmeraldas.gob.ec\/#organization\",\"name\":\"Gobierno Aut\u00f3nomo Descentralizado de la Provincia de Esmeraldas\",\"url\":\"https:\/\/prefecturadeesmeraldas.gob.ec\/\",\"logo\":{\"@type\":\"ImageObject\",\"inLanguage\":\"es\",\"@id\":\"https:\/\/prefecturadeesmeraldas.gob.ec\/#\/schema\/logo\/image\/\",\"url\":\"https:\/\/prefecturadeesmeraldas.gob.ec\/wp-content\/uploads\/2019\/06\/logo.png\",\"contentUrl\":\"https:\/\/prefecturadeesmeraldas.gob.ec\/wp-content\/uploads\/2019\/06\/logo.png\",\"width\":859,\"height\":448,\"caption\":\"Gobierno Aut\u00f3nomo Descentralizado de la Provincia de Esmeraldas\"},\"image\":{\"@id\":\"https:\/\/prefecturadeesmeraldas.gob.ec\/#\/schema\/logo\/image\/\"},\"sameAs\":[\"https:\/\/www.facebook.com\/PrefecturaEsmeraldas\/\"]}]}<\/script>\n<!-- \/ Yoast SEO plugin. -->","yoast_head_json":{"title":"DASIP - Gobierno Aut\u00f3nomo Descentralizado de la Provincia de Esmeraldas","robots":{"index":"index","follow":"follow","max-snippet":"max-snippet:-1","max-image-preview":"max-image-preview:large","max-video-preview":"max-video-preview:-1"},"canonical":"https:\/\/prefecturadeesmeraldas.gob.ec\/index.php\/participacion-social-pios\/","og_locale":"es_ES","og_type":"article","og_title":"DASIP - Gobierno Aut\u00f3nomo Descentralizado de la Provincia de Esmeraldas","og_description":"Objetivo Promocionar, difundir y organizar la participaci\u00f3n ciudadana de una manera desconcentrada, adem\u00e1s el proceso de elecci\u00f3n de autoridades, coadyuvar para que la ciudadan\u00eda denuncie actos de corrupci\u00f3n y dem\u00e1s procesos de participaci\u00f3n y control ciudadano en la vida democr\u00e1tica. Noticias &#8211; DASIP Prefectura de Esmeraldas conmemora el d\u00eda de la diversidad g\u00e9nero Leer m\u00e1s [&hellip;]","og_url":"https:\/\/prefecturadeesmeraldas.gob.ec\/index.php\/participacion-social-pios\/","og_site_name":"Gobierno Aut\u00f3nomo Descentralizado de la Provincia de Esmeraldas","article_publisher":"https:\/\/www.facebook.com\/PrefecturaEsmeraldas\/","article_modified_time":"2022-09-05T04:22:34+00:00","og_image":[{"url":"https:\/\/prefecturadeesmeraldas.gob.ec\/wp-content\/uploads\/2022\/07\/Imagen9-840x620.jpg","type":"","width":"","height":""}],"twitter_card":"summary_large_image","twitter_misc":{"Tiempo de lectura":"2 minutos"},"schema":{"@context":"https:\/\/schema.org","@graph":[{"@type":"WebPage","@id":"https:\/\/prefecturadeesmeraldas.gob.ec\/index.php\/participacion-social-pios\/","url":"https:\/\/prefecturadeesmeraldas.gob.ec\/index.php\/participacion-social-pios\/","name":"DASIP - Gobierno Aut\u00f3nomo Descentralizado de la Provincia de Esmeraldas","isPartOf":{"@id":"https:\/\/prefecturadeesmeraldas.gob.ec\/#website"},"primaryImageOfPage":{"@id":"https:\/\/prefecturadeesmeraldas.gob.ec\/index.php\/participacion-social-pios\/#primaryimage"},"image":{"@id":"https:\/\/prefecturadeesmeraldas.gob.ec\/index.php\/participacion-social-pios\/#primaryimage"},"thumbnailUrl":"https:\/\/prefecturadeesmeraldas.gob.ec\/wp-content\/uploads\/2022\/07\/Imagen9-840x620.jpg","datePublished":"2019-07-10T19:57:22+00:00","dateModified":"2022-09-05T04:22:34+00:00","breadcrumb":{"@id":"https:\/\/prefecturadeesmeraldas.gob.ec\/index.php\/participacion-social-pios\/#breadcrumb"},"inLanguage":"es","potentialAction":[{"@type":"ReadAction","target":["https:\/\/prefecturadeesmeraldas.gob.ec\/index.php\/participacion-social-pios\/"]}]},{"@type":"ImageObject","inLanguage":"es","@id":"https:\/\/prefecturadeesmeraldas.gob.ec\/index.php\/participacion-social-pios\/#primaryimage","url":"https:\/\/prefecturadeesmeraldas.gob.ec\/wp-content\/uploads\/2022\/07\/Imagen9.jpg","contentUrl":"https:\/\/prefecturadeesmeraldas.gob.ec\/wp-content\/uploads\/2022\/07\/Imagen9.jpg","width":478,"height":380},{"@type":"BreadcrumbList","@id":"https:\/\/prefecturadeesmeraldas.gob.ec\/index.php\/participacion-social-pios\/#breadcrumb","itemListElement":[{"@type":"ListItem","position":1,"name":"Home","item":"https:\/\/prefecturadeesmeraldas.gob.ec\/"},{"@type":"ListItem","position":2,"name":"DASIP"}]},{"@type":"WebSite","@id":"https:\/\/prefecturadeesmeraldas.gob.ec\/#website","url":"https:\/\/prefecturadeesmeraldas.gob.ec\/","name":"Gobierno Aut\u00f3nomo Descentralizado de la Provincia de Esmeraldas","description":"Gobierno Aut\u00f3nomo Descentralizado de la Provincia de Esmeraldas","publisher":{"@id":"https:\/\/prefecturadeesmeraldas.gob.ec\/#organization"},"potentialAction":[{"@type":"SearchAction","target":{"@type":"EntryPoint","urlTemplate":"https:\/\/prefecturadeesmeraldas.gob.ec\/?s={search_term_string}"},"query-input":{"@type":"PropertyValueSpecification","valueRequired":true,"valueName":"search_term_string"}}],"inLanguage":"es"},{"@type":"Organization","@id":"https:\/\/prefecturadeesmeraldas.gob.ec\/#organization","name":"Gobierno Aut\u00f3nomo Descentralizado de la Provincia de Esmeraldas","url":"https:\/\/prefecturadeesmeraldas.gob.ec\/","logo":{"@type":"ImageObject","inLanguage":"es","@id":"https:\/\/prefecturadeesmeraldas.gob.ec\/#\/schema\/logo\/image\/","url":"https:\/\/prefecturadeesmeraldas.gob.ec\/wp-content\/uploads\/2019\/06\/logo.png","contentUrl":"https:\/\/prefecturadeesmeraldas.gob.ec\/wp-content\/uploads\/2019\/06\/logo.png","width":859,"height":448,"caption":"Gobierno Aut\u00f3nomo Descentralizado de la Provincia de Esmeraldas"},"image":{"@id":"https:\/\/prefecturadeesmeraldas.gob.ec\/#\/schema\/logo\/image\/"},"sameAs":["https:\/\/www.facebook.com\/PrefecturaEsmeraldas\/"]}]}},"_links":{"self":[{"href":"https:\/\/prefecturadeesmeraldas.gob.ec\/index.php\/wp-json\/wp\/v2\/pages\/288","targetHints":{"allow":["GET"]}}],"collection":[{"href":"https:\/\/prefecturadeesmeraldas.gob.ec\/index.php\/wp-json\/wp\/v2\/pages"}],"about":[{"href":"https:\/\/prefecturadeesmeraldas.gob.ec\/index.php\/wp-json\/wp\/v2\/types\/page"}],"author":[{"embeddable":true,"href":"https:\/\/prefecturadeesmeraldas.gob.ec\/index.php\/wp-json\/wp\/v2\/users\/2"}],"replies":[{"embeddable":true,"href":"https:\/\/prefecturadeesmeraldas.gob.ec\/index.php\/wp-json\/wp\/v2\/comments?post=288"}],"version-history":[{"count":0,"href":"https:\/\/prefecturadeesmeraldas.gob.ec\/index.php\/wp-json\/wp\/v2\/pages\/288\/revisions"}],"wp:attachment":[{"href":"https:\/\/prefecturadeesmeraldas.gob.ec\/index.php\/wp-json\/wp\/v2\/media?parent=288"}],"curies":[{"name":"wp","href":"https:\/\/api.w.org\/{rel}","templated":true}]}}