{"id":25821,"date":"2024-05-17T09:38:00","date_gmt":"2024-05-17T14:38:00","guid":{"rendered":"https:\/\/prefecturadeesmeraldas.gob.ec\/?page_id=25821"},"modified":"2024-05-17T09:38:44","modified_gmt":"2024-05-17T14:38:44","slug":"prefectura-y-el-consulado-de-colombia-organizan-evento-binacional-arropamiento-mas-alla-de-las-fronteras","status":"publish","type":"page","link":"https:\/\/prefecturadeesmeraldas.gob.ec\/index.php\/prefectura-y-el-consulado-de-colombia-organizan-evento-binacional-arropamiento-mas-alla-de-las-fronteras\/","title":{"rendered":"Prefectura y el Consulado de Colombia organizan evento binacional \u201cArropamiento, M\u00e1s All\u00e1 de las Fronteras.\u201d"},"content":{"rendered":"\t\t<div data-elementor-type=\"wp-page\" data-elementor-id=\"25821\" class=\"elementor elementor-25821\">\n\t\t\t\t<div class=\"elementor-element elementor-element-36a5af8 e-flex e-con-boxed e-con e-parent\" data-id=\"36a5af8\" data-element_type=\"container\">\n\t\t\t\t\t<div class=\"e-con-inner\">\n\t\t\t\t<div class=\"elementor-element elementor-element-67fdd80 elementor-widget elementor-widget-image\" data-id=\"67fdd80\" data-element_type=\"widget\" data-widget_type=\"image.default\">\n\t\t\t\t<div class=\"elementor-widget-container\">\n\t\t\t\t\t\t\t\t\t\t\t\t\t\t\t<img fetchpriority=\"high\" decoding=\"async\" width=\"907\" height=\"517\" src=\"https:\/\/prefecturadeesmeraldas.gob.ec\/wp-content\/uploads\/2024\/05\/111-6.jpg\" class=\"attachment-large size-large wp-image-25822\" alt=\"\" srcset=\"https:\/\/prefecturadeesmeraldas.gob.ec\/wp-content\/uploads\/2024\/05\/111-6.jpg 907w, https:\/\/prefecturadeesmeraldas.gob.ec\/wp-content\/uploads\/2024\/05\/111-6-300x171.jpg 300w, https:\/\/prefecturadeesmeraldas.gob.ec\/wp-content\/uploads\/2024\/05\/111-6-768x438.jpg 768w\" sizes=\"(max-width: 907px) 100vw, 907px\" \/>\t\t\t\t\t\t\t\t\t\t\t\t\t\t\t<\/div>\n\t\t\t\t<\/div>\n\t\t\t\t\t<\/div>\n\t\t\t\t<\/div>\n\t\t<div class=\"elementor-element elementor-element-6df8e53 e-flex e-con-boxed e-con e-parent\" data-id=\"6df8e53\" data-element_type=\"container\">\n\t\t\t\t\t<div class=\"e-con-inner\">\n\t\t\t\t<div class=\"elementor-element elementor-element-2adca66 elementor-widget elementor-widget-text-editor\" data-id=\"2adca66\" data-element_type=\"widget\" data-widget_type=\"text-editor.default\">\n\t\t\t\t<div class=\"elementor-widget-container\">\n\t\t\t\t\t\t\t\t\t<p>En una visita protocolaria realizada a la prefecta Roberta Zambrano por el C\u00f3nsul de Colombia, Fabi\u00e1n Velandia Navarro, se coordin\u00f3 el apoyo para la realizaci\u00f3n de un evento binacional entre los gobiernos de Colombia y Ecuador, denominado \u201cArropamiento, m\u00e1s all\u00e1 de las fronteras\u201d. Este evento tiene como objetivo enviar un mensaje de paz y de no repetici\u00f3n de la violencia armada, con la participaci\u00f3n de todos los esmeralde\u00f1os y los colombianos residentes en Esmeraldas.<\/p><p>La actividad se llevar\u00e1 a cabo este viernes 17 de mayo a las 10 de la ma\u00f1ana en el Sal\u00f3n C\u00edvico T\u00e1cito Ortiz Urriola. El Consulado de Colombia, la Prefectura de Esmeraldas, en coordinaci\u00f3n con la Gobernaci\u00f3n de Esmeraldas, ha organizado una feria binacional gastron\u00f3mica y de emprendimiento en los bajos de la Prefectura, ubicada en las calles 10 de agosto.<\/p><p>En este d\u00eda, se conmemora el D\u00eda Nacional de la Solidaridad y la Memoria de las V\u00edctimas del Conflicto Armado en Colombia, marcando el final de un proceso colectivo en el que participaron m\u00e1s de 30 actores civiles, gubernamentales y no gubernamentales de Esmeraldas. La prefecta Roberta Zambrano destac\u00f3 que este evento es una oportunidad para enviar un mensaje binacional de paz y justicia, subrayando la importancia de la cooperaci\u00f3n y la solidaridad entre ambos pa\u00edses.<\/p><p>Invitamos a todos los ciudadanos de Esmeraldas y a la comunidad colombiana residente en la provincia a participar en esta significativa jornada que busca fortalecer los lazos de hermandad y promover un futuro de paz para nuestras naciones. <\/p>\t\t\t\t\t\t\t\t<\/div>\n\t\t\t\t<\/div>\n\t\t\t\t\t<\/div>\n\t\t\t\t<\/div>\n\t\t\t\t<\/div>\n\t\t","protected":false},"excerpt":{"rendered":"<p>En una visita protocolaria realizada a la prefecta Roberta Zambrano por el C\u00f3nsul de Colombia, Fabi\u00e1n Velandia Navarro, se coordin\u00f3 el apoyo para la realizaci\u00f3n de un evento binacional entre los gobiernos de Colombia y Ecuador, denominado \u201cArropamiento, m\u00e1s all\u00e1 de las fronteras\u201d. Este evento tiene como objetivo enviar un mensaje de paz y de [&hellip;]<\/p>\n","protected":false},"author":2,"featured_media":0,"parent":0,"menu_order":0,"comment_status":"closed","ping_status":"closed","template":"","meta":{"footnotes":""},"class_list":["post-25821","page","type-page","status-publish","hentry"],"yoast_head":"<!-- This site is optimized with the Yoast SEO plugin v25.7 - https:\/\/yoast.com\/wordpress\/plugins\/seo\/ -->\n<title>Prefectura y el Consulado de Colombia organizan evento binacional \u201cArropamiento, M\u00e1s All\u00e1 de las Fronteras.\u201d - Gobierno Aut\u00f3nomo Descentralizado de la Provincia de Esmeraldas<\/title>\n<meta name=\"robots\" content=\"index, follow, max-snippet:-1, max-image-preview:large, max-video-preview:-1\" \/>\n<link rel=\"canonical\" href=\"https:\/\/prefecturadeesmeraldas.gob.ec\/index.php\/prefectura-y-el-consulado-de-colombia-organizan-evento-binacional-arropamiento-mas-alla-de-las-fronteras\/\" \/>\n<meta property=\"og:locale\" content=\"es_ES\" \/>\n<meta property=\"og:type\" content=\"article\" \/>\n<meta property=\"og:title\" content=\"Prefectura y el Consulado de Colombia organizan evento binacional \u201cArropamiento, M\u00e1s All\u00e1 de las Fronteras.\u201d - Gobierno Aut\u00f3nomo Descentralizado de la Provincia de Esmeraldas\" \/>\n<meta property=\"og:description\" content=\"En una visita protocolaria realizada a la prefecta Roberta Zambrano por el C\u00f3nsul de Colombia, Fabi\u00e1n Velandia Navarro, se coordin\u00f3 el apoyo para la realizaci\u00f3n de un evento binacional entre los gobiernos de Colombia y Ecuador, denominado \u201cArropamiento, m\u00e1s all\u00e1 de las fronteras\u201d. Este evento tiene como objetivo enviar un mensaje de paz y de [&hellip;]\" \/>\n<meta property=\"og:url\" content=\"https:\/\/prefecturadeesmeraldas.gob.ec\/index.php\/prefectura-y-el-consulado-de-colombia-organizan-evento-binacional-arropamiento-mas-alla-de-las-fronteras\/\" \/>\n<meta property=\"og:site_name\" content=\"Gobierno Aut\u00f3nomo Descentralizado de la Provincia de Esmeraldas\" \/>\n<meta property=\"article:publisher\" content=\"https:\/\/www.facebook.com\/PrefecturaEsmeraldas\/\" \/>\n<meta property=\"article:modified_time\" content=\"2024-05-17T14:38:44+00:00\" \/>\n<meta property=\"og:image\" content=\"https:\/\/prefecturadeesmeraldas.gob.ec\/wp-content\/uploads\/2024\/05\/111-6.jpg\" \/>\n<meta name=\"twitter:card\" content=\"summary_large_image\" \/>\n<meta name=\"twitter:label1\" content=\"Tiempo de lectura\" \/>\n\t<meta name=\"twitter:data1\" content=\"2 minutos\" \/>\n<script type=\"application\/ld+json\" class=\"yoast-schema-graph\">{\"@context\":\"https:\/\/schema.org\",\"@graph\":[{\"@type\":\"WebPage\",\"@id\":\"https:\/\/prefecturadeesmeraldas.gob.ec\/index.php\/prefectura-y-el-consulado-de-colombia-organizan-evento-binacional-arropamiento-mas-alla-de-las-fronteras\/\",\"url\":\"https:\/\/prefecturadeesmeraldas.gob.ec\/index.php\/prefectura-y-el-consulado-de-colombia-organizan-evento-binacional-arropamiento-mas-alla-de-las-fronteras\/\",\"name\":\"Prefectura y el Consulado de Colombia organizan evento binacional \u201cArropamiento, M\u00e1s All\u00e1 de las Fronteras.\u201d - Gobierno Aut\u00f3nomo Descentralizado de la Provincia de Esmeraldas\",\"isPartOf\":{\"@id\":\"https:\/\/prefecturadeesmeraldas.gob.ec\/#website\"},\"primaryImageOfPage\":{\"@id\":\"https:\/\/prefecturadeesmeraldas.gob.ec\/index.php\/prefectura-y-el-consulado-de-colombia-organizan-evento-binacional-arropamiento-mas-alla-de-las-fronteras\/#primaryimage\"},\"image\":{\"@id\":\"https:\/\/prefecturadeesmeraldas.gob.ec\/index.php\/prefectura-y-el-consulado-de-colombia-organizan-evento-binacional-arropamiento-mas-alla-de-las-fronteras\/#primaryimage\"},\"thumbnailUrl\":\"https:\/\/prefecturadeesmeraldas.gob.ec\/wp-content\/uploads\/2024\/05\/111-6.jpg\",\"datePublished\":\"2024-05-17T14:38:00+00:00\",\"dateModified\":\"2024-05-17T14:38:44+00:00\",\"breadcrumb\":{\"@id\":\"https:\/\/prefecturadeesmeraldas.gob.ec\/index.php\/prefectura-y-el-consulado-de-colombia-organizan-evento-binacional-arropamiento-mas-alla-de-las-fronteras\/#breadcrumb\"},\"inLanguage\":\"es\",\"potentialAction\":[{\"@type\":\"ReadAction\",\"target\":[\"https:\/\/prefecturadeesmeraldas.gob.ec\/index.php\/prefectura-y-el-consulado-de-colombia-organizan-evento-binacional-arropamiento-mas-alla-de-las-fronteras\/\"]}]},{\"@type\":\"ImageObject\",\"inLanguage\":\"es\",\"@id\":\"https:\/\/prefecturadeesmeraldas.gob.ec\/index.php\/prefectura-y-el-consulado-de-colombia-organizan-evento-binacional-arropamiento-mas-alla-de-las-fronteras\/#primaryimage\",\"url\":\"https:\/\/prefecturadeesmeraldas.gob.ec\/wp-content\/uploads\/2024\/05\/111-6.jpg\",\"contentUrl\":\"https:\/\/prefecturadeesmeraldas.gob.ec\/wp-content\/uploads\/2024\/05\/111-6.jpg\",\"width\":907,\"height\":517},{\"@type\":\"BreadcrumbList\",\"@id\":\"https:\/\/prefecturadeesmeraldas.gob.ec\/index.php\/prefectura-y-el-consulado-de-colombia-organizan-evento-binacional-arropamiento-mas-alla-de-las-fronteras\/#breadcrumb\",\"itemListElement\":[{\"@type\":\"ListItem\",\"position\":1,\"name\":\"Home\",\"item\":\"https:\/\/prefecturadeesmeraldas.gob.ec\/\"},{\"@type\":\"ListItem\",\"position\":2,\"name\":\"Prefectura y el Consulado de Colombia organizan evento binacional \u201cArropamiento, M\u00e1s All\u00e1 de las Fronteras.\u201d\"}]},{\"@type\":\"WebSite\",\"@id\":\"https:\/\/prefecturadeesmeraldas.gob.ec\/#website\",\"url\":\"https:\/\/prefecturadeesmeraldas.gob.ec\/\",\"name\":\"Gobierno Aut\u00f3nomo Descentralizado de la Provincia de Esmeraldas\",\"description\":\"Gobierno Aut\u00f3nomo Descentralizado de la Provincia de Esmeraldas\",\"publisher\":{\"@id\":\"https:\/\/prefecturadeesmeraldas.gob.ec\/#organization\"},\"potentialAction\":[{\"@type\":\"SearchAction\",\"target\":{\"@type\":\"EntryPoint\",\"urlTemplate\":\"https:\/\/prefecturadeesmeraldas.gob.ec\/?s={search_term_string}\"},\"query-input\":{\"@type\":\"PropertyValueSpecification\",\"valueRequired\":true,\"valueName\":\"search_term_string\"}}],\"inLanguage\":\"es\"},{\"@type\":\"Organization\",\"@id\":\"https:\/\/prefecturadeesmeraldas.gob.ec\/#organization\",\"name\":\"Gobierno Aut\u00f3nomo Descentralizado de la Provincia de Esmeraldas\",\"url\":\"https:\/\/prefecturadeesmeraldas.gob.ec\/\",\"logo\":{\"@type\":\"ImageObject\",\"inLanguage\":\"es\",\"@id\":\"https:\/\/prefecturadeesmeraldas.gob.ec\/#\/schema\/logo\/image\/\",\"url\":\"https:\/\/prefecturadeesmeraldas.gob.ec\/wp-content\/uploads\/2019\/06\/logo.png\",\"contentUrl\":\"https:\/\/prefecturadeesmeraldas.gob.ec\/wp-content\/uploads\/2019\/06\/logo.png\",\"width\":859,\"height\":448,\"caption\":\"Gobierno Aut\u00f3nomo Descentralizado de la Provincia de Esmeraldas\"},\"image\":{\"@id\":\"https:\/\/prefecturadeesmeraldas.gob.ec\/#\/schema\/logo\/image\/\"},\"sameAs\":[\"https:\/\/www.facebook.com\/PrefecturaEsmeraldas\/\"]}]}<\/script>\n<!-- \/ Yoast SEO plugin. -->","yoast_head_json":{"title":"Prefectura y el Consulado de Colombia organizan evento binacional \u201cArropamiento, M\u00e1s All\u00e1 de las Fronteras.\u201d - Gobierno Aut\u00f3nomo Descentralizado de la Provincia de Esmeraldas","robots":{"index":"index","follow":"follow","max-snippet":"max-snippet:-1","max-image-preview":"max-image-preview:large","max-video-preview":"max-video-preview:-1"},"canonical":"https:\/\/prefecturadeesmeraldas.gob.ec\/index.php\/prefectura-y-el-consulado-de-colombia-organizan-evento-binacional-arropamiento-mas-alla-de-las-fronteras\/","og_locale":"es_ES","og_type":"article","og_title":"Prefectura y el Consulado de Colombia organizan evento binacional \u201cArropamiento, M\u00e1s All\u00e1 de las Fronteras.\u201d - Gobierno Aut\u00f3nomo Descentralizado de la Provincia de Esmeraldas","og_description":"En una visita protocolaria realizada a la prefecta Roberta Zambrano por el C\u00f3nsul de Colombia, Fabi\u00e1n Velandia Navarro, se coordin\u00f3 el apoyo para la realizaci\u00f3n de un evento binacional entre los gobiernos de Colombia y Ecuador, denominado \u201cArropamiento, m\u00e1s all\u00e1 de las fronteras\u201d. Este evento tiene como objetivo enviar un mensaje de paz y de [&hellip;]","og_url":"https:\/\/prefecturadeesmeraldas.gob.ec\/index.php\/prefectura-y-el-consulado-de-colombia-organizan-evento-binacional-arropamiento-mas-alla-de-las-fronteras\/","og_site_name":"Gobierno Aut\u00f3nomo Descentralizado de la Provincia de Esmeraldas","article_publisher":"https:\/\/www.facebook.com\/PrefecturaEsmeraldas\/","article_modified_time":"2024-05-17T14:38:44+00:00","og_image":[{"url":"https:\/\/prefecturadeesmeraldas.gob.ec\/wp-content\/uploads\/2024\/05\/111-6.jpg","type":"","width":"","height":""}],"twitter_card":"summary_large_image","twitter_misc":{"Tiempo de lectura":"2 minutos"},"schema":{"@context":"https:\/\/schema.org","@graph":[{"@type":"WebPage","@id":"https:\/\/prefecturadeesmeraldas.gob.ec\/index.php\/prefectura-y-el-consulado-de-colombia-organizan-evento-binacional-arropamiento-mas-alla-de-las-fronteras\/","url":"https:\/\/prefecturadeesmeraldas.gob.ec\/index.php\/prefectura-y-el-consulado-de-colombia-organizan-evento-binacional-arropamiento-mas-alla-de-las-fronteras\/","name":"Prefectura y el Consulado de Colombia organizan evento binacional \u201cArropamiento, M\u00e1s All\u00e1 de las Fronteras.\u201d - Gobierno Aut\u00f3nomo Descentralizado de la Provincia de Esmeraldas","isPartOf":{"@id":"https:\/\/prefecturadeesmeraldas.gob.ec\/#website"},"primaryImageOfPage":{"@id":"https:\/\/prefecturadeesmeraldas.gob.ec\/index.php\/prefectura-y-el-consulado-de-colombia-organizan-evento-binacional-arropamiento-mas-alla-de-las-fronteras\/#primaryimage"},"image":{"@id":"https:\/\/prefecturadeesmeraldas.gob.ec\/index.php\/prefectura-y-el-consulado-de-colombia-organizan-evento-binacional-arropamiento-mas-alla-de-las-fronteras\/#primaryimage"},"thumbnailUrl":"https:\/\/prefecturadeesmeraldas.gob.ec\/wp-content\/uploads\/2024\/05\/111-6.jpg","datePublished":"2024-05-17T14:38:00+00:00","dateModified":"2024-05-17T14:38:44+00:00","breadcrumb":{"@id":"https:\/\/prefecturadeesmeraldas.gob.ec\/index.php\/prefectura-y-el-consulado-de-colombia-organizan-evento-binacional-arropamiento-mas-alla-de-las-fronteras\/#breadcrumb"},"inLanguage":"es","potentialAction":[{"@type":"ReadAction","target":["https:\/\/prefecturadeesmeraldas.gob.ec\/index.php\/prefectura-y-el-consulado-de-colombia-organizan-evento-binacional-arropamiento-mas-alla-de-las-fronteras\/"]}]},{"@type":"ImageObject","inLanguage":"es","@id":"https:\/\/prefecturadeesmeraldas.gob.ec\/index.php\/prefectura-y-el-consulado-de-colombia-organizan-evento-binacional-arropamiento-mas-alla-de-las-fronteras\/#primaryimage","url":"https:\/\/prefecturadeesmeraldas.gob.ec\/wp-content\/uploads\/2024\/05\/111-6.jpg","contentUrl":"https:\/\/prefecturadeesmeraldas.gob.ec\/wp-content\/uploads\/2024\/05\/111-6.jpg","width":907,"height":517},{"@type":"BreadcrumbList","@id":"https:\/\/prefecturadeesmeraldas.gob.ec\/index.php\/prefectura-y-el-consulado-de-colombia-organizan-evento-binacional-arropamiento-mas-alla-de-las-fronteras\/#breadcrumb","itemListElement":[{"@type":"ListItem","position":1,"name":"Home","item":"https:\/\/prefecturadeesmeraldas.gob.ec\/"},{"@type":"ListItem","position":2,"name":"Prefectura y el Consulado de Colombia organizan evento binacional \u201cArropamiento, M\u00e1s All\u00e1 de las Fronteras.\u201d"}]},{"@type":"WebSite","@id":"https:\/\/prefecturadeesmeraldas.gob.ec\/#website","url":"https:\/\/prefecturadeesmeraldas.gob.ec\/","name":"Gobierno Aut\u00f3nomo Descentralizado de la Provincia de Esmeraldas","description":"Gobierno Aut\u00f3nomo Descentralizado de la Provincia de Esmeraldas","publisher":{"@id":"https:\/\/prefecturadeesmeraldas.gob.ec\/#organization"},"potentialAction":[{"@type":"SearchAction","target":{"@type":"EntryPoint","urlTemplate":"https:\/\/prefecturadeesmeraldas.gob.ec\/?s={search_term_string}"},"query-input":{"@type":"PropertyValueSpecification","valueRequired":true,"valueName":"search_term_string"}}],"inLanguage":"es"},{"@type":"Organization","@id":"https:\/\/prefecturadeesmeraldas.gob.ec\/#organization","name":"Gobierno Aut\u00f3nomo Descentralizado de la Provincia de Esmeraldas","url":"https:\/\/prefecturadeesmeraldas.gob.ec\/","logo":{"@type":"ImageObject","inLanguage":"es","@id":"https:\/\/prefecturadeesmeraldas.gob.ec\/#\/schema\/logo\/image\/","url":"https:\/\/prefecturadeesmeraldas.gob.ec\/wp-content\/uploads\/2019\/06\/logo.png","contentUrl":"https:\/\/prefecturadeesmeraldas.gob.ec\/wp-content\/uploads\/2019\/06\/logo.png","width":859,"height":448,"caption":"Gobierno Aut\u00f3nomo Descentralizado de la Provincia de Esmeraldas"},"image":{"@id":"https:\/\/prefecturadeesmeraldas.gob.ec\/#\/schema\/logo\/image\/"},"sameAs":["https:\/\/www.facebook.com\/PrefecturaEsmeraldas\/"]}]}},"_links":{"self":[{"href":"https:\/\/prefecturadeesmeraldas.gob.ec\/index.php\/wp-json\/wp\/v2\/pages\/25821","targetHints":{"allow":["GET"]}}],"collection":[{"href":"https:\/\/prefecturadeesmeraldas.gob.ec\/index.php\/wp-json\/wp\/v2\/pages"}],"about":[{"href":"https:\/\/prefecturadeesmeraldas.gob.ec\/index.php\/wp-json\/wp\/v2\/types\/page"}],"author":[{"embeddable":true,"href":"https:\/\/prefecturadeesmeraldas.gob.ec\/index.php\/wp-json\/wp\/v2\/users\/2"}],"replies":[{"embeddable":true,"href":"https:\/\/prefecturadeesmeraldas.gob.ec\/index.php\/wp-json\/wp\/v2\/comments?post=25821"}],"version-history":[{"count":0,"href":"https:\/\/prefecturadeesmeraldas.gob.ec\/index.php\/wp-json\/wp\/v2\/pages\/25821\/revisions"}],"wp:attachment":[{"href":"https:\/\/prefecturadeesmeraldas.gob.ec\/index.php\/wp-json\/wp\/v2\/media?parent=25821"}],"curies":[{"name":"wp","href":"https:\/\/api.w.org\/{rel}","templated":true}]}}