{"id":25300,"date":"2024-03-04T14:15:57","date_gmt":"2024-03-04T19:15:57","guid":{"rendered":"https:\/\/prefecturadeesmeraldas.gob.ec\/?page_id=25300"},"modified":"2025-05-14T10:02:28","modified_gmt":"2025-05-14T15:02:28","slug":"rendicion-de-cuentas-fase-1","status":"publish","type":"page","link":"https:\/\/prefecturadeesmeraldas.gob.ec\/index.php\/rendicion-de-cuentas-fase-1\/","title":{"rendered":"Rendici\u00f3n de Cuentas &#8211; Fase 1"},"content":{"rendered":"\t\t<div data-elementor-type=\"wp-page\" data-elementor-id=\"25300\" class=\"elementor elementor-25300\">\n\t\t\t\t<div class=\"elementor-element elementor-element-855e02a e-flex e-con-boxed e-con e-parent\" data-id=\"855e02a\" data-element_type=\"container\">\n\t\t\t\t\t<div class=\"e-con-inner\">\n\t\t<div class=\"elementor-element elementor-element-c34e38b e-con-full e-flex e-con e-child\" data-id=\"c34e38b\" data-element_type=\"container\">\n\t\t\t\t<div class=\"elementor-element elementor-element-ecadffa elementor-widget elementor-widget-image\" data-id=\"ecadffa\" data-element_type=\"widget\" data-widget_type=\"image.default\">\n\t\t\t\t<div class=\"elementor-widget-container\">\n\t\t\t\t\t\t\t\t\t\t\t\t<figure class=\"wp-caption\">\n\t\t\t\t\t\t\t\t\t\t\t<a href=\"https:\/\/prefecturadeesmeraldas.gob.ec\/wp-content\/uploads\/2023\/08\/POA-2023.pdf\">\n\t\t\t\t\t\t\t<img fetchpriority=\"high\" decoding=\"async\" width=\"1203\" height=\"1600\" src=\"https:\/\/prefecturadeesmeraldas.gob.ec\/wp-content\/uploads\/2024\/03\/RENDICION-3.jpeg\" class=\"attachment-large size-large wp-image-25382\" alt=\"\" srcset=\"https:\/\/prefecturadeesmeraldas.gob.ec\/wp-content\/uploads\/2024\/03\/RENDICION-3.jpeg 1203w, https:\/\/prefecturadeesmeraldas.gob.ec\/wp-content\/uploads\/2024\/03\/RENDICION-3-226x300.jpeg 226w, https:\/\/prefecturadeesmeraldas.gob.ec\/wp-content\/uploads\/2024\/03\/RENDICION-3-768x1021.jpeg 768w, https:\/\/prefecturadeesmeraldas.gob.ec\/wp-content\/uploads\/2024\/03\/RENDICION-3-1155x1536.jpeg 1155w\" sizes=\"(max-width: 1203px) 100vw, 1203px\" \/>\t\t\t\t\t\t\t\t<\/a>\n\t\t\t\t\t\t\t\t\t\t\t<figcaption class=\"widget-image-caption wp-caption-text\">PLAN OPERATIVO ANUAL 2023<\/figcaption>\n\t\t\t\t\t\t\t\t\t\t<\/figure>\n\t\t\t\t\t\t\t\t\t<\/div>\n\t\t\t\t<\/div>\n\t\t\t\t<\/div>\n\t\t<div class=\"elementor-element elementor-element-ef50aa6 e-con-full e-flex e-con e-child\" data-id=\"ef50aa6\" data-element_type=\"container\">\n\t\t\t\t<div class=\"elementor-element elementor-element-32ce285 e-transform elementor-widget elementor-widget-image\" data-id=\"32ce285\" data-element_type=\"widget\" data-settings=\"{&quot;_transform_rotateZ_effect&quot;:{&quot;unit&quot;:&quot;px&quot;,&quot;size&quot;:&quot;&quot;,&quot;sizes&quot;:[]},&quot;_transform_rotateZ_effect_tablet&quot;:{&quot;unit&quot;:&quot;deg&quot;,&quot;size&quot;:&quot;&quot;,&quot;sizes&quot;:[]},&quot;_transform_rotateZ_effect_mobile&quot;:{&quot;unit&quot;:&quot;deg&quot;,&quot;size&quot;:&quot;&quot;,&quot;sizes&quot;:[]}}\" data-widget_type=\"image.default\">\n\t\t\t\t<div class=\"elementor-widget-container\">\n\t\t\t\t\t\t\t\t\t\t\t\t<figure class=\"wp-caption\">\n\t\t\t\t\t\t\t\t\t\t\t<a href=\"https:\/\/prefecturadeesmeraldas.gob.ec\/docs\/plan_de_desarrollo_territorial_2019_2023.pdf\">\n\t\t\t\t\t\t\t<img decoding=\"async\" width=\"1203\" height=\"1600\" src=\"https:\/\/prefecturadeesmeraldas.gob.ec\/wp-content\/uploads\/2024\/03\/RENDICION-1.jpeg\" class=\"attachment-large size-large wp-image-25380\" alt=\"\" srcset=\"https:\/\/prefecturadeesmeraldas.gob.ec\/wp-content\/uploads\/2024\/03\/RENDICION-1.jpeg 1203w, https:\/\/prefecturadeesmeraldas.gob.ec\/wp-content\/uploads\/2024\/03\/RENDICION-1-226x300.jpeg 226w, https:\/\/prefecturadeesmeraldas.gob.ec\/wp-content\/uploads\/2024\/03\/RENDICION-1-768x1021.jpeg 768w, https:\/\/prefecturadeesmeraldas.gob.ec\/wp-content\/uploads\/2024\/03\/RENDICION-1-1155x1536.jpeg 1155w\" sizes=\"(max-width: 1203px) 100vw, 1203px\" \/>\t\t\t\t\t\t\t\t<\/a>\n\t\t\t\t\t\t\t\t\t\t\t<figcaption class=\"widget-image-caption wp-caption-text\">PLAN DE DESARROLLO Y ORDENAMIENTO TERRITORIAL 2019 - 2023<\/figcaption>\n\t\t\t\t\t\t\t\t\t\t<\/figure>\n\t\t\t\t\t\t\t\t\t<\/div>\n\t\t\t\t<\/div>\n\t\t\t\t<\/div>\n\t\t\t\t\t<\/div>\n\t\t\t\t<\/div>\n\t\t<div class=\"elementor-element elementor-element-a6092e4 e-flex e-con-boxed e-con e-parent\" data-id=\"a6092e4\" data-element_type=\"container\">\n\t\t\t\t\t<div class=\"e-con-inner\">\n\t\t<div class=\"elementor-element elementor-element-9d0eadc e-con-full e-flex e-con e-child\" data-id=\"9d0eadc\" data-element_type=\"container\">\n\t\t\t\t<div class=\"elementor-element elementor-element-29a2c8a elementor-widget elementor-widget-image\" data-id=\"29a2c8a\" data-element_type=\"widget\" data-widget_type=\"image.default\">\n\t\t\t\t<div class=\"elementor-widget-container\">\n\t\t\t\t\t\t\t\t\t\t\t\t<figure class=\"wp-caption\">\n\t\t\t\t\t\t\t\t\t\t\t<a href=\"https:\/\/prefecturadeesmeraldas.gob.ec\/wp-content\/uploads\/2024\/02\/PREFECTO-Y-VICEPREFECTO-PARTIDO-SOCIAL-CRISTIANO-Plan-Trabajo-2.pdf\">\n\t\t\t\t\t\t\t<img decoding=\"async\" width=\"1203\" height=\"1600\" src=\"https:\/\/prefecturadeesmeraldas.gob.ec\/wp-content\/uploads\/2024\/03\/RENDICION-4.jpeg\" class=\"attachment-large size-large wp-image-25381\" alt=\"\" srcset=\"https:\/\/prefecturadeesmeraldas.gob.ec\/wp-content\/uploads\/2024\/03\/RENDICION-4.jpeg 1203w, https:\/\/prefecturadeesmeraldas.gob.ec\/wp-content\/uploads\/2024\/03\/RENDICION-4-226x300.jpeg 226w, https:\/\/prefecturadeesmeraldas.gob.ec\/wp-content\/uploads\/2024\/03\/RENDICION-4-768x1021.jpeg 768w, https:\/\/prefecturadeesmeraldas.gob.ec\/wp-content\/uploads\/2024\/03\/RENDICION-4-1155x1536.jpeg 1155w\" sizes=\"(max-width: 1203px) 100vw, 1203px\" \/>\t\t\t\t\t\t\t\t<\/a>\n\t\t\t\t\t\t\t\t\t\t\t<figcaption class=\"widget-image-caption wp-caption-text\">PLAN DE TRABAJO DE ROBERTA ZAMBRANO 2023 -2027<\/figcaption>\n\t\t\t\t\t\t\t\t\t\t<\/figure>\n\t\t\t\t\t\t\t\t\t<\/div>\n\t\t\t\t<\/div>\n\t\t\t\t<\/div>\n\t\t<div class=\"elementor-element elementor-element-8db5076 e-con-full e-flex e-con e-child\" data-id=\"8db5076\" data-element_type=\"container\">\n\t\t\t\t<div class=\"elementor-element elementor-element-fc31709 elementor-widget elementor-widget-image\" data-id=\"fc31709\" data-element_type=\"widget\" data-widget_type=\"image.default\">\n\t\t\t\t<div class=\"elementor-widget-container\">\n\t\t\t\t\t\t\t\t\t\t\t\t<figure class=\"wp-caption\">\n\t\t\t\t\t\t\t\t\t\t\t<a href=\"https:\/\/prefecturadeesmeraldas.gob.ec\/wp-content\/uploads\/2024\/03\/PEI-2023-2027.pdf\">\n\t\t\t\t\t\t\t<img loading=\"lazy\" decoding=\"async\" width=\"1203\" height=\"1600\" src=\"https:\/\/prefecturadeesmeraldas.gob.ec\/wp-content\/uploads\/2024\/03\/RENDICION-2.jpeg\" class=\"attachment-large size-large wp-image-25383\" alt=\"\" srcset=\"https:\/\/prefecturadeesmeraldas.gob.ec\/wp-content\/uploads\/2024\/03\/RENDICION-2.jpeg 1203w, https:\/\/prefecturadeesmeraldas.gob.ec\/wp-content\/uploads\/2024\/03\/RENDICION-2-226x300.jpeg 226w, https:\/\/prefecturadeesmeraldas.gob.ec\/wp-content\/uploads\/2024\/03\/RENDICION-2-768x1021.jpeg 768w, https:\/\/prefecturadeesmeraldas.gob.ec\/wp-content\/uploads\/2024\/03\/RENDICION-2-1155x1536.jpeg 1155w\" sizes=\"(max-width: 1203px) 100vw, 1203px\" \/>\t\t\t\t\t\t\t\t<\/a>\n\t\t\t\t\t\t\t\t\t\t\t<figcaption class=\"widget-image-caption wp-caption-text\">Plan Estrat\u00e9gico Institucional   2023 - 2027<\/figcaption>\n\t\t\t\t\t\t\t\t\t\t<\/figure>\n\t\t\t\t\t\t\t\t\t<\/div>\n\t\t\t\t<\/div>\n\t\t\t\t<\/div>\n\t\t\t\t\t<\/div>\n\t\t\t\t<\/div>\n\t\t<div class=\"elementor-element elementor-element-eaa5131 e-flex e-con-boxed e-con e-parent\" data-id=\"eaa5131\" data-element_type=\"container\">\n\t\t\t\t\t<div class=\"e-con-inner\">\n\t\t\t\t<div class=\"elementor-element elementor-element-8c1218c elementor-widget elementor-widget-heading\" data-id=\"8c1218c\" data-element_type=\"widget\" data-widget_type=\"heading.default\">\n\t\t\t\t<div class=\"elementor-widget-container\">\n\t\t\t\t\t<h2 class=\"elementor-heading-title elementor-size-default\">FORMULARIO DE APORTES CIUDADANOS RESPECTO A LA GESTI\u00d3N REALIZADA DURANTE EL A\u00d1O 2023.<\/h2>\t\t\t\t<\/div>\n\t\t\t\t<\/div>\n\t\t\t\t\t<\/div>\n\t\t\t\t<\/div>\n\t\t<div class=\"elementor-element elementor-element-01c35de e-flex e-con-boxed e-con e-parent\" data-id=\"01c35de\" data-element_type=\"container\">\n\t\t\t\t\t<div class=\"e-con-inner\">\n\t\t\t\t<div class=\"elementor-element elementor-element-8741f70 elementor-widget elementor-widget-shortcode\" data-id=\"8741f70\" data-element_type=\"widget\" data-widget_type=\"shortcode.default\">\n\t\t\t\t<div class=\"elementor-widget-container\">\n\t\t\t\t\t\t\t<div class=\"elementor-shortcode\"><form id=\"forminator-module-25195\" class=\"forminator-custom-form forminator-custom-form-25195\" method=\"post\" data-forminator-render=\"0\" data-uid=\"69e925c0636f0\"><div role=\"alert\" aria-live=\"polite\" class=\"forminator-response-message forminator-error\" aria-hidden=\"true\"><\/div><\/form><\/div>\n\t\t\t\t\t\t<\/div>\n\t\t\t\t<\/div>\n\t\t\t\t\t<\/div>\n\t\t\t\t<\/div>\n\t\t\t\t<\/div>\n\t\t","protected":false},"excerpt":{"rendered":"<p>PLAN OPERATIVO ANUAL 2023 PLAN DE DESARROLLO Y ORDENAMIENTO TERRITORIAL 2019 &#8211; 2023 PLAN DE TRABAJO DE ROBERTA ZAMBRANO 2023 -2027 Plan Estrat\u00e9gico Institucional 2023 &#8211; 2027 FORMULARIO DE APORTES CIUDADANOS RESPECTO A LA GESTI\u00d3N REALIZADA DURANTE EL A\u00d1O 2023.<\/p>\n","protected":false},"author":2,"featured_media":0,"parent":0,"menu_order":0,"comment_status":"closed","ping_status":"closed","template":"","meta":{"footnotes":""},"class_list":["post-25300","page","type-page","status-publish","hentry"],"yoast_head":"<!-- This site is optimized with the Yoast SEO plugin v25.7 - https:\/\/yoast.com\/wordpress\/plugins\/seo\/ -->\n<title>Rendici\u00f3n de Cuentas - Fase 1 - Gobierno Aut\u00f3nomo Descentralizado de la Provincia de Esmeraldas<\/title>\n<meta name=\"robots\" content=\"index, follow, max-snippet:-1, max-image-preview:large, max-video-preview:-1\" \/>\n<link rel=\"canonical\" href=\"https:\/\/prefecturadeesmeraldas.gob.ec\/index.php\/rendicion-de-cuentas-fase-1\/\" \/>\n<meta property=\"og:locale\" content=\"es_ES\" \/>\n<meta property=\"og:type\" content=\"article\" \/>\n<meta property=\"og:title\" content=\"Rendici\u00f3n de Cuentas - Fase 1 - Gobierno Aut\u00f3nomo Descentralizado de la Provincia de Esmeraldas\" \/>\n<meta property=\"og:description\" content=\"PLAN OPERATIVO ANUAL 2023 PLAN DE DESARROLLO Y ORDENAMIENTO TERRITORIAL 2019 &#8211; 2023 PLAN DE TRABAJO DE ROBERTA ZAMBRANO 2023 -2027 Plan Estrat\u00e9gico Institucional 2023 &#8211; 2027 FORMULARIO DE APORTES CIUDADANOS RESPECTO A LA GESTI\u00d3N REALIZADA DURANTE EL A\u00d1O 2023.\" \/>\n<meta property=\"og:url\" content=\"https:\/\/prefecturadeesmeraldas.gob.ec\/index.php\/rendicion-de-cuentas-fase-1\/\" \/>\n<meta property=\"og:site_name\" content=\"Gobierno Aut\u00f3nomo Descentralizado de la Provincia de Esmeraldas\" \/>\n<meta property=\"article:publisher\" content=\"https:\/\/www.facebook.com\/PrefecturaEsmeraldas\/\" \/>\n<meta property=\"article:modified_time\" content=\"2025-05-14T15:02:28+00:00\" \/>\n<meta property=\"og:image\" content=\"https:\/\/prefecturadeesmeraldas.gob.ec\/wp-content\/uploads\/2024\/03\/RENDICION-3.jpeg\" \/>\n\t<meta property=\"og:image:width\" content=\"1203\" \/>\n\t<meta property=\"og:image:height\" content=\"1600\" \/>\n\t<meta property=\"og:image:type\" content=\"image\/jpeg\" \/>\n<meta name=\"twitter:card\" content=\"summary_large_image\" \/>\n<meta name=\"twitter:label1\" content=\"Tiempo de lectura\" \/>\n\t<meta name=\"twitter:data1\" content=\"1 minuto\" \/>\n<script type=\"application\/ld+json\" class=\"yoast-schema-graph\">{\"@context\":\"https:\/\/schema.org\",\"@graph\":[{\"@type\":\"WebPage\",\"@id\":\"https:\/\/prefecturadeesmeraldas.gob.ec\/index.php\/rendicion-de-cuentas-fase-1\/\",\"url\":\"https:\/\/prefecturadeesmeraldas.gob.ec\/index.php\/rendicion-de-cuentas-fase-1\/\",\"name\":\"Rendici\u00f3n de Cuentas - Fase 1 - Gobierno Aut\u00f3nomo Descentralizado de la Provincia de Esmeraldas\",\"isPartOf\":{\"@id\":\"https:\/\/prefecturadeesmeraldas.gob.ec\/#website\"},\"primaryImageOfPage\":{\"@id\":\"https:\/\/prefecturadeesmeraldas.gob.ec\/index.php\/rendicion-de-cuentas-fase-1\/#primaryimage\"},\"image\":{\"@id\":\"https:\/\/prefecturadeesmeraldas.gob.ec\/index.php\/rendicion-de-cuentas-fase-1\/#primaryimage\"},\"thumbnailUrl\":\"https:\/\/prefecturadeesmeraldas.gob.ec\/wp-content\/uploads\/2024\/03\/RENDICION-3.jpeg\",\"datePublished\":\"2024-03-04T19:15:57+00:00\",\"dateModified\":\"2025-05-14T15:02:28+00:00\",\"breadcrumb\":{\"@id\":\"https:\/\/prefecturadeesmeraldas.gob.ec\/index.php\/rendicion-de-cuentas-fase-1\/#breadcrumb\"},\"inLanguage\":\"es\",\"potentialAction\":[{\"@type\":\"ReadAction\",\"target\":[\"https:\/\/prefecturadeesmeraldas.gob.ec\/index.php\/rendicion-de-cuentas-fase-1\/\"]}]},{\"@type\":\"ImageObject\",\"inLanguage\":\"es\",\"@id\":\"https:\/\/prefecturadeesmeraldas.gob.ec\/index.php\/rendicion-de-cuentas-fase-1\/#primaryimage\",\"url\":\"https:\/\/prefecturadeesmeraldas.gob.ec\/wp-content\/uploads\/2024\/03\/RENDICION-3.jpeg\",\"contentUrl\":\"https:\/\/prefecturadeesmeraldas.gob.ec\/wp-content\/uploads\/2024\/03\/RENDICION-3.jpeg\",\"width\":1203,\"height\":1600},{\"@type\":\"BreadcrumbList\",\"@id\":\"https:\/\/prefecturadeesmeraldas.gob.ec\/index.php\/rendicion-de-cuentas-fase-1\/#breadcrumb\",\"itemListElement\":[{\"@type\":\"ListItem\",\"position\":1,\"name\":\"Home\",\"item\":\"https:\/\/prefecturadeesmeraldas.gob.ec\/\"},{\"@type\":\"ListItem\",\"position\":2,\"name\":\"Rendici\u00f3n de Cuentas &#8211; Fase 1\"}]},{\"@type\":\"WebSite\",\"@id\":\"https:\/\/prefecturadeesmeraldas.gob.ec\/#website\",\"url\":\"https:\/\/prefecturadeesmeraldas.gob.ec\/\",\"name\":\"Gobierno Aut\u00f3nomo Descentralizado de la Provincia de Esmeraldas\",\"description\":\"Gobierno Aut\u00f3nomo Descentralizado de la Provincia de Esmeraldas\",\"publisher\":{\"@id\":\"https:\/\/prefecturadeesmeraldas.gob.ec\/#organization\"},\"potentialAction\":[{\"@type\":\"SearchAction\",\"target\":{\"@type\":\"EntryPoint\",\"urlTemplate\":\"https:\/\/prefecturadeesmeraldas.gob.ec\/?s={search_term_string}\"},\"query-input\":{\"@type\":\"PropertyValueSpecification\",\"valueRequired\":true,\"valueName\":\"search_term_string\"}}],\"inLanguage\":\"es\"},{\"@type\":\"Organization\",\"@id\":\"https:\/\/prefecturadeesmeraldas.gob.ec\/#organization\",\"name\":\"Gobierno Aut\u00f3nomo Descentralizado de la Provincia de Esmeraldas\",\"url\":\"https:\/\/prefecturadeesmeraldas.gob.ec\/\",\"logo\":{\"@type\":\"ImageObject\",\"inLanguage\":\"es\",\"@id\":\"https:\/\/prefecturadeesmeraldas.gob.ec\/#\/schema\/logo\/image\/\",\"url\":\"https:\/\/prefecturadeesmeraldas.gob.ec\/wp-content\/uploads\/2019\/06\/logo.png\",\"contentUrl\":\"https:\/\/prefecturadeesmeraldas.gob.ec\/wp-content\/uploads\/2019\/06\/logo.png\",\"width\":859,\"height\":448,\"caption\":\"Gobierno Aut\u00f3nomo Descentralizado de la Provincia de Esmeraldas\"},\"image\":{\"@id\":\"https:\/\/prefecturadeesmeraldas.gob.ec\/#\/schema\/logo\/image\/\"},\"sameAs\":[\"https:\/\/www.facebook.com\/PrefecturaEsmeraldas\/\"]}]}<\/script>\n<!-- \/ Yoast SEO plugin. -->","yoast_head_json":{"title":"Rendici\u00f3n de Cuentas - Fase 1 - Gobierno Aut\u00f3nomo Descentralizado de la Provincia de Esmeraldas","robots":{"index":"index","follow":"follow","max-snippet":"max-snippet:-1","max-image-preview":"max-image-preview:large","max-video-preview":"max-video-preview:-1"},"canonical":"https:\/\/prefecturadeesmeraldas.gob.ec\/index.php\/rendicion-de-cuentas-fase-1\/","og_locale":"es_ES","og_type":"article","og_title":"Rendici\u00f3n de Cuentas - Fase 1 - Gobierno Aut\u00f3nomo Descentralizado de la Provincia de Esmeraldas","og_description":"PLAN OPERATIVO ANUAL 2023 PLAN DE DESARROLLO Y ORDENAMIENTO TERRITORIAL 2019 &#8211; 2023 PLAN DE TRABAJO DE ROBERTA ZAMBRANO 2023 -2027 Plan Estrat\u00e9gico Institucional 2023 &#8211; 2027 FORMULARIO DE APORTES CIUDADANOS RESPECTO A LA GESTI\u00d3N REALIZADA DURANTE EL A\u00d1O 2023.","og_url":"https:\/\/prefecturadeesmeraldas.gob.ec\/index.php\/rendicion-de-cuentas-fase-1\/","og_site_name":"Gobierno Aut\u00f3nomo Descentralizado de la Provincia de Esmeraldas","article_publisher":"https:\/\/www.facebook.com\/PrefecturaEsmeraldas\/","article_modified_time":"2025-05-14T15:02:28+00:00","og_image":[{"width":1203,"height":1600,"url":"https:\/\/prefecturadeesmeraldas.gob.ec\/wp-content\/uploads\/2024\/03\/RENDICION-3.jpeg","type":"image\/jpeg"}],"twitter_card":"summary_large_image","twitter_misc":{"Tiempo de lectura":"1 minuto"},"schema":{"@context":"https:\/\/schema.org","@graph":[{"@type":"WebPage","@id":"https:\/\/prefecturadeesmeraldas.gob.ec\/index.php\/rendicion-de-cuentas-fase-1\/","url":"https:\/\/prefecturadeesmeraldas.gob.ec\/index.php\/rendicion-de-cuentas-fase-1\/","name":"Rendici\u00f3n de Cuentas - Fase 1 - Gobierno Aut\u00f3nomo Descentralizado de la Provincia de Esmeraldas","isPartOf":{"@id":"https:\/\/prefecturadeesmeraldas.gob.ec\/#website"},"primaryImageOfPage":{"@id":"https:\/\/prefecturadeesmeraldas.gob.ec\/index.php\/rendicion-de-cuentas-fase-1\/#primaryimage"},"image":{"@id":"https:\/\/prefecturadeesmeraldas.gob.ec\/index.php\/rendicion-de-cuentas-fase-1\/#primaryimage"},"thumbnailUrl":"https:\/\/prefecturadeesmeraldas.gob.ec\/wp-content\/uploads\/2024\/03\/RENDICION-3.jpeg","datePublished":"2024-03-04T19:15:57+00:00","dateModified":"2025-05-14T15:02:28+00:00","breadcrumb":{"@id":"https:\/\/prefecturadeesmeraldas.gob.ec\/index.php\/rendicion-de-cuentas-fase-1\/#breadcrumb"},"inLanguage":"es","potentialAction":[{"@type":"ReadAction","target":["https:\/\/prefecturadeesmeraldas.gob.ec\/index.php\/rendicion-de-cuentas-fase-1\/"]}]},{"@type":"ImageObject","inLanguage":"es","@id":"https:\/\/prefecturadeesmeraldas.gob.ec\/index.php\/rendicion-de-cuentas-fase-1\/#primaryimage","url":"https:\/\/prefecturadeesmeraldas.gob.ec\/wp-content\/uploads\/2024\/03\/RENDICION-3.jpeg","contentUrl":"https:\/\/prefecturadeesmeraldas.gob.ec\/wp-content\/uploads\/2024\/03\/RENDICION-3.jpeg","width":1203,"height":1600},{"@type":"BreadcrumbList","@id":"https:\/\/prefecturadeesmeraldas.gob.ec\/index.php\/rendicion-de-cuentas-fase-1\/#breadcrumb","itemListElement":[{"@type":"ListItem","position":1,"name":"Home","item":"https:\/\/prefecturadeesmeraldas.gob.ec\/"},{"@type":"ListItem","position":2,"name":"Rendici\u00f3n de Cuentas &#8211; Fase 1"}]},{"@type":"WebSite","@id":"https:\/\/prefecturadeesmeraldas.gob.ec\/#website","url":"https:\/\/prefecturadeesmeraldas.gob.ec\/","name":"Gobierno Aut\u00f3nomo Descentralizado de la Provincia de Esmeraldas","description":"Gobierno Aut\u00f3nomo Descentralizado de la Provincia de Esmeraldas","publisher":{"@id":"https:\/\/prefecturadeesmeraldas.gob.ec\/#organization"},"potentialAction":[{"@type":"SearchAction","target":{"@type":"EntryPoint","urlTemplate":"https:\/\/prefecturadeesmeraldas.gob.ec\/?s={search_term_string}"},"query-input":{"@type":"PropertyValueSpecification","valueRequired":true,"valueName":"search_term_string"}}],"inLanguage":"es"},{"@type":"Organization","@id":"https:\/\/prefecturadeesmeraldas.gob.ec\/#organization","name":"Gobierno Aut\u00f3nomo Descentralizado de la Provincia de Esmeraldas","url":"https:\/\/prefecturadeesmeraldas.gob.ec\/","logo":{"@type":"ImageObject","inLanguage":"es","@id":"https:\/\/prefecturadeesmeraldas.gob.ec\/#\/schema\/logo\/image\/","url":"https:\/\/prefecturadeesmeraldas.gob.ec\/wp-content\/uploads\/2019\/06\/logo.png","contentUrl":"https:\/\/prefecturadeesmeraldas.gob.ec\/wp-content\/uploads\/2019\/06\/logo.png","width":859,"height":448,"caption":"Gobierno Aut\u00f3nomo Descentralizado de la Provincia de Esmeraldas"},"image":{"@id":"https:\/\/prefecturadeesmeraldas.gob.ec\/#\/schema\/logo\/image\/"},"sameAs":["https:\/\/www.facebook.com\/PrefecturaEsmeraldas\/"]}]}},"_links":{"self":[{"href":"https:\/\/prefecturadeesmeraldas.gob.ec\/index.php\/wp-json\/wp\/v2\/pages\/25300","targetHints":{"allow":["GET"]}}],"collection":[{"href":"https:\/\/prefecturadeesmeraldas.gob.ec\/index.php\/wp-json\/wp\/v2\/pages"}],"about":[{"href":"https:\/\/prefecturadeesmeraldas.gob.ec\/index.php\/wp-json\/wp\/v2\/types\/page"}],"author":[{"embeddable":true,"href":"https:\/\/prefecturadeesmeraldas.gob.ec\/index.php\/wp-json\/wp\/v2\/users\/2"}],"replies":[{"embeddable":true,"href":"https:\/\/prefecturadeesmeraldas.gob.ec\/index.php\/wp-json\/wp\/v2\/comments?post=25300"}],"version-history":[{"count":3,"href":"https:\/\/prefecturadeesmeraldas.gob.ec\/index.php\/wp-json\/wp\/v2\/pages\/25300\/revisions"}],"predecessor-version":[{"id":29754,"href":"https:\/\/prefecturadeesmeraldas.gob.ec\/index.php\/wp-json\/wp\/v2\/pages\/25300\/revisions\/29754"}],"wp:attachment":[{"href":"https:\/\/prefecturadeesmeraldas.gob.ec\/index.php\/wp-json\/wp\/v2\/media?parent=25300"}],"curies":[{"name":"wp","href":"https:\/\/api.w.org\/{rel}","templated":true}]}}