{"id":23913,"date":"2023-10-19T14:01:46","date_gmt":"2023-10-19T19:01:46","guid":{"rendered":"https:\/\/prefecturadeesmeraldas.gob.ec\/?page_id=23913"},"modified":"2023-10-19T14:04:05","modified_gmt":"2023-10-19T19:04:05","slug":"proyecto-de-mejora-vial-en-la-parroquia-la-union-avanza-sin-contratiempos","status":"publish","type":"page","link":"https:\/\/prefecturadeesmeraldas.gob.ec\/index.php\/proyecto-de-mejora-vial-en-la-parroquia-la-union-avanza-sin-contratiempos\/","title":{"rendered":"Proyecto de mejora vial en la parroquia la uni\u00f3n avanza sin contratiempos."},"content":{"rendered":"\t\t<div data-elementor-type=\"wp-page\" data-elementor-id=\"23913\" class=\"elementor elementor-23913\">\n\t\t\t\t<div class=\"elementor-element elementor-element-efcad57 e-flex e-con-boxed e-con e-parent\" data-id=\"efcad57\" data-element_type=\"container\">\n\t\t\t\t\t<div class=\"e-con-inner\">\n\t\t\t\t<div class=\"elementor-element elementor-element-3630a69 elementor-widget elementor-widget-image\" data-id=\"3630a69\" data-element_type=\"widget\" data-widget_type=\"image.default\">\n\t\t\t\t<div class=\"elementor-widget-container\">\n\t\t\t\t\t\t\t\t\t\t\t\t\t\t\t<img fetchpriority=\"high\" decoding=\"async\" width=\"1002\" height=\"1002\" src=\"https:\/\/prefecturadeesmeraldas.gob.ec\/wp-content\/uploads\/2023\/10\/111-5.jpg\" class=\"attachment-large size-large wp-image-23916\" alt=\"\" srcset=\"https:\/\/prefecturadeesmeraldas.gob.ec\/wp-content\/uploads\/2023\/10\/111-5.jpg 1002w, https:\/\/prefecturadeesmeraldas.gob.ec\/wp-content\/uploads\/2023\/10\/111-5-300x300.jpg 300w, https:\/\/prefecturadeesmeraldas.gob.ec\/wp-content\/uploads\/2023\/10\/111-5-150x150.jpg 150w, https:\/\/prefecturadeesmeraldas.gob.ec\/wp-content\/uploads\/2023\/10\/111-5-768x768.jpg 768w, https:\/\/prefecturadeesmeraldas.gob.ec\/wp-content\/uploads\/2023\/10\/111-5-440x440.jpg 440w, https:\/\/prefecturadeesmeraldas.gob.ec\/wp-content\/uploads\/2023\/10\/111-5-180x180.jpg 180w, https:\/\/prefecturadeesmeraldas.gob.ec\/wp-content\/uploads\/2023\/10\/111-5-120x120.jpg 120w\" sizes=\"(max-width: 1002px) 100vw, 1002px\" \/>\t\t\t\t\t\t\t\t\t\t\t\t\t\t\t<\/div>\n\t\t\t\t<\/div>\n\t\t\t\t\t<\/div>\n\t\t\t\t<\/div>\n\t\t<div class=\"elementor-element elementor-element-1cd9bc7 e-flex e-con-boxed e-con e-parent\" data-id=\"1cd9bc7\" data-element_type=\"container\">\n\t\t\t\t\t<div class=\"e-con-inner\">\n\t\t\t\t<div class=\"elementor-element elementor-element-815e15c elementor-widget elementor-widget-text-editor\" data-id=\"815e15c\" data-element_type=\"widget\" data-widget_type=\"text-editor.default\">\n\t\t\t\t<div class=\"elementor-widget-container\">\n\t\t\t\t\t\t\t\t\t<p>En el cant\u00f3n Quinind\u00e9, la Prefectura de Esmeraldas trabaja en un importante proyecto de mejoramiento vial en la v\u00eda &#8220;Y de Santa Ana \u2013 Corremono &#8211; Nuevo Azuay,&#8221; ubicada en la parroquia La Uni\u00f3n. El administrador del contrato, Jorge Morillo, en representaci\u00f3n de la Prefectura de Esmeraldas, brind\u00f3 detalles sobre los avances de esta obra que busca mejorar significativamente la infraestructura vial en la regi\u00f3n.<\/p><p>El proyecto en curso tiene como objetivo principal ensanchar la v\u00eda, proporcionando un ancho ideal, y mejorar las cunetas como parte de la fase inicial. Posteriormente, se llevar\u00e1 a cabo la colocaci\u00f3n de subbase y base compactada, as\u00ed como la imprimaci\u00f3n y un doble tratamiento en los 8.10 kil\u00f3metros de extensi\u00f3n de esta importante arteria vial.<\/p><p>Adem\u00e1s de las mejoras en la carretera, tambi\u00e9n se est\u00e1 realizando un trabajo de topograf\u00eda en la zona para garantizar la precisi\u00f3n y calidad de la obra.<\/p><p>El plazo estimado para la ejecuci\u00f3n de estos trabajos es de seis meses, y se espera que las condiciones clim\u00e1ticas favorables permitan cumplir con los plazos establecidos. Esta iniciativa contribuir\u00e1 significativamente al desarrollo y la conectividad de la parroquia La Uni\u00f3n, brindando beneficios tanto a los residentes locales como a quienes transitan por esta v\u00eda.<\/p>\t\t\t\t\t\t\t\t<\/div>\n\t\t\t\t<\/div>\n\t\t\t\t\t<\/div>\n\t\t\t\t<\/div>\n\t\t\t\t<\/div>\n\t\t","protected":false},"excerpt":{"rendered":"<p>En el cant\u00f3n Quinind\u00e9, la Prefectura de Esmeraldas trabaja en un importante proyecto de mejoramiento vial en la v\u00eda &#8220;Y de Santa Ana \u2013 Corremono &#8211; Nuevo Azuay,&#8221; ubicada en la parroquia La Uni\u00f3n. El administrador del contrato, Jorge Morillo, en representaci\u00f3n de la Prefectura de Esmeraldas, brind\u00f3 detalles sobre los avances de esta obra [&hellip;]<\/p>\n","protected":false},"author":2,"featured_media":23916,"parent":0,"menu_order":0,"comment_status":"closed","ping_status":"closed","template":"","meta":{"footnotes":""},"class_list":["post-23913","page","type-page","status-publish","has-post-thumbnail","hentry"],"yoast_head":"<!-- This site is optimized with the Yoast SEO plugin v25.7 - https:\/\/yoast.com\/wordpress\/plugins\/seo\/ -->\n<title>Proyecto de mejora vial en la parroquia la uni\u00f3n avanza sin contratiempos. - Gobierno Aut\u00f3nomo Descentralizado de la Provincia de Esmeraldas<\/title>\n<meta name=\"description\" content=\"En el cant\u00f3n Quinind\u00e9, la Prefectura de Esmeraldas trabaja en un importante proyecto de mejoramiento vial en la v\u00eda &quot;Y de Santa Ana \u2013 Corremono - Nuevo Azuay,&quot; ubicada en la parroquia La Uni\u00f3n. El administrador del contrato, Jorge Morillo, en representaci\u00f3n de la Prefectura de Esmeraldas, brind\u00f3 detalles sobre los avances de esta obra que busca mejorar significativamente la infraestructura vial en la regi\u00f3n.\" \/>\n<meta name=\"robots\" content=\"index, follow, max-snippet:-1, max-image-preview:large, max-video-preview:-1\" \/>\n<link rel=\"canonical\" href=\"https:\/\/prefecturadeesmeraldas.gob.ec\/index.php\/proyecto-de-mejora-vial-en-la-parroquia-la-union-avanza-sin-contratiempos\/\" \/>\n<meta property=\"og:locale\" content=\"es_ES\" \/>\n<meta property=\"og:type\" content=\"article\" \/>\n<meta property=\"og:title\" content=\"Proyecto de mejora vial en la parroquia la uni\u00f3n avanza sin contratiempos. - Gobierno Aut\u00f3nomo Descentralizado de la Provincia de Esmeraldas\" \/>\n<meta property=\"og:description\" content=\"En el cant\u00f3n Quinind\u00e9, la Prefectura de Esmeraldas trabaja en un importante proyecto de mejoramiento vial en la v\u00eda &quot;Y de Santa Ana \u2013 Corremono - Nuevo Azuay,&quot; ubicada en la parroquia La Uni\u00f3n. El administrador del contrato, Jorge Morillo, en representaci\u00f3n de la Prefectura de Esmeraldas, brind\u00f3 detalles sobre los avances de esta obra que busca mejorar significativamente la infraestructura vial en la regi\u00f3n.\" \/>\n<meta property=\"og:url\" content=\"https:\/\/prefecturadeesmeraldas.gob.ec\/index.php\/proyecto-de-mejora-vial-en-la-parroquia-la-union-avanza-sin-contratiempos\/\" \/>\n<meta property=\"og:site_name\" content=\"Gobierno Aut\u00f3nomo Descentralizado de la Provincia de Esmeraldas\" \/>\n<meta property=\"article:publisher\" content=\"https:\/\/www.facebook.com\/PrefecturaEsmeraldas\/\" \/>\n<meta property=\"article:modified_time\" content=\"2023-10-19T19:04:05+00:00\" \/>\n<meta property=\"og:image\" content=\"https:\/\/prefecturadeesmeraldas.gob.ec\/wp-content\/uploads\/2023\/10\/111-5.jpg\" \/>\n\t<meta property=\"og:image:width\" content=\"1002\" \/>\n\t<meta property=\"og:image:height\" content=\"1002\" \/>\n\t<meta property=\"og:image:type\" content=\"image\/jpeg\" \/>\n<meta name=\"twitter:card\" content=\"summary_large_image\" \/>\n<meta name=\"twitter:label1\" content=\"Tiempo de lectura\" \/>\n\t<meta name=\"twitter:data1\" content=\"2 minutos\" \/>\n<script type=\"application\/ld+json\" class=\"yoast-schema-graph\">{\"@context\":\"https:\/\/schema.org\",\"@graph\":[{\"@type\":\"WebPage\",\"@id\":\"https:\/\/prefecturadeesmeraldas.gob.ec\/index.php\/proyecto-de-mejora-vial-en-la-parroquia-la-union-avanza-sin-contratiempos\/\",\"url\":\"https:\/\/prefecturadeesmeraldas.gob.ec\/index.php\/proyecto-de-mejora-vial-en-la-parroquia-la-union-avanza-sin-contratiempos\/\",\"name\":\"Proyecto de mejora vial en la parroquia la uni\u00f3n avanza sin contratiempos. - Gobierno Aut\u00f3nomo Descentralizado de la Provincia de Esmeraldas\",\"isPartOf\":{\"@id\":\"https:\/\/prefecturadeesmeraldas.gob.ec\/#website\"},\"primaryImageOfPage\":{\"@id\":\"https:\/\/prefecturadeesmeraldas.gob.ec\/index.php\/proyecto-de-mejora-vial-en-la-parroquia-la-union-avanza-sin-contratiempos\/#primaryimage\"},\"image\":{\"@id\":\"https:\/\/prefecturadeesmeraldas.gob.ec\/index.php\/proyecto-de-mejora-vial-en-la-parroquia-la-union-avanza-sin-contratiempos\/#primaryimage\"},\"thumbnailUrl\":\"https:\/\/prefecturadeesmeraldas.gob.ec\/wp-content\/uploads\/2023\/10\/111-5.jpg\",\"datePublished\":\"2023-10-19T19:01:46+00:00\",\"dateModified\":\"2023-10-19T19:04:05+00:00\",\"description\":\"En el cant\u00f3n Quinind\u00e9, la Prefectura de Esmeraldas trabaja en un importante proyecto de mejoramiento vial en la v\u00eda \\\"Y de Santa Ana \u2013 Corremono - Nuevo Azuay,\\\" ubicada en la parroquia La Uni\u00f3n. El administrador del contrato, Jorge Morillo, en representaci\u00f3n de la Prefectura de Esmeraldas, brind\u00f3 detalles sobre los avances de esta obra que busca mejorar significativamente la infraestructura vial en la regi\u00f3n.\",\"breadcrumb\":{\"@id\":\"https:\/\/prefecturadeesmeraldas.gob.ec\/index.php\/proyecto-de-mejora-vial-en-la-parroquia-la-union-avanza-sin-contratiempos\/#breadcrumb\"},\"inLanguage\":\"es\",\"potentialAction\":[{\"@type\":\"ReadAction\",\"target\":[\"https:\/\/prefecturadeesmeraldas.gob.ec\/index.php\/proyecto-de-mejora-vial-en-la-parroquia-la-union-avanza-sin-contratiempos\/\"]}]},{\"@type\":\"ImageObject\",\"inLanguage\":\"es\",\"@id\":\"https:\/\/prefecturadeesmeraldas.gob.ec\/index.php\/proyecto-de-mejora-vial-en-la-parroquia-la-union-avanza-sin-contratiempos\/#primaryimage\",\"url\":\"https:\/\/prefecturadeesmeraldas.gob.ec\/wp-content\/uploads\/2023\/10\/111-5.jpg\",\"contentUrl\":\"https:\/\/prefecturadeesmeraldas.gob.ec\/wp-content\/uploads\/2023\/10\/111-5.jpg\",\"width\":1002,\"height\":1002},{\"@type\":\"BreadcrumbList\",\"@id\":\"https:\/\/prefecturadeesmeraldas.gob.ec\/index.php\/proyecto-de-mejora-vial-en-la-parroquia-la-union-avanza-sin-contratiempos\/#breadcrumb\",\"itemListElement\":[{\"@type\":\"ListItem\",\"position\":1,\"name\":\"Home\",\"item\":\"https:\/\/prefecturadeesmeraldas.gob.ec\/\"},{\"@type\":\"ListItem\",\"position\":2,\"name\":\"Proyecto de mejora vial en la parroquia la uni\u00f3n avanza sin contratiempos.\"}]},{\"@type\":\"WebSite\",\"@id\":\"https:\/\/prefecturadeesmeraldas.gob.ec\/#website\",\"url\":\"https:\/\/prefecturadeesmeraldas.gob.ec\/\",\"name\":\"Gobierno Aut\u00f3nomo Descentralizado de la Provincia de Esmeraldas\",\"description\":\"Gobierno Aut\u00f3nomo Descentralizado de la Provincia de Esmeraldas\",\"publisher\":{\"@id\":\"https:\/\/prefecturadeesmeraldas.gob.ec\/#organization\"},\"potentialAction\":[{\"@type\":\"SearchAction\",\"target\":{\"@type\":\"EntryPoint\",\"urlTemplate\":\"https:\/\/prefecturadeesmeraldas.gob.ec\/?s={search_term_string}\"},\"query-input\":{\"@type\":\"PropertyValueSpecification\",\"valueRequired\":true,\"valueName\":\"search_term_string\"}}],\"inLanguage\":\"es\"},{\"@type\":\"Organization\",\"@id\":\"https:\/\/prefecturadeesmeraldas.gob.ec\/#organization\",\"name\":\"Gobierno Aut\u00f3nomo Descentralizado de la Provincia de Esmeraldas\",\"url\":\"https:\/\/prefecturadeesmeraldas.gob.ec\/\",\"logo\":{\"@type\":\"ImageObject\",\"inLanguage\":\"es\",\"@id\":\"https:\/\/prefecturadeesmeraldas.gob.ec\/#\/schema\/logo\/image\/\",\"url\":\"https:\/\/prefecturadeesmeraldas.gob.ec\/wp-content\/uploads\/2019\/06\/logo.png\",\"contentUrl\":\"https:\/\/prefecturadeesmeraldas.gob.ec\/wp-content\/uploads\/2019\/06\/logo.png\",\"width\":859,\"height\":448,\"caption\":\"Gobierno Aut\u00f3nomo Descentralizado de la Provincia de Esmeraldas\"},\"image\":{\"@id\":\"https:\/\/prefecturadeesmeraldas.gob.ec\/#\/schema\/logo\/image\/\"},\"sameAs\":[\"https:\/\/www.facebook.com\/PrefecturaEsmeraldas\/\"]}]}<\/script>\n<!-- \/ Yoast SEO plugin. -->","yoast_head_json":{"title":"Proyecto de mejora vial en la parroquia la uni\u00f3n avanza sin contratiempos. - Gobierno Aut\u00f3nomo Descentralizado de la Provincia de Esmeraldas","description":"En el cant\u00f3n Quinind\u00e9, la Prefectura de Esmeraldas trabaja en un importante proyecto de mejoramiento vial en la v\u00eda \"Y de Santa Ana \u2013 Corremono - Nuevo Azuay,\" ubicada en la parroquia La Uni\u00f3n. El administrador del contrato, Jorge Morillo, en representaci\u00f3n de la Prefectura de Esmeraldas, brind\u00f3 detalles sobre los avances de esta obra que busca mejorar significativamente la infraestructura vial en la regi\u00f3n.","robots":{"index":"index","follow":"follow","max-snippet":"max-snippet:-1","max-image-preview":"max-image-preview:large","max-video-preview":"max-video-preview:-1"},"canonical":"https:\/\/prefecturadeesmeraldas.gob.ec\/index.php\/proyecto-de-mejora-vial-en-la-parroquia-la-union-avanza-sin-contratiempos\/","og_locale":"es_ES","og_type":"article","og_title":"Proyecto de mejora vial en la parroquia la uni\u00f3n avanza sin contratiempos. - Gobierno Aut\u00f3nomo Descentralizado de la Provincia de Esmeraldas","og_description":"En el cant\u00f3n Quinind\u00e9, la Prefectura de Esmeraldas trabaja en un importante proyecto de mejoramiento vial en la v\u00eda \"Y de Santa Ana \u2013 Corremono - Nuevo Azuay,\" ubicada en la parroquia La Uni\u00f3n. El administrador del contrato, Jorge Morillo, en representaci\u00f3n de la Prefectura de Esmeraldas, brind\u00f3 detalles sobre los avances de esta obra que busca mejorar significativamente la infraestructura vial en la regi\u00f3n.","og_url":"https:\/\/prefecturadeesmeraldas.gob.ec\/index.php\/proyecto-de-mejora-vial-en-la-parroquia-la-union-avanza-sin-contratiempos\/","og_site_name":"Gobierno Aut\u00f3nomo Descentralizado de la Provincia de Esmeraldas","article_publisher":"https:\/\/www.facebook.com\/PrefecturaEsmeraldas\/","article_modified_time":"2023-10-19T19:04:05+00:00","og_image":[{"width":1002,"height":1002,"url":"https:\/\/prefecturadeesmeraldas.gob.ec\/wp-content\/uploads\/2023\/10\/111-5.jpg","type":"image\/jpeg"}],"twitter_card":"summary_large_image","twitter_misc":{"Tiempo de lectura":"2 minutos"},"schema":{"@context":"https:\/\/schema.org","@graph":[{"@type":"WebPage","@id":"https:\/\/prefecturadeesmeraldas.gob.ec\/index.php\/proyecto-de-mejora-vial-en-la-parroquia-la-union-avanza-sin-contratiempos\/","url":"https:\/\/prefecturadeesmeraldas.gob.ec\/index.php\/proyecto-de-mejora-vial-en-la-parroquia-la-union-avanza-sin-contratiempos\/","name":"Proyecto de mejora vial en la parroquia la uni\u00f3n avanza sin contratiempos. - Gobierno Aut\u00f3nomo Descentralizado de la Provincia de Esmeraldas","isPartOf":{"@id":"https:\/\/prefecturadeesmeraldas.gob.ec\/#website"},"primaryImageOfPage":{"@id":"https:\/\/prefecturadeesmeraldas.gob.ec\/index.php\/proyecto-de-mejora-vial-en-la-parroquia-la-union-avanza-sin-contratiempos\/#primaryimage"},"image":{"@id":"https:\/\/prefecturadeesmeraldas.gob.ec\/index.php\/proyecto-de-mejora-vial-en-la-parroquia-la-union-avanza-sin-contratiempos\/#primaryimage"},"thumbnailUrl":"https:\/\/prefecturadeesmeraldas.gob.ec\/wp-content\/uploads\/2023\/10\/111-5.jpg","datePublished":"2023-10-19T19:01:46+00:00","dateModified":"2023-10-19T19:04:05+00:00","description":"En el cant\u00f3n Quinind\u00e9, la Prefectura de Esmeraldas trabaja en un importante proyecto de mejoramiento vial en la v\u00eda \"Y de Santa Ana \u2013 Corremono - Nuevo Azuay,\" ubicada en la parroquia La Uni\u00f3n. El administrador del contrato, Jorge Morillo, en representaci\u00f3n de la Prefectura de Esmeraldas, brind\u00f3 detalles sobre los avances de esta obra que busca mejorar significativamente la infraestructura vial en la regi\u00f3n.","breadcrumb":{"@id":"https:\/\/prefecturadeesmeraldas.gob.ec\/index.php\/proyecto-de-mejora-vial-en-la-parroquia-la-union-avanza-sin-contratiempos\/#breadcrumb"},"inLanguage":"es","potentialAction":[{"@type":"ReadAction","target":["https:\/\/prefecturadeesmeraldas.gob.ec\/index.php\/proyecto-de-mejora-vial-en-la-parroquia-la-union-avanza-sin-contratiempos\/"]}]},{"@type":"ImageObject","inLanguage":"es","@id":"https:\/\/prefecturadeesmeraldas.gob.ec\/index.php\/proyecto-de-mejora-vial-en-la-parroquia-la-union-avanza-sin-contratiempos\/#primaryimage","url":"https:\/\/prefecturadeesmeraldas.gob.ec\/wp-content\/uploads\/2023\/10\/111-5.jpg","contentUrl":"https:\/\/prefecturadeesmeraldas.gob.ec\/wp-content\/uploads\/2023\/10\/111-5.jpg","width":1002,"height":1002},{"@type":"BreadcrumbList","@id":"https:\/\/prefecturadeesmeraldas.gob.ec\/index.php\/proyecto-de-mejora-vial-en-la-parroquia-la-union-avanza-sin-contratiempos\/#breadcrumb","itemListElement":[{"@type":"ListItem","position":1,"name":"Home","item":"https:\/\/prefecturadeesmeraldas.gob.ec\/"},{"@type":"ListItem","position":2,"name":"Proyecto de mejora vial en la parroquia la uni\u00f3n avanza sin contratiempos."}]},{"@type":"WebSite","@id":"https:\/\/prefecturadeesmeraldas.gob.ec\/#website","url":"https:\/\/prefecturadeesmeraldas.gob.ec\/","name":"Gobierno Aut\u00f3nomo Descentralizado de la Provincia de Esmeraldas","description":"Gobierno Aut\u00f3nomo Descentralizado de la Provincia de Esmeraldas","publisher":{"@id":"https:\/\/prefecturadeesmeraldas.gob.ec\/#organization"},"potentialAction":[{"@type":"SearchAction","target":{"@type":"EntryPoint","urlTemplate":"https:\/\/prefecturadeesmeraldas.gob.ec\/?s={search_term_string}"},"query-input":{"@type":"PropertyValueSpecification","valueRequired":true,"valueName":"search_term_string"}}],"inLanguage":"es"},{"@type":"Organization","@id":"https:\/\/prefecturadeesmeraldas.gob.ec\/#organization","name":"Gobierno Aut\u00f3nomo Descentralizado de la Provincia de Esmeraldas","url":"https:\/\/prefecturadeesmeraldas.gob.ec\/","logo":{"@type":"ImageObject","inLanguage":"es","@id":"https:\/\/prefecturadeesmeraldas.gob.ec\/#\/schema\/logo\/image\/","url":"https:\/\/prefecturadeesmeraldas.gob.ec\/wp-content\/uploads\/2019\/06\/logo.png","contentUrl":"https:\/\/prefecturadeesmeraldas.gob.ec\/wp-content\/uploads\/2019\/06\/logo.png","width":859,"height":448,"caption":"Gobierno Aut\u00f3nomo Descentralizado de la Provincia de Esmeraldas"},"image":{"@id":"https:\/\/prefecturadeesmeraldas.gob.ec\/#\/schema\/logo\/image\/"},"sameAs":["https:\/\/www.facebook.com\/PrefecturaEsmeraldas\/"]}]}},"_links":{"self":[{"href":"https:\/\/prefecturadeesmeraldas.gob.ec\/index.php\/wp-json\/wp\/v2\/pages\/23913","targetHints":{"allow":["GET"]}}],"collection":[{"href":"https:\/\/prefecturadeesmeraldas.gob.ec\/index.php\/wp-json\/wp\/v2\/pages"}],"about":[{"href":"https:\/\/prefecturadeesmeraldas.gob.ec\/index.php\/wp-json\/wp\/v2\/types\/page"}],"author":[{"embeddable":true,"href":"https:\/\/prefecturadeesmeraldas.gob.ec\/index.php\/wp-json\/wp\/v2\/users\/2"}],"replies":[{"embeddable":true,"href":"https:\/\/prefecturadeesmeraldas.gob.ec\/index.php\/wp-json\/wp\/v2\/comments?post=23913"}],"version-history":[{"count":0,"href":"https:\/\/prefecturadeesmeraldas.gob.ec\/index.php\/wp-json\/wp\/v2\/pages\/23913\/revisions"}],"wp:featuredmedia":[{"embeddable":true,"href":"https:\/\/prefecturadeesmeraldas.gob.ec\/index.php\/wp-json\/wp\/v2\/media\/23916"}],"wp:attachment":[{"href":"https:\/\/prefecturadeesmeraldas.gob.ec\/index.php\/wp-json\/wp\/v2\/media?parent=23913"}],"curies":[{"name":"wp","href":"https:\/\/api.w.org\/{rel}","templated":true}]}}