{"id":23569,"date":"2023-09-13T14:13:22","date_gmt":"2023-09-13T19:13:22","guid":{"rendered":"https:\/\/prefecturadeesmeraldas.gob.ec\/?page_id=23569"},"modified":"2023-09-13T14:15:46","modified_gmt":"2023-09-13T19:15:46","slug":"prefectura-rechaza-nuevo-atentado-esta-vez-contra-trabajadores","status":"publish","type":"page","link":"https:\/\/prefecturadeesmeraldas.gob.ec\/index.php\/prefectura-rechaza-nuevo-atentado-esta-vez-contra-trabajadores\/","title":{"rendered":"Prefectura rechaza nuevo atentado, esta vez contra trabajadores."},"content":{"rendered":"\t\t<div data-elementor-type=\"wp-page\" data-elementor-id=\"23569\" class=\"elementor elementor-23569\">\n\t\t\t\t<div class=\"elementor-element elementor-element-f4f4c46 e-flex e-con-boxed e-con e-parent\" data-id=\"f4f4c46\" data-element_type=\"container\">\n\t\t\t\t\t<div class=\"e-con-inner\">\n\t\t\t\t<div class=\"elementor-element elementor-element-d6e93ea elementor-widget elementor-widget-image\" data-id=\"d6e93ea\" data-element_type=\"widget\" data-widget_type=\"image.default\">\n\t\t\t\t<div class=\"elementor-widget-container\">\n\t\t\t\t\t\t\t\t\t\t\t\t\t\t\t<img fetchpriority=\"high\" decoding=\"async\" width=\"916\" height=\"916\" src=\"https:\/\/prefecturadeesmeraldas.gob.ec\/wp-content\/uploads\/2023\/09\/Redes-Sociales-Septiembre-2023-02-1.png\" class=\"attachment-large size-large wp-image-23571\" alt=\"\" srcset=\"https:\/\/prefecturadeesmeraldas.gob.ec\/wp-content\/uploads\/2023\/09\/Redes-Sociales-Septiembre-2023-02-1.png 916w, https:\/\/prefecturadeesmeraldas.gob.ec\/wp-content\/uploads\/2023\/09\/Redes-Sociales-Septiembre-2023-02-1-300x300.png 300w, https:\/\/prefecturadeesmeraldas.gob.ec\/wp-content\/uploads\/2023\/09\/Redes-Sociales-Septiembre-2023-02-1-150x150.png 150w, https:\/\/prefecturadeesmeraldas.gob.ec\/wp-content\/uploads\/2023\/09\/Redes-Sociales-Septiembre-2023-02-1-768x768.png 768w, https:\/\/prefecturadeesmeraldas.gob.ec\/wp-content\/uploads\/2023\/09\/Redes-Sociales-Septiembre-2023-02-1-440x440.png 440w, https:\/\/prefecturadeesmeraldas.gob.ec\/wp-content\/uploads\/2023\/09\/Redes-Sociales-Septiembre-2023-02-1-180x180.png 180w, https:\/\/prefecturadeesmeraldas.gob.ec\/wp-content\/uploads\/2023\/09\/Redes-Sociales-Septiembre-2023-02-1-120x120.png 120w\" sizes=\"(max-width: 916px) 100vw, 916px\" \/>\t\t\t\t\t\t\t\t\t\t\t\t\t\t\t<\/div>\n\t\t\t\t<\/div>\n\t\t\t\t\t<\/div>\n\t\t\t\t<\/div>\n\t\t<div class=\"elementor-element elementor-element-153db99 e-flex e-con-boxed e-con e-parent\" data-id=\"153db99\" data-element_type=\"container\">\n\t\t\t\t\t<div class=\"e-con-inner\">\n\t\t\t\t<div class=\"elementor-element elementor-element-6ad8bdd elementor-widget elementor-widget-text-editor\" data-id=\"6ad8bdd\" data-element_type=\"widget\" data-widget_type=\"text-editor.default\">\n\t\t\t\t<div class=\"elementor-widget-container\">\n\t\t\t\t\t\t\t\t\t<p>Rechazamos el nuevo atentado ocurrido la ma\u00f1ana de hoy en contra de los trabajadores.<\/p><p>Hechos de esta naturaleza reflejan una vez m\u00e1s que, es urgente convocar a la unidad nacional para no dejarnos doblegar por violentos que, a trav\u00e9s del miedo, generan dolor y consternaci\u00f3n.<\/p><p>Expresamos nuestra solidaridad con sus familiares, a la vez que, reiteramos nuestro llamado a las autoridades para garantizar la seguridad de todos en nuestro pa\u00eds.<\/p><p>Como Prefectura de Esmeraldas, insistimos en el llamado para que cesen este tipo de actos violentos que no hacen otra cosa m\u00e1s que, detener el progreso de Esmeraldas y perjudica enormemente a nuestros campesinos y a miles de habitantes de las comunidades rurales donde las obras en ejecuci\u00f3n han tenido que ser suspendidas. <\/p>\t\t\t\t\t\t\t\t<\/div>\n\t\t\t\t<\/div>\n\t\t\t\t\t<\/div>\n\t\t\t\t<\/div>\n\t\t\t\t<\/div>\n\t\t","protected":false},"excerpt":{"rendered":"<p>Rechazamos el nuevo atentado ocurrido la ma\u00f1ana de hoy en contra de los trabajadores. Hechos de esta naturaleza reflejan una vez m\u00e1s que, es urgente convocar a la unidad nacional para no dejarnos doblegar por violentos que, a trav\u00e9s del miedo, generan dolor y consternaci\u00f3n. Expresamos nuestra solidaridad con sus familiares, a la vez que, [&hellip;]<\/p>\n","protected":false},"author":2,"featured_media":23571,"parent":0,"menu_order":0,"comment_status":"closed","ping_status":"closed","template":"","meta":{"footnotes":""},"class_list":["post-23569","page","type-page","status-publish","has-post-thumbnail","hentry"],"yoast_head":"<!-- This site is optimized with the Yoast SEO plugin v25.7 - https:\/\/yoast.com\/wordpress\/plugins\/seo\/ -->\n<title>Prefectura rechaza nuevo atentado, esta vez contra trabajadores. - Gobierno Aut\u00f3nomo Descentralizado de la Provincia de Esmeraldas<\/title>\n<meta name=\"robots\" content=\"index, follow, max-snippet:-1, max-image-preview:large, max-video-preview:-1\" \/>\n<link rel=\"canonical\" href=\"https:\/\/prefecturadeesmeraldas.gob.ec\/index.php\/prefectura-rechaza-nuevo-atentado-esta-vez-contra-trabajadores\/\" \/>\n<meta property=\"og:locale\" content=\"es_ES\" \/>\n<meta property=\"og:type\" content=\"article\" \/>\n<meta property=\"og:title\" content=\"Prefectura rechaza nuevo atentado, esta vez contra trabajadores. - Gobierno Aut\u00f3nomo Descentralizado de la Provincia de Esmeraldas\" \/>\n<meta property=\"og:description\" content=\"Rechazamos el nuevo atentado ocurrido la ma\u00f1ana de hoy en contra de los trabajadores. Hechos de esta naturaleza reflejan una vez m\u00e1s que, es urgente convocar a la unidad nacional para no dejarnos doblegar por violentos que, a trav\u00e9s del miedo, generan dolor y consternaci\u00f3n. Expresamos nuestra solidaridad con sus familiares, a la vez que, [&hellip;]\" \/>\n<meta property=\"og:url\" content=\"https:\/\/prefecturadeesmeraldas.gob.ec\/index.php\/prefectura-rechaza-nuevo-atentado-esta-vez-contra-trabajadores\/\" \/>\n<meta property=\"og:site_name\" content=\"Gobierno Aut\u00f3nomo Descentralizado de la Provincia de Esmeraldas\" \/>\n<meta property=\"article:publisher\" content=\"https:\/\/www.facebook.com\/PrefecturaEsmeraldas\/\" \/>\n<meta property=\"article:modified_time\" content=\"2023-09-13T19:15:46+00:00\" \/>\n<meta property=\"og:image\" content=\"https:\/\/prefecturadeesmeraldas.gob.ec\/wp-content\/uploads\/2023\/09\/Redes-Sociales-Septiembre-2023-02-1.png\" \/>\n\t<meta property=\"og:image:width\" content=\"916\" \/>\n\t<meta property=\"og:image:height\" content=\"916\" \/>\n\t<meta property=\"og:image:type\" content=\"image\/png\" \/>\n<meta name=\"twitter:card\" content=\"summary_large_image\" \/>\n<meta name=\"twitter:label1\" content=\"Tiempo de lectura\" \/>\n\t<meta name=\"twitter:data1\" content=\"1 minuto\" \/>\n<script type=\"application\/ld+json\" class=\"yoast-schema-graph\">{\"@context\":\"https:\/\/schema.org\",\"@graph\":[{\"@type\":\"WebPage\",\"@id\":\"https:\/\/prefecturadeesmeraldas.gob.ec\/index.php\/prefectura-rechaza-nuevo-atentado-esta-vez-contra-trabajadores\/\",\"url\":\"https:\/\/prefecturadeesmeraldas.gob.ec\/index.php\/prefectura-rechaza-nuevo-atentado-esta-vez-contra-trabajadores\/\",\"name\":\"Prefectura rechaza nuevo atentado, esta vez contra trabajadores. - Gobierno Aut\u00f3nomo Descentralizado de la Provincia de Esmeraldas\",\"isPartOf\":{\"@id\":\"https:\/\/prefecturadeesmeraldas.gob.ec\/#website\"},\"primaryImageOfPage\":{\"@id\":\"https:\/\/prefecturadeesmeraldas.gob.ec\/index.php\/prefectura-rechaza-nuevo-atentado-esta-vez-contra-trabajadores\/#primaryimage\"},\"image\":{\"@id\":\"https:\/\/prefecturadeesmeraldas.gob.ec\/index.php\/prefectura-rechaza-nuevo-atentado-esta-vez-contra-trabajadores\/#primaryimage\"},\"thumbnailUrl\":\"https:\/\/prefecturadeesmeraldas.gob.ec\/wp-content\/uploads\/2023\/09\/Redes-Sociales-Septiembre-2023-02-1.png\",\"datePublished\":\"2023-09-13T19:13:22+00:00\",\"dateModified\":\"2023-09-13T19:15:46+00:00\",\"breadcrumb\":{\"@id\":\"https:\/\/prefecturadeesmeraldas.gob.ec\/index.php\/prefectura-rechaza-nuevo-atentado-esta-vez-contra-trabajadores\/#breadcrumb\"},\"inLanguage\":\"es\",\"potentialAction\":[{\"@type\":\"ReadAction\",\"target\":[\"https:\/\/prefecturadeesmeraldas.gob.ec\/index.php\/prefectura-rechaza-nuevo-atentado-esta-vez-contra-trabajadores\/\"]}]},{\"@type\":\"ImageObject\",\"inLanguage\":\"es\",\"@id\":\"https:\/\/prefecturadeesmeraldas.gob.ec\/index.php\/prefectura-rechaza-nuevo-atentado-esta-vez-contra-trabajadores\/#primaryimage\",\"url\":\"https:\/\/prefecturadeesmeraldas.gob.ec\/wp-content\/uploads\/2023\/09\/Redes-Sociales-Septiembre-2023-02-1.png\",\"contentUrl\":\"https:\/\/prefecturadeesmeraldas.gob.ec\/wp-content\/uploads\/2023\/09\/Redes-Sociales-Septiembre-2023-02-1.png\",\"width\":916,\"height\":916},{\"@type\":\"BreadcrumbList\",\"@id\":\"https:\/\/prefecturadeesmeraldas.gob.ec\/index.php\/prefectura-rechaza-nuevo-atentado-esta-vez-contra-trabajadores\/#breadcrumb\",\"itemListElement\":[{\"@type\":\"ListItem\",\"position\":1,\"name\":\"Home\",\"item\":\"https:\/\/prefecturadeesmeraldas.gob.ec\/\"},{\"@type\":\"ListItem\",\"position\":2,\"name\":\"Prefectura rechaza nuevo atentado, esta vez contra trabajadores.\"}]},{\"@type\":\"WebSite\",\"@id\":\"https:\/\/prefecturadeesmeraldas.gob.ec\/#website\",\"url\":\"https:\/\/prefecturadeesmeraldas.gob.ec\/\",\"name\":\"Gobierno Aut\u00f3nomo Descentralizado de la Provincia de Esmeraldas\",\"description\":\"Gobierno Aut\u00f3nomo Descentralizado de la Provincia de Esmeraldas\",\"publisher\":{\"@id\":\"https:\/\/prefecturadeesmeraldas.gob.ec\/#organization\"},\"potentialAction\":[{\"@type\":\"SearchAction\",\"target\":{\"@type\":\"EntryPoint\",\"urlTemplate\":\"https:\/\/prefecturadeesmeraldas.gob.ec\/?s={search_term_string}\"},\"query-input\":{\"@type\":\"PropertyValueSpecification\",\"valueRequired\":true,\"valueName\":\"search_term_string\"}}],\"inLanguage\":\"es\"},{\"@type\":\"Organization\",\"@id\":\"https:\/\/prefecturadeesmeraldas.gob.ec\/#organization\",\"name\":\"Gobierno Aut\u00f3nomo Descentralizado de la Provincia de Esmeraldas\",\"url\":\"https:\/\/prefecturadeesmeraldas.gob.ec\/\",\"logo\":{\"@type\":\"ImageObject\",\"inLanguage\":\"es\",\"@id\":\"https:\/\/prefecturadeesmeraldas.gob.ec\/#\/schema\/logo\/image\/\",\"url\":\"https:\/\/prefecturadeesmeraldas.gob.ec\/wp-content\/uploads\/2019\/06\/logo.png\",\"contentUrl\":\"https:\/\/prefecturadeesmeraldas.gob.ec\/wp-content\/uploads\/2019\/06\/logo.png\",\"width\":859,\"height\":448,\"caption\":\"Gobierno Aut\u00f3nomo Descentralizado de la Provincia de Esmeraldas\"},\"image\":{\"@id\":\"https:\/\/prefecturadeesmeraldas.gob.ec\/#\/schema\/logo\/image\/\"},\"sameAs\":[\"https:\/\/www.facebook.com\/PrefecturaEsmeraldas\/\"]}]}<\/script>\n<!-- \/ Yoast SEO plugin. -->","yoast_head_json":{"title":"Prefectura rechaza nuevo atentado, esta vez contra trabajadores. - Gobierno Aut\u00f3nomo Descentralizado de la Provincia de Esmeraldas","robots":{"index":"index","follow":"follow","max-snippet":"max-snippet:-1","max-image-preview":"max-image-preview:large","max-video-preview":"max-video-preview:-1"},"canonical":"https:\/\/prefecturadeesmeraldas.gob.ec\/index.php\/prefectura-rechaza-nuevo-atentado-esta-vez-contra-trabajadores\/","og_locale":"es_ES","og_type":"article","og_title":"Prefectura rechaza nuevo atentado, esta vez contra trabajadores. - Gobierno Aut\u00f3nomo Descentralizado de la Provincia de Esmeraldas","og_description":"Rechazamos el nuevo atentado ocurrido la ma\u00f1ana de hoy en contra de los trabajadores. Hechos de esta naturaleza reflejan una vez m\u00e1s que, es urgente convocar a la unidad nacional para no dejarnos doblegar por violentos que, a trav\u00e9s del miedo, generan dolor y consternaci\u00f3n. Expresamos nuestra solidaridad con sus familiares, a la vez que, [&hellip;]","og_url":"https:\/\/prefecturadeesmeraldas.gob.ec\/index.php\/prefectura-rechaza-nuevo-atentado-esta-vez-contra-trabajadores\/","og_site_name":"Gobierno Aut\u00f3nomo Descentralizado de la Provincia de Esmeraldas","article_publisher":"https:\/\/www.facebook.com\/PrefecturaEsmeraldas\/","article_modified_time":"2023-09-13T19:15:46+00:00","og_image":[{"width":916,"height":916,"url":"https:\/\/prefecturadeesmeraldas.gob.ec\/wp-content\/uploads\/2023\/09\/Redes-Sociales-Septiembre-2023-02-1.png","type":"image\/png"}],"twitter_card":"summary_large_image","twitter_misc":{"Tiempo de lectura":"1 minuto"},"schema":{"@context":"https:\/\/schema.org","@graph":[{"@type":"WebPage","@id":"https:\/\/prefecturadeesmeraldas.gob.ec\/index.php\/prefectura-rechaza-nuevo-atentado-esta-vez-contra-trabajadores\/","url":"https:\/\/prefecturadeesmeraldas.gob.ec\/index.php\/prefectura-rechaza-nuevo-atentado-esta-vez-contra-trabajadores\/","name":"Prefectura rechaza nuevo atentado, esta vez contra trabajadores. - Gobierno Aut\u00f3nomo Descentralizado de la Provincia de Esmeraldas","isPartOf":{"@id":"https:\/\/prefecturadeesmeraldas.gob.ec\/#website"},"primaryImageOfPage":{"@id":"https:\/\/prefecturadeesmeraldas.gob.ec\/index.php\/prefectura-rechaza-nuevo-atentado-esta-vez-contra-trabajadores\/#primaryimage"},"image":{"@id":"https:\/\/prefecturadeesmeraldas.gob.ec\/index.php\/prefectura-rechaza-nuevo-atentado-esta-vez-contra-trabajadores\/#primaryimage"},"thumbnailUrl":"https:\/\/prefecturadeesmeraldas.gob.ec\/wp-content\/uploads\/2023\/09\/Redes-Sociales-Septiembre-2023-02-1.png","datePublished":"2023-09-13T19:13:22+00:00","dateModified":"2023-09-13T19:15:46+00:00","breadcrumb":{"@id":"https:\/\/prefecturadeesmeraldas.gob.ec\/index.php\/prefectura-rechaza-nuevo-atentado-esta-vez-contra-trabajadores\/#breadcrumb"},"inLanguage":"es","potentialAction":[{"@type":"ReadAction","target":["https:\/\/prefecturadeesmeraldas.gob.ec\/index.php\/prefectura-rechaza-nuevo-atentado-esta-vez-contra-trabajadores\/"]}]},{"@type":"ImageObject","inLanguage":"es","@id":"https:\/\/prefecturadeesmeraldas.gob.ec\/index.php\/prefectura-rechaza-nuevo-atentado-esta-vez-contra-trabajadores\/#primaryimage","url":"https:\/\/prefecturadeesmeraldas.gob.ec\/wp-content\/uploads\/2023\/09\/Redes-Sociales-Septiembre-2023-02-1.png","contentUrl":"https:\/\/prefecturadeesmeraldas.gob.ec\/wp-content\/uploads\/2023\/09\/Redes-Sociales-Septiembre-2023-02-1.png","width":916,"height":916},{"@type":"BreadcrumbList","@id":"https:\/\/prefecturadeesmeraldas.gob.ec\/index.php\/prefectura-rechaza-nuevo-atentado-esta-vez-contra-trabajadores\/#breadcrumb","itemListElement":[{"@type":"ListItem","position":1,"name":"Home","item":"https:\/\/prefecturadeesmeraldas.gob.ec\/"},{"@type":"ListItem","position":2,"name":"Prefectura rechaza nuevo atentado, esta vez contra trabajadores."}]},{"@type":"WebSite","@id":"https:\/\/prefecturadeesmeraldas.gob.ec\/#website","url":"https:\/\/prefecturadeesmeraldas.gob.ec\/","name":"Gobierno Aut\u00f3nomo Descentralizado de la Provincia de Esmeraldas","description":"Gobierno Aut\u00f3nomo Descentralizado de la Provincia de Esmeraldas","publisher":{"@id":"https:\/\/prefecturadeesmeraldas.gob.ec\/#organization"},"potentialAction":[{"@type":"SearchAction","target":{"@type":"EntryPoint","urlTemplate":"https:\/\/prefecturadeesmeraldas.gob.ec\/?s={search_term_string}"},"query-input":{"@type":"PropertyValueSpecification","valueRequired":true,"valueName":"search_term_string"}}],"inLanguage":"es"},{"@type":"Organization","@id":"https:\/\/prefecturadeesmeraldas.gob.ec\/#organization","name":"Gobierno Aut\u00f3nomo Descentralizado de la Provincia de Esmeraldas","url":"https:\/\/prefecturadeesmeraldas.gob.ec\/","logo":{"@type":"ImageObject","inLanguage":"es","@id":"https:\/\/prefecturadeesmeraldas.gob.ec\/#\/schema\/logo\/image\/","url":"https:\/\/prefecturadeesmeraldas.gob.ec\/wp-content\/uploads\/2019\/06\/logo.png","contentUrl":"https:\/\/prefecturadeesmeraldas.gob.ec\/wp-content\/uploads\/2019\/06\/logo.png","width":859,"height":448,"caption":"Gobierno Aut\u00f3nomo Descentralizado de la Provincia de Esmeraldas"},"image":{"@id":"https:\/\/prefecturadeesmeraldas.gob.ec\/#\/schema\/logo\/image\/"},"sameAs":["https:\/\/www.facebook.com\/PrefecturaEsmeraldas\/"]}]}},"_links":{"self":[{"href":"https:\/\/prefecturadeesmeraldas.gob.ec\/index.php\/wp-json\/wp\/v2\/pages\/23569","targetHints":{"allow":["GET"]}}],"collection":[{"href":"https:\/\/prefecturadeesmeraldas.gob.ec\/index.php\/wp-json\/wp\/v2\/pages"}],"about":[{"href":"https:\/\/prefecturadeesmeraldas.gob.ec\/index.php\/wp-json\/wp\/v2\/types\/page"}],"author":[{"embeddable":true,"href":"https:\/\/prefecturadeesmeraldas.gob.ec\/index.php\/wp-json\/wp\/v2\/users\/2"}],"replies":[{"embeddable":true,"href":"https:\/\/prefecturadeesmeraldas.gob.ec\/index.php\/wp-json\/wp\/v2\/comments?post=23569"}],"version-history":[{"count":0,"href":"https:\/\/prefecturadeesmeraldas.gob.ec\/index.php\/wp-json\/wp\/v2\/pages\/23569\/revisions"}],"wp:featuredmedia":[{"embeddable":true,"href":"https:\/\/prefecturadeesmeraldas.gob.ec\/index.php\/wp-json\/wp\/v2\/media\/23571"}],"wp:attachment":[{"href":"https:\/\/prefecturadeesmeraldas.gob.ec\/index.php\/wp-json\/wp\/v2\/media?parent=23569"}],"curies":[{"name":"wp","href":"https:\/\/api.w.org\/{rel}","templated":true}]}}