{"id":2,"date":"2019-06-12T20:29:08","date_gmt":"2019-06-12T20:29:08","guid":{"rendered":"http:\/\/prefecturadeesmeraldas.gob.ec\/?page_id=2"},"modified":"2019-06-19T09:25:47","modified_gmt":"2019-06-19T14:25:47","slug":"provincia-de-esmeraldas","status":"publish","type":"page","link":"https:\/\/prefecturadeesmeraldas.gob.ec\/index.php\/provincia-de-esmeraldas\/","title":{"rendered":"Provincia de Esmeraldas"},"content":{"rendered":"\n<p>Esta situada en la zona geogr\u00e1fica conocida como regi\u00f3n litoral o costa. Su capital administrativa es la ciudad de Esmeraldas, la cual adem\u00e1s es su urbe m\u00e1s grande y poblada. Ocupa un territorio de unos 14.893 km\u00b2, siendo la s\u00e9ptima provincia del pa\u00eds por extensi\u00f3n.<\/p>\n\n\n\n<blockquote class=\"wp-block-quote is-layout-flow wp-block-quote-is-layout-flow\"><p>Limita al este con Carchi e Imbabura, al sur con Santo Domingo de los Ts\u00e1chilas y Manab\u00ed, al sureste con Pichincha, al norte con la Provincia de Tumaco-Barbacoas, del departamento de Nari\u00f1o perteneciente a Colombia, y al oeste y norte con el oc\u00e9ano Pac\u00edfico a lo largo de una franja mar\u00edtima de unos 230 kil\u00f3metros.<\/p><\/blockquote>\n\n\n\n<p>&#8230;cantones<\/p>\n\n\n\n<blockquote class=\"wp-block-quote is-layout-flow wp-block-quote-is-layout-flow\"><p>En el territorio esmeralde\u00f1o habitan 491.168 personas, seg\u00fan el \u00faltimo censo nacional (2010), siendo la octava provincia m\u00e1s poblada del pa\u00eds. La Provincia de Esmeraldas est\u00e1 constituida por 7 cantones, con sus respectivas parroquias urbanas y rurales.<\/p><\/blockquote>\n\n\n\n<p>La provincia de Esmeraldas es conocida, adem\u00e1s de por sus hermosas playas, sus paisajes exuberantes y su clima c\u00e1lido y h\u00famedo, por ser tradicionalmente el territorio afroecuatoriano por excelencia. As\u00ed mismo, las selvas esmeralde\u00f1as son cuna de 3 de las 4 nacionalidades ind\u00edgenas de la Regi\u00f3n Litoral de Ecuador: los cayapas , los \u00e9pera y los aw\u00e1. El \u00e1rea de la provincia fue cuna de culturas como los At\u00e1came, Tolas, Cayapas. La colonizaci\u00f3n espa\u00f1ola se dio el 21 de septiembre de 1526, cuando Bartolom\u00e9 Ruiz ech\u00f3 anclas en la desembocadura de un &#8220;r\u00edo Grande&#8221; y denomin\u00f3 al sector como San Mateo, durante ese per\u00edodo la entidad m\u00e1xima y precursora de la provincia ser\u00eda el Gobierno de las Esmeraldas. Despu\u00e9s de la guerra independentista y la anexi\u00f3n de Ecuador a la Gran Colombia, se crea la Provincia de Pichincha el 25 de junio de 1824, en la que dentro de sus l\u00edmites se encuentra el actual territorio esmeralde\u00f1o. El 20 de noviembre de 1847 se crea la octava provincia del pa\u00eds, la Provincia de Esmeraldas. Es conocida como la provincia verde por su gran cantidad de productos agr\u00edcolas.<\/p>\n\n\n<div class=\"n2-section-smartslider fitvidsignore \" data-ssid=\"1\" tabindex=\"0\" role=\"region\" aria-label=\"Slider\"><div id=\"n2-ss-1-align\" class=\"n2-ss-align\"><div class=\"n2-padding\"><div id=\"n2-ss-1\" data-creator=\"Smart Slider 3\" data-responsive=\"auto\" class=\"n2-ss-slider n2-ow n2-has-hover n2notransition  \">\n\n\n\n\n\n<div class=\"n2-ss-slider-wrapper-outside\" style=\"grid-template-rows:1fr auto\"><div class=\"n2-ss-slider-wrapper-inside\">\n        <div class=\"n2-ss-slider-1 n2_ss__touch_element n2-ow\">\n            <div class=\"n2-ss-slider-2 n2-ow\">\n                                                <div class=\"n2-ss-slider-3 n2-ow\">\n\n                    <div class=\"n2-ss-slide-backgrounds n2-ow-all\"><div class=\"n2-ss-slide-background\" data-public-id=\"1\" data-mode=\"fill\"><div class=\"n2-ss-slide-background-image\" data-blur=\"0\" data-opacity=\"100\" data-x=\"50\" data-y=\"50\" data-alt=\"\" data-title=\"\"><picture class=\"skip-lazy\" data-skip-lazy=\"1\"><img decoding=\"async\" src=\"\/\/prefecturadeesmeraldas.gob.ec\/wp-content\/uploads\/2019\/06\/atacames.jpg\" alt=\"\" title=\"\" loading=\"lazy\" class=\"skip-lazy\" data-skip-lazy=\"1\"><\/picture><\/div><div data-color=\"RGBA(255,255,255,0)\" style=\"background-color: RGBA(255,255,255,0);\" class=\"n2-ss-slide-background-color\"><\/div><\/div><div class=\"n2-ss-slide-background\" data-public-id=\"2\" data-mode=\"fill\"><div class=\"n2-ss-slide-background-image\" data-blur=\"0\" data-opacity=\"100\" data-x=\"50\" data-y=\"50\" data-alt=\"\" data-title=\"\"><picture class=\"skip-lazy\" data-skip-lazy=\"1\"><img decoding=\"async\" src=\"\/\/prefecturadeesmeraldas.gob.ec\/wp-content\/uploads\/2019\/06\/quininde.jpg\" alt=\"\" title=\"\" loading=\"lazy\" class=\"skip-lazy\" data-skip-lazy=\"1\"><\/picture><\/div><div data-color=\"RGBA(255,255,255,0)\" style=\"background-color: RGBA(255,255,255,0);\" class=\"n2-ss-slide-background-color\"><\/div><\/div><div class=\"n2-ss-slide-background\" data-public-id=\"3\" data-mode=\"fill\"><div class=\"n2-ss-slide-background-image\" data-blur=\"0\" data-opacity=\"100\" data-x=\"50\" data-y=\"50\" data-alt=\"\" data-title=\"\"><picture class=\"skip-lazy\" data-skip-lazy=\"1\"><img decoding=\"async\" src=\"\/\/prefecturadeesmeraldas.gob.ec\/wp-content\/uploads\/2019\/06\/san_lorenzo.jpg\" alt=\"\" title=\"\" loading=\"lazy\" class=\"skip-lazy\" data-skip-lazy=\"1\"><\/picture><\/div><div data-color=\"RGBA(255,255,255,0)\" style=\"background-color: RGBA(255,255,255,0);\" class=\"n2-ss-slide-background-color\"><\/div><\/div><\/div>                    <div class=\"n2-ss-slider-4 n2-ow\">\n                        <svg xmlns=\"http:\/\/www.w3.org\/2000\/svg\" viewBox=\"0 0 1200 600\" data-related-device=\"desktopPortrait\" class=\"n2-ow n2-ss-preserve-size n2-ss-preserve-size--slider n2-ss-slide-limiter\"><\/svg><div data-first=\"1\" data-slide-duration=\"0\" data-id=\"1\" data-slide-public-id=\"1\" data-title=\"Slide One\" class=\"n2-ss-slide n2-ow  n2-ss-slide-1\"><div role=\"note\" class=\"n2-ss-slide--focus\" tabindex=\"-1\">Slide One<\/div><div class=\"n2-ss-layers-container n2-ss-slide-limiter n2-ow\"><div class=\"n2-ss-layer n2-ow n-uc-5jp7R0CE7Yow\" data-sstype=\"slide\" data-pm=\"default\"><div class=\"n2-ss-layer n2-ow n-uc-yNOJ0BffyC1l\" data-pm=\"default\" data-sstype=\"content\" data-hasbackground=\"0\"><div class=\"n2-ss-section-main-content n2-ss-layer-with-background n2-ss-layer-content n2-ow n-uc-yNOJ0BffyC1l-inner\"><div class=\"n2-ss-layer n2-ow n-uc-iToraH0jJJPa n2-ss-layer--auto\" data-pm=\"normal\" data-sstype=\"layer\"><h2 id=\"n2-ss-1item1\" class=\"n2-font-c4029ef2da27558b2269845ed3a9c1fa-hover n2-style-a0af177082ddcd8be736b701cce13f4a-heading   n2-ss-item-content n2-ss-text n2-ow\" style=\"display:inline-block;\">atacames<\/h2><\/div><div class=\"n2-ss-layer n2-ow n-uc-Vm3e6zfuoBPY n2-ss-layer--auto\" data-pm=\"normal\" data-sstype=\"layer\"><h2 id=\"n2-ss-1item2\" class=\"n2-font-9087b992e06e2597dab65e76f6f5bd7a-hover n2-style-f6284fa27d6d92da51afcb20758a6d74-heading   n2-ss-item-content n2-ss-text n2-ow\" style=\"display:inline-block;white-space:nowrap;\">Application Developer<\/h2><\/div><\/div><\/div><\/div><\/div><img decoding=\"async\" loading=\"lazy\" class=\"n2-ss-slide-thumbnail skip-lazy\" data-skip-lazy=\"1\" src=\"https:\/\/smartslider3.com\/sample\/developerthumbnail.jpg\" alt=\"Slide One\"><\/div><div data-slide-duration=\"0\" data-id=\"2\" data-slide-public-id=\"2\" data-title=\"Slide Two\" class=\"n2-ss-slide n2-ow  n2-ss-slide-2\"><div role=\"note\" class=\"n2-ss-slide--focus\" tabindex=\"-1\">Slide Two<\/div><div class=\"n2-ss-layers-container n2-ss-slide-limiter n2-ow\"><div class=\"n2-ss-layer n2-ow n-uc-GBf3ni2H9sA7\" data-sstype=\"slide\" data-pm=\"default\"><div class=\"n2-ss-layer n2-ow n-uc-kDfAldaeWM1F\" data-pm=\"default\" data-sstype=\"content\" data-hasbackground=\"0\"><div class=\"n2-ss-section-main-content n2-ss-layer-with-background n2-ss-layer-content n2-ow n-uc-kDfAldaeWM1F-inner\"><div class=\"n2-ss-layer n2-ow n-uc-E2GMr1GU1trQ n2-ss-layer--auto\" data-pm=\"normal\" data-sstype=\"layer\"><h2 id=\"n2-ss-1item3\" class=\"n2-font-c4029ef2da27558b2269845ed3a9c1fa-hover n2-style-a0af177082ddcd8be736b701cce13f4a-heading   n2-ss-item-content n2-ss-text n2-ow\" style=\"display:inline-block;\">QUININD\u00c9<\/h2><\/div><div class=\"n2-ss-layer n2-ow n-uc-QcYmHCDiWho2 n2-ss-layer--auto\" data-pm=\"normal\" data-sstype=\"layer\"><h2 id=\"n2-ss-1item4\" class=\"n2-font-9087b992e06e2597dab65e76f6f5bd7a-hover n2-style-f6284fa27d6d92da51afcb20758a6d74-heading   n2-ss-item-content n2-ss-text n2-ow\" style=\"display:inline-block;white-space:nowrap;\">Art Director &amp; Photographer<\/h2><\/div><\/div><\/div><\/div><\/div><img decoding=\"async\" loading=\"lazy\" class=\"n2-ss-slide-thumbnail skip-lazy\" data-skip-lazy=\"1\" src=\"https:\/\/smartslider3.com\/sample\/artdirectorthumbnail.jpg\" alt=\"Slide Two\"><\/div><div data-slide-duration=\"0\" data-id=\"3\" data-slide-public-id=\"3\" data-title=\"Slide Three\" class=\"n2-ss-slide n2-ow  n2-ss-slide-3\"><div role=\"note\" class=\"n2-ss-slide--focus\" tabindex=\"-1\">Slide Three<\/div><div class=\"n2-ss-layers-container n2-ss-slide-limiter n2-ow\"><div class=\"n2-ss-layer n2-ow n-uc-Cg8KZ8ANOdcZ\" data-sstype=\"slide\" data-pm=\"default\"><div class=\"n2-ss-layer n2-ow n-uc-75GHZ2WH5UwF\" data-pm=\"default\" data-sstype=\"content\" data-hasbackground=\"0\"><div class=\"n2-ss-section-main-content n2-ss-layer-with-background n2-ss-layer-content n2-ow n-uc-75GHZ2WH5UwF-inner\"><div class=\"n2-ss-layer n2-ow n-uc-bHFGFqiqLyP1 n2-ss-layer--auto\" data-pm=\"normal\" data-sstype=\"layer\"><h2 id=\"n2-ss-1item5\" class=\"n2-font-c4029ef2da27558b2269845ed3a9c1fa-hover n2-style-a0af177082ddcd8be736b701cce13f4a-heading   n2-ss-item-content n2-ss-text n2-ow\" style=\"display:inline-block;\">San Lorenzo<\/h2><\/div><div class=\"n2-ss-layer n2-ow n-uc-HeKsvXEQgF7j n2-ss-layer--auto\" data-pm=\"normal\" data-sstype=\"layer\"><h2 id=\"n2-ss-1item6\" class=\"n2-font-9087b992e06e2597dab65e76f6f5bd7a-hover n2-style-f6284fa27d6d92da51afcb20758a6d74-heading   n2-ss-item-content n2-ss-text n2-ow\" style=\"display:inline-block;\">Photographer &amp; Illustrator<\/h2><\/div><\/div><\/div><\/div><\/div><img decoding=\"async\" loading=\"lazy\" class=\"n2-ss-slide-thumbnail skip-lazy\" data-skip-lazy=\"1\" src=\"https:\/\/smartslider3.com\/sample\/photographerthumbnail.jpg\" alt=\"Slide Three\"><\/div>                    <\/div>\n\n                                    <\/div>\n            <\/div>\n        <\/div>\n        <div class=\"n2-ss-slider-controls n2-ss-slider-controls-absolute-left-center\"><div style=\"--widget-offset:15px;\" class=\"n2-ss-widget nextend-arrow n2-ow-all nextend-arrow-previous  nextend-arrow-animated-fade\" data-hide-mobileportrait=\"1\" id=\"n2-ss-1-arrow-previous\" role=\"button\" aria-label=\"previous arrow\" tabindex=\"0\"><img decoding=\"async\" width=\"32\" height=\"32\" class=\"skip-lazy\" data-skip-lazy=\"1\" src=\"data:image\/svg+xml;base64,PHN2ZyB3aWR0aD0iMzIiIGhlaWdodD0iMzIiIHZpZXdCb3g9IjAgMCAzMiAzMiIgeG1sbnM9Imh0dHA6Ly93d3cudzMub3JnLzIwMDAvc3ZnIj4KICAgIDxwYXRoIGQ9Ik0xMS40MzMgMTUuOTkyTDIyLjY5IDUuNzEyYy4zOTMtLjM5LjM5My0xLjAzIDAtMS40Mi0uMzkzLS4zOS0xLjAzLS4zOS0xLjQyMyAwbC0xMS45OCAxMC45NGMtLjIxLjIxLS4zLjQ5LS4yODUuNzYtLjAxNS4yOC4wNzUuNTYuMjg0Ljc3bDExLjk4IDEwLjk0Yy4zOTMuMzkgMS4wMy4zOSAxLjQyNCAwIC4zOTMtLjQuMzkzLTEuMDMgMC0xLjQybC0xMS4yNTctMTAuMjkiCiAgICAgICAgICBmaWxsPSIjZmZmZmZmIiBvcGFjaXR5PSIwLjgiIGZpbGwtcnVsZT0iZXZlbm9kZCIvPgo8L3N2Zz4=\" alt=\"previous arrow\"><\/div><\/div><div class=\"n2-ss-slider-controls n2-ss-slider-controls-absolute-right-center\"><div style=\"--widget-offset:15px;\" class=\"n2-ss-widget nextend-arrow n2-ow-all nextend-arrow-next  nextend-arrow-animated-fade\" data-hide-mobileportrait=\"1\" id=\"n2-ss-1-arrow-next\" role=\"button\" aria-label=\"next arrow\" tabindex=\"0\"><img decoding=\"async\" width=\"32\" height=\"32\" class=\"skip-lazy\" data-skip-lazy=\"1\" src=\"data:image\/svg+xml;base64,PHN2ZyB3aWR0aD0iMzIiIGhlaWdodD0iMzIiIHZpZXdCb3g9IjAgMCAzMiAzMiIgeG1sbnM9Imh0dHA6Ly93d3cudzMub3JnLzIwMDAvc3ZnIj4KICAgIDxwYXRoIGQ9Ik0xMC43MjIgNC4yOTNjLS4zOTQtLjM5LTEuMDMyLS4zOS0xLjQyNyAwLS4zOTMuMzktLjM5MyAxLjAzIDAgMS40MmwxMS4yODMgMTAuMjgtMTEuMjgzIDEwLjI5Yy0uMzkzLjM5LS4zOTMgMS4wMiAwIDEuNDIuMzk1LjM5IDEuMDMzLjM5IDEuNDI3IDBsMTIuMDA3LTEwLjk0Yy4yMS0uMjEuMy0uNDkuMjg0LS43Ny4wMTQtLjI3LS4wNzYtLjU1LS4yODYtLjc2TDEwLjcyIDQuMjkzeiIKICAgICAgICAgIGZpbGw9IiNmZmZmZmYiIG9wYWNpdHk9IjAuOCIgZmlsbC1ydWxlPSJldmVub2RkIi8+Cjwvc3ZnPg==\" alt=\"next arrow\"><\/div><\/div><\/div><div class=\"n2-ss-slider-controls n2-ss-slider-controls-below\"><div style=\"--widget-offset:10px;\" class=\"n2-ss-widget n2-ss-control-bullet n2-ow-all n2-ss-control-bullet-horizontal\"><div class=\" nextend-bullet-bar n2-bar-justify-content-center\" role=\"group\" aria-label=\"Choose slide to display.\"><div class=\"n2-bullet n2-style-98b890a69860771f94d32019bd5202d1-dot \" style=\"visibility:hidden;\"><\/div><\/div><\/div><\/div><\/div><\/div><ss3-loader><\/ss3-loader><\/div><\/div><div class=\"n2_clear\"><\/div><\/div>","protected":false},"excerpt":{"rendered":"<p>Esta situada en la zona geogr\u00e1fica conocida como regi\u00f3n litoral o costa. Su capital administrativa es la ciudad de Esmeraldas, la cual adem\u00e1s es su urbe m\u00e1s grande y poblada. Ocupa un territorio de unos 14.893 km\u00b2, siendo la s\u00e9ptima provincia del pa\u00eds por extensi\u00f3n. Limita al este con Carchi e Imbabura, al sur con [&hellip;]<\/p>\n","protected":false},"author":2,"featured_media":0,"parent":0,"menu_order":0,"comment_status":"closed","ping_status":"open","template":"","meta":{"footnotes":""},"class_list":["post-2","page","type-page","status-publish","hentry"],"yoast_head":"<!-- This site is optimized with the Yoast SEO plugin v25.7 - https:\/\/yoast.com\/wordpress\/plugins\/seo\/ -->\n<title>Provincia de Esmeraldas - Gobierno Aut\u00f3nomo Descentralizado de la Provincia de Esmeraldas<\/title>\n<meta name=\"description\" content=\"Informaci\u00f3n importante de los cantones de la Provincia: Atacames, Esmeraldas, Elo Alfaro, Muisne, Rioverde, San Lorenzo y Quinind\u00e9.\" \/>\n<meta name=\"robots\" content=\"index, follow, max-snippet:-1, max-image-preview:large, max-video-preview:-1\" \/>\n<link rel=\"canonical\" href=\"https:\/\/prefecturadeesmeraldas.gob.ec\/index.php\/provincia-de-esmeraldas\/\" \/>\n<meta property=\"og:locale\" content=\"es_ES\" \/>\n<meta property=\"og:type\" content=\"article\" \/>\n<meta property=\"og:title\" content=\"Provincia de Esmeraldas - Gobierno Aut\u00f3nomo Descentralizado de la Provincia de Esmeraldas\" \/>\n<meta property=\"og:description\" content=\"Informaci\u00f3n importante de los cantones de la Provincia: Atacames, Esmeraldas, Elo Alfaro, Muisne, Rioverde, San Lorenzo y Quinind\u00e9.\" \/>\n<meta property=\"og:url\" content=\"https:\/\/prefecturadeesmeraldas.gob.ec\/index.php\/provincia-de-esmeraldas\/\" \/>\n<meta property=\"og:site_name\" content=\"Gobierno Aut\u00f3nomo Descentralizado de la Provincia de Esmeraldas\" \/>\n<meta property=\"article:publisher\" content=\"https:\/\/www.facebook.com\/PrefecturaEsmeraldas\/\" \/>\n<meta property=\"article:modified_time\" content=\"2019-06-19T14:25:47+00:00\" \/>\n<meta name=\"twitter:card\" content=\"summary_large_image\" \/>\n<meta name=\"twitter:label1\" content=\"Tiempo de lectura\" \/>\n\t<meta name=\"twitter:data1\" content=\"2 minutos\" \/>\n<script type=\"application\/ld+json\" class=\"yoast-schema-graph\">{\"@context\":\"https:\/\/schema.org\",\"@graph\":[{\"@type\":\"WebPage\",\"@id\":\"https:\/\/prefecturadeesmeraldas.gob.ec\/index.php\/provincia-de-esmeraldas\/\",\"url\":\"https:\/\/prefecturadeesmeraldas.gob.ec\/index.php\/provincia-de-esmeraldas\/\",\"name\":\"Provincia de Esmeraldas - Gobierno Aut\u00f3nomo Descentralizado de la Provincia de Esmeraldas\",\"isPartOf\":{\"@id\":\"https:\/\/prefecturadeesmeraldas.gob.ec\/#website\"},\"datePublished\":\"2019-06-12T20:29:08+00:00\",\"dateModified\":\"2019-06-19T14:25:47+00:00\",\"description\":\"Informaci\u00f3n importante de los cantones de la Provincia: Atacames, Esmeraldas, Elo Alfaro, Muisne, Rioverde, San Lorenzo y Quinind\u00e9.\",\"breadcrumb\":{\"@id\":\"https:\/\/prefecturadeesmeraldas.gob.ec\/index.php\/provincia-de-esmeraldas\/#breadcrumb\"},\"inLanguage\":\"es\",\"potentialAction\":[{\"@type\":\"ReadAction\",\"target\":[\"https:\/\/prefecturadeesmeraldas.gob.ec\/index.php\/provincia-de-esmeraldas\/\"]}]},{\"@type\":\"BreadcrumbList\",\"@id\":\"https:\/\/prefecturadeesmeraldas.gob.ec\/index.php\/provincia-de-esmeraldas\/#breadcrumb\",\"itemListElement\":[{\"@type\":\"ListItem\",\"position\":1,\"name\":\"Home\",\"item\":\"https:\/\/prefecturadeesmeraldas.gob.ec\/\"},{\"@type\":\"ListItem\",\"position\":2,\"name\":\"Provincia de Esmeraldas\"}]},{\"@type\":\"WebSite\",\"@id\":\"https:\/\/prefecturadeesmeraldas.gob.ec\/#website\",\"url\":\"https:\/\/prefecturadeesmeraldas.gob.ec\/\",\"name\":\"Gobierno Aut\u00f3nomo Descentralizado de la Provincia de Esmeraldas\",\"description\":\"Gobierno Aut\u00f3nomo Descentralizado de la Provincia de Esmeraldas\",\"publisher\":{\"@id\":\"https:\/\/prefecturadeesmeraldas.gob.ec\/#organization\"},\"potentialAction\":[{\"@type\":\"SearchAction\",\"target\":{\"@type\":\"EntryPoint\",\"urlTemplate\":\"https:\/\/prefecturadeesmeraldas.gob.ec\/?s={search_term_string}\"},\"query-input\":{\"@type\":\"PropertyValueSpecification\",\"valueRequired\":true,\"valueName\":\"search_term_string\"}}],\"inLanguage\":\"es\"},{\"@type\":\"Organization\",\"@id\":\"https:\/\/prefecturadeesmeraldas.gob.ec\/#organization\",\"name\":\"Gobierno Aut\u00f3nomo Descentralizado de la Provincia de Esmeraldas\",\"url\":\"https:\/\/prefecturadeesmeraldas.gob.ec\/\",\"logo\":{\"@type\":\"ImageObject\",\"inLanguage\":\"es\",\"@id\":\"https:\/\/prefecturadeesmeraldas.gob.ec\/#\/schema\/logo\/image\/\",\"url\":\"https:\/\/prefecturadeesmeraldas.gob.ec\/wp-content\/uploads\/2019\/06\/logo.png\",\"contentUrl\":\"https:\/\/prefecturadeesmeraldas.gob.ec\/wp-content\/uploads\/2019\/06\/logo.png\",\"width\":859,\"height\":448,\"caption\":\"Gobierno Aut\u00f3nomo Descentralizado de la Provincia de Esmeraldas\"},\"image\":{\"@id\":\"https:\/\/prefecturadeesmeraldas.gob.ec\/#\/schema\/logo\/image\/\"},\"sameAs\":[\"https:\/\/www.facebook.com\/PrefecturaEsmeraldas\/\"]}]}<\/script>\n<!-- \/ Yoast SEO plugin. -->","yoast_head_json":{"title":"Provincia de Esmeraldas - Gobierno Aut\u00f3nomo Descentralizado de la Provincia de Esmeraldas","description":"Informaci\u00f3n importante de los cantones de la Provincia: Atacames, Esmeraldas, Elo Alfaro, Muisne, Rioverde, San Lorenzo y Quinind\u00e9.","robots":{"index":"index","follow":"follow","max-snippet":"max-snippet:-1","max-image-preview":"max-image-preview:large","max-video-preview":"max-video-preview:-1"},"canonical":"https:\/\/prefecturadeesmeraldas.gob.ec\/index.php\/provincia-de-esmeraldas\/","og_locale":"es_ES","og_type":"article","og_title":"Provincia de Esmeraldas - Gobierno Aut\u00f3nomo Descentralizado de la Provincia de Esmeraldas","og_description":"Informaci\u00f3n importante de los cantones de la Provincia: Atacames, Esmeraldas, Elo Alfaro, Muisne, Rioverde, San Lorenzo y Quinind\u00e9.","og_url":"https:\/\/prefecturadeesmeraldas.gob.ec\/index.php\/provincia-de-esmeraldas\/","og_site_name":"Gobierno Aut\u00f3nomo Descentralizado de la Provincia de Esmeraldas","article_publisher":"https:\/\/www.facebook.com\/PrefecturaEsmeraldas\/","article_modified_time":"2019-06-19T14:25:47+00:00","twitter_card":"summary_large_image","twitter_misc":{"Tiempo de lectura":"2 minutos"},"schema":{"@context":"https:\/\/schema.org","@graph":[{"@type":"WebPage","@id":"https:\/\/prefecturadeesmeraldas.gob.ec\/index.php\/provincia-de-esmeraldas\/","url":"https:\/\/prefecturadeesmeraldas.gob.ec\/index.php\/provincia-de-esmeraldas\/","name":"Provincia de Esmeraldas - Gobierno Aut\u00f3nomo Descentralizado de la Provincia de Esmeraldas","isPartOf":{"@id":"https:\/\/prefecturadeesmeraldas.gob.ec\/#website"},"datePublished":"2019-06-12T20:29:08+00:00","dateModified":"2019-06-19T14:25:47+00:00","description":"Informaci\u00f3n importante de los cantones de la Provincia: Atacames, Esmeraldas, Elo Alfaro, Muisne, Rioverde, San Lorenzo y Quinind\u00e9.","breadcrumb":{"@id":"https:\/\/prefecturadeesmeraldas.gob.ec\/index.php\/provincia-de-esmeraldas\/#breadcrumb"},"inLanguage":"es","potentialAction":[{"@type":"ReadAction","target":["https:\/\/prefecturadeesmeraldas.gob.ec\/index.php\/provincia-de-esmeraldas\/"]}]},{"@type":"BreadcrumbList","@id":"https:\/\/prefecturadeesmeraldas.gob.ec\/index.php\/provincia-de-esmeraldas\/#breadcrumb","itemListElement":[{"@type":"ListItem","position":1,"name":"Home","item":"https:\/\/prefecturadeesmeraldas.gob.ec\/"},{"@type":"ListItem","position":2,"name":"Provincia de Esmeraldas"}]},{"@type":"WebSite","@id":"https:\/\/prefecturadeesmeraldas.gob.ec\/#website","url":"https:\/\/prefecturadeesmeraldas.gob.ec\/","name":"Gobierno Aut\u00f3nomo Descentralizado de la Provincia de Esmeraldas","description":"Gobierno Aut\u00f3nomo Descentralizado de la Provincia de Esmeraldas","publisher":{"@id":"https:\/\/prefecturadeesmeraldas.gob.ec\/#organization"},"potentialAction":[{"@type":"SearchAction","target":{"@type":"EntryPoint","urlTemplate":"https:\/\/prefecturadeesmeraldas.gob.ec\/?s={search_term_string}"},"query-input":{"@type":"PropertyValueSpecification","valueRequired":true,"valueName":"search_term_string"}}],"inLanguage":"es"},{"@type":"Organization","@id":"https:\/\/prefecturadeesmeraldas.gob.ec\/#organization","name":"Gobierno Aut\u00f3nomo Descentralizado de la Provincia de Esmeraldas","url":"https:\/\/prefecturadeesmeraldas.gob.ec\/","logo":{"@type":"ImageObject","inLanguage":"es","@id":"https:\/\/prefecturadeesmeraldas.gob.ec\/#\/schema\/logo\/image\/","url":"https:\/\/prefecturadeesmeraldas.gob.ec\/wp-content\/uploads\/2019\/06\/logo.png","contentUrl":"https:\/\/prefecturadeesmeraldas.gob.ec\/wp-content\/uploads\/2019\/06\/logo.png","width":859,"height":448,"caption":"Gobierno Aut\u00f3nomo Descentralizado de la Provincia de Esmeraldas"},"image":{"@id":"https:\/\/prefecturadeesmeraldas.gob.ec\/#\/schema\/logo\/image\/"},"sameAs":["https:\/\/www.facebook.com\/PrefecturaEsmeraldas\/"]}]}},"_links":{"self":[{"href":"https:\/\/prefecturadeesmeraldas.gob.ec\/index.php\/wp-json\/wp\/v2\/pages\/2","targetHints":{"allow":["GET"]}}],"collection":[{"href":"https:\/\/prefecturadeesmeraldas.gob.ec\/index.php\/wp-json\/wp\/v2\/pages"}],"about":[{"href":"https:\/\/prefecturadeesmeraldas.gob.ec\/index.php\/wp-json\/wp\/v2\/types\/page"}],"author":[{"embeddable":true,"href":"https:\/\/prefecturadeesmeraldas.gob.ec\/index.php\/wp-json\/wp\/v2\/users\/2"}],"replies":[{"embeddable":true,"href":"https:\/\/prefecturadeesmeraldas.gob.ec\/index.php\/wp-json\/wp\/v2\/comments?post=2"}],"version-history":[{"count":0,"href":"https:\/\/prefecturadeesmeraldas.gob.ec\/index.php\/wp-json\/wp\/v2\/pages\/2\/revisions"}],"wp:attachment":[{"href":"https:\/\/prefecturadeesmeraldas.gob.ec\/index.php\/wp-json\/wp\/v2\/media?parent=2"}],"curies":[{"name":"wp","href":"https:\/\/api.w.org\/{rel}","templated":true}]}}