{"id":17231,"date":"2019-11-04T14:12:22","date_gmt":"2019-11-04T19:12:22","guid":{"rendered":"http:\/\/thegov.wgl-demo.net\/?page_id=376"},"modified":"2022-09-04T23:40:31","modified_gmt":"2022-09-05T04:40:31","slug":"turismo-en-esmeraldas","status":"publish","type":"page","link":"https:\/\/prefecturadeesmeraldas.gob.ec\/index.php\/turismo-en-esmeraldas\/","title":{"rendered":"Turismo en Esmeraldas"},"content":{"rendered":"\t\t<div data-elementor-type=\"wp-page\" data-elementor-id=\"17231\" class=\"elementor elementor-17231\">\n\t\t\t\t\t\t<section class=\"elementor-section elementor-top-section elementor-element elementor-element-696fb21 elementor-section-boxed elementor-section-height-default elementor-section-height-default\" data-id=\"696fb21\" data-element_type=\"section\">\n\t\t\t\t\t\t<div class=\"elementor-container elementor-column-gap-default\">\n\t\t\t\t\t<div class=\"elementor-column elementor-col-100 elementor-top-column elementor-element elementor-element-d9a6014\" data-id=\"d9a6014\" data-element_type=\"column\">\n\t\t\t<div class=\"elementor-widget-wrap elementor-element-populated\">\n\t\t\t\t\t\t<div class=\"elementor-element elementor-element-e88d9cb divider_yes elementor-widget elementor-widget-wgl-double-headings\" data-id=\"e88d9cb\" data-element_type=\"widget\" data-widget_type=\"wgl-double-headings.default\">\n\t\t\t\t<div class=\"elementor-widget-container\">\n\t\t\t\t\t<div class=\"wgl-double_heading acenter\">                <h3 class=\"dbl-title_wrapper\"><span class=\"dbl-title dbl-title_1\">Las ultimas noticias sobre la fomentaci\u00f3n del turismo<\/span>                 <\/h3>        <\/div>\t\t\t\t<\/div>\n\t\t\t\t<\/div>\n\t\t\t\t\t<\/div>\n\t\t<\/div>\n\t\t\t\t\t<\/div>\n\t\t<\/section>\n\t\t\t\t<section class=\"elementor-section elementor-top-section elementor-element elementor-element-9e6492b elementor-section-boxed elementor-section-height-default elementor-section-height-default\" data-id=\"9e6492b\" data-element_type=\"section\">\n\t\t\t\t\t\t<div class=\"elementor-container elementor-column-gap-default\">\n\t\t\t\t\t<div class=\"elementor-column elementor-col-100 elementor-top-column elementor-element elementor-element-9c02f41\" data-id=\"9c02f41\" data-element_type=\"column\">\n\t\t\t<div class=\"elementor-widget-wrap elementor-element-populated\">\n\t\t\t\t\t\t<div class=\"elementor-element elementor-element-ad13bf5 elementor-widget elementor-widget-spacer\" data-id=\"ad13bf5\" data-element_type=\"widget\" data-widget_type=\"spacer.default\">\n\t\t\t\t<div class=\"elementor-widget-container\">\n\t\t\t\t\t\t\t<div class=\"elementor-spacer\">\n\t\t\t<div class=\"elementor-spacer-inner\"><\/div>\n\t\t<\/div>\n\t\t\t\t\t\t<\/div>\n\t\t\t\t<\/div>\n\t\t\t\t\t<\/div>\n\t\t<\/div>\n\t\t\t\t\t<\/div>\n\t\t<\/section>\n\t\t\t\t<section class=\"elementor-section elementor-top-section elementor-element elementor-element-7891677 elementor-section-boxed elementor-section-height-default elementor-section-height-default\" data-id=\"7891677\" data-element_type=\"section\">\n\t\t\t\t\t\t<div class=\"elementor-container elementor-column-gap-default\">\n\t\t\t\t\t<div class=\"elementor-column elementor-col-100 elementor-top-column elementor-element elementor-element-a5c1236\" data-id=\"a5c1236\" data-element_type=\"column\">\n\t\t\t<div class=\"elementor-widget-wrap elementor-element-populated\">\n\t\t\t\t\t\t<div class=\"elementor-element elementor-element-c749dc3 elementor-widget elementor-widget-wgl-blog\" data-id=\"c749dc3\" data-element_type=\"widget\" data-settings=\"{&quot;blog_columns&quot;:&quot;6&quot;}\" data-widget_type=\"wgl-blog.default\">\n\t\t\t\t<div class=\"elementor-widget-container\">\n\t\t\t\t\t            <section class=\"wgl_cpt_section\">\n                <div class=\"blog-posts\">\n                    <div class=\"wgl_module_title item_title\"><h3 class=\"thegov_module_title blog_title\">Noticias - Turismo<\/h3><\/div><div class=\"container-grid row blog_masonry blog_columns-2 masonry blog-style-standard\"><div class=\"wgl_col-6 item\">\r\n    <div class=\"blog-post  format-standard-image\">\r\n        <div class=\"blog-post_wrapper\">\r\n\r\n            <div class=\"blog-post_media\"><div class=\"blog-post_media_part\"><a href=\"https:\/\/prefecturadeesmeraldas.gob.ec\/index.php\/2026\/02\/19\/esmeraldas-y-carchi-fortalecen-lazos-turisticos\/\" class=\"blog-post_feature-link\"><img src='https:\/\/prefecturadeesmeraldas.gob.ec\/wp-content\/uploads\/2026\/02\/111.enc_-25-840x620.jpg' alt='111.enc' \/><\/a><\/div><\/div>            <div class=\"blog-post_content\">\r\n            <div class=\"blog-post_content-mid\"><h3 class=\"blog-post_title\"><a href=\"https:\/\/prefecturadeesmeraldas.gob.ec\/index.php\/2026\/02\/19\/esmeraldas-y-carchi-fortalecen-lazos-turisticos\/\">Esmeraldas y Carchi fortalecen lazos tur\u00edsticos.<\/a><\/h3><\/div>\r\n                <div class='blog-post_meta-desc'>  \r\n                                    <\/div>\r\n\r\n                            <\/div>\r\n        <\/div>\r\n    <\/div>\r\n    <\/div><div class=\"wgl_col-6 item\">\r\n    <div class=\"blog-post  format-standard-image\">\r\n        <div class=\"blog-post_wrapper\">\r\n\r\n            <div class=\"blog-post_media\"><div class=\"blog-post_media_part\"><a href=\"https:\/\/prefecturadeesmeraldas.gob.ec\/index.php\/2026\/02\/03\/pasaporte-verde-continua-promoviendo-los-atractivos-turisticos-de-esmeraldas\/\" class=\"blog-post_feature-link\"><img src='https:\/\/prefecturadeesmeraldas.gob.ec\/wp-content\/uploads\/2026\/02\/111.enc_-4-840x620.jpg' alt='111.enc' \/><\/a><\/div><\/div>            <div class=\"blog-post_content\">\r\n            <div class=\"blog-post_content-mid\"><h3 class=\"blog-post_title\"><a href=\"https:\/\/prefecturadeesmeraldas.gob.ec\/index.php\/2026\/02\/03\/pasaporte-verde-continua-promoviendo-los-atractivos-turisticos-de-esmeraldas\/\">Pasaporte Verde contin\u00faa promoviendo los atractivos tur\u00edsticos de Esmeraldas.<\/a><\/h3><\/div>\r\n                <div class='blog-post_meta-desc'>  \r\n                                    <\/div>\r\n\r\n                            <\/div>\r\n        <\/div>\r\n    <\/div>\r\n    <\/div><div class=\"wgl_col-6 item\">\r\n    <div class=\"blog-post  format-standard-image\">\r\n        <div class=\"blog-post_wrapper\">\r\n\r\n            <div class=\"blog-post_media\"><div class=\"blog-post_media_part\"><a href=\"https:\/\/prefecturadeesmeraldas.gob.ec\/index.php\/2026\/01\/28\/nueva-area-de-conservacion-de-la-provincia-abre-un-nuevo-atractivo-para-el-turismo\/\" class=\"blog-post_feature-link\"><img src='https:\/\/prefecturadeesmeraldas.gob.ec\/wp-content\/uploads\/2026\/01\/111.enc_-36-e1769618245707-840x620-840x620.jpg' alt='111.enc' \/><\/a><\/div><\/div>            <div class=\"blog-post_content\">\r\n            <div class=\"blog-post_content-mid\"><h3 class=\"blog-post_title\"><a href=\"https:\/\/prefecturadeesmeraldas.gob.ec\/index.php\/2026\/01\/28\/nueva-area-de-conservacion-de-la-provincia-abre-un-nuevo-atractivo-para-el-turismo\/\">Nueva \u00e1rea de conservaci\u00f3n de la provincia abre un nuevo atractivo para el turismo.<\/a><\/h3><\/div>\r\n                <div class='blog-post_meta-desc'>  \r\n                                    <\/div>\r\n\r\n                            <\/div>\r\n        <\/div>\r\n    <\/div>\r\n    <\/div><div class=\"wgl_col-6 item\">\r\n    <div class=\"blog-post  format-standard-image\">\r\n        <div class=\"blog-post_wrapper\">\r\n\r\n            <div class=\"blog-post_media\"><div class=\"blog-post_media_part\"><a href=\"https:\/\/prefecturadeesmeraldas.gob.ec\/index.php\/2026\/01\/27\/iniciamos-el-2026-promoviendo-nuevos-destinos-turisticos-con-pasaporte-verde\/\" class=\"blog-post_feature-link\"><img src='https:\/\/prefecturadeesmeraldas.gob.ec\/wp-content\/uploads\/2026\/01\/111.enc_-32-840x620.jpg' alt='111.enc' \/><\/a><\/div><\/div>            <div class=\"blog-post_content\">\r\n            <div class=\"blog-post_content-mid\"><h3 class=\"blog-post_title\"><a href=\"https:\/\/prefecturadeesmeraldas.gob.ec\/index.php\/2026\/01\/27\/iniciamos-el-2026-promoviendo-nuevos-destinos-turisticos-con-pasaporte-verde\/\">Iniciamos el 2026 promoviendo nuevos destinos tur\u00edsticos con \u201cPasaporte Verde\u201d.<\/a><\/h3><\/div>\r\n                <div class='blog-post_meta-desc'>  \r\n                                    <\/div>\r\n\r\n                            <\/div>\r\n        <\/div>\r\n    <\/div>\r\n    <\/div><div class=\"wgl_col-6 item\">\r\n    <div class=\"blog-post  format-standard-image\">\r\n        <div class=\"blog-post_wrapper\">\r\n\r\n            <div class=\"blog-post_media\"><div class=\"blog-post_media_part\"><a href=\"https:\/\/prefecturadeesmeraldas.gob.ec\/index.php\/2025\/03\/19\/exito-del-rally-cross-en-quininde-una-jornada-de-deporte-y-reactivacion-economica\/\" class=\"blog-post_feature-link\"><img src='https:\/\/prefecturadeesmeraldas.gob.ec\/wp-content\/uploads\/2025\/03\/WhatsApp-Image-2025-03-18-at-12.32.21-840x620-840x620.jpeg' alt='WhatsApp Image 2025-03-18 at 12.32.21' \/><\/a><\/div><\/div>            <div class=\"blog-post_content\">\r\n            <div class=\"blog-post_content-mid\"><h3 class=\"blog-post_title\"><a href=\"https:\/\/prefecturadeesmeraldas.gob.ec\/index.php\/2025\/03\/19\/exito-del-rally-cross-en-quininde-una-jornada-de-deporte-y-reactivacion-economica\/\">\u00c9xito del rally- cross en Quinind\u00e9: una jornada de deporte y reactivaci\u00f3n econ\u00f3mica.<\/a><\/h3><\/div>\r\n                <div class='blog-post_meta-desc'>  \r\n                                    <\/div>\r\n\r\n                            <\/div>\r\n        <\/div>\r\n    <\/div>\r\n    <\/div><div class=\"wgl_col-6 item\">\r\n    <div class=\"blog-post  format-standard-image\">\r\n        <div class=\"blog-post_wrapper\">\r\n\r\n            <div class=\"blog-post_media\"><div class=\"blog-post_media_part\"><a href=\"https:\/\/prefecturadeesmeraldas.gob.ec\/index.php\/2024\/12\/18\/prefectura-inaugura-el-restaurante-y-mercado-de-mariscos-mi-vecina-en-tachina\/\" class=\"blog-post_feature-link\"><img src='https:\/\/prefecturadeesmeraldas.gob.ec\/wp-content\/uploads\/2024\/12\/WhatsApp-Image-2024-12-18-at-09.02.07-840x620-840x620.jpeg' alt='WhatsApp Image 2024-12-18 at 09.02.07' \/><\/a><\/div><\/div>            <div class=\"blog-post_content\">\r\n            <div class=\"blog-post_content-mid\"><h3 class=\"blog-post_title\"><a href=\"https:\/\/prefecturadeesmeraldas.gob.ec\/index.php\/2024\/12\/18\/prefectura-inaugura-el-restaurante-y-mercado-de-mariscos-mi-vecina-en-tachina\/\">Prefectura inaugura el restaurante y mercado de mariscos \u201cMi Vecina\u201d en Tachina.<\/a><\/h3><\/div>\r\n                <div class='blog-post_meta-desc'>  \r\n                                    <\/div>\r\n\r\n                            <\/div>\r\n        <\/div>\r\n    <\/div>\r\n    <\/div><\/div>                <\/div>\n        <ul class=\"wgl-pagination \"><li class=\"page\"><span aria-current=\"page\" class=\"page-numbers current\">1<\/span><\/li><li class=\"page\"><a class=\"page-numbers\" href=\"https:\/\/prefecturadeesmeraldas.gob.ec\/index.php\/wp-json\/wp\/v2\/pages\/17231\/page\/2\/\">2<\/a><\/li><li class=\"page\"><a class=\"page-numbers\" href=\"https:\/\/prefecturadeesmeraldas.gob.ec\/index.php\/wp-json\/wp\/v2\/pages\/17231\/page\/3\/\">3<\/a><\/li><li class=\"page\"><span class=\"page-numbers dots\">&hellip;<\/span><\/li><li class=\"page\"><a class=\"page-numbers\" href=\"https:\/\/prefecturadeesmeraldas.gob.ec\/index.php\/wp-json\/wp\/v2\/pages\/17231\/page\/12\/\">12<\/a><\/li><li class=\"page\"><a class=\"next page-numbers\" href=\"https:\/\/prefecturadeesmeraldas.gob.ec\/index.php\/wp-json\/wp\/v2\/pages\/17231\/page\/2\/\"><i class=\"fa flaticon-right\"><\/i><\/a><\/li><\/ul><\/section>\t\t\t\t<\/div>\n\t\t\t\t<\/div>\n\t\t\t\t\t<\/div>\n\t\t<\/div>\n\t\t\t\t\t<\/div>\n\t\t<\/section>\n\t\t\t\t<section class=\"elementor-section elementor-top-section elementor-element elementor-element-8c771f1 elementor-section-boxed elementor-section-height-default elementor-section-height-default\" data-id=\"8c771f1\" data-element_type=\"section\">\n\t\t\t\t\t\t<div class=\"elementor-container elementor-column-gap-default\">\n\t\t\t\t\t<div class=\"elementor-column elementor-col-100 elementor-top-column elementor-element elementor-element-37a107c\" data-id=\"37a107c\" data-element_type=\"column\">\n\t\t\t<div class=\"elementor-widget-wrap elementor-element-populated\">\n\t\t\t\t\t\t<div class=\"elementor-element elementor-element-6881cda elementor-widget elementor-widget-spacer\" data-id=\"6881cda\" data-element_type=\"widget\" data-widget_type=\"spacer.default\">\n\t\t\t\t<div class=\"elementor-widget-container\">\n\t\t\t\t\t\t\t<div class=\"elementor-spacer\">\n\t\t\t<div class=\"elementor-spacer-inner\"><\/div>\n\t\t<\/div>\n\t\t\t\t\t\t<\/div>\n\t\t\t\t<\/div>\n\t\t\t\t\t<\/div>\n\t\t<\/div>\n\t\t\t\t\t<\/div>\n\t\t<\/section>\n\t\t\t\t<\/div>\n\t\t","protected":false},"excerpt":{"rendered":"<p>Las ultimas noticias sobre la fomentaci\u00f3n del turismo Noticias &#8211; Turismo Esmeraldas tierra de paz, una expresi\u00f3n de rechazo a la violencia propuesta por la Prefectura En la Prefectura de Esmeraldas trabajamos para promover el turismo comunitario mediante el proyecto Marketing Territorial Prefectura de Esmeraldas impulsa el marketing territorial en la provincia Apoyamos a los [&hellip;]<\/p>\n","protected":false},"author":2,"featured_media":0,"parent":0,"menu_order":0,"comment_status":"closed","ping_status":"closed","template":"","meta":{"footnotes":""},"class_list":["post-17231","page","type-page","status-publish","hentry"],"yoast_head":"<!-- This site is optimized with the Yoast SEO plugin v25.7 - https:\/\/yoast.com\/wordpress\/plugins\/seo\/ -->\n<title>Turismo en Esmeraldas - Gobierno Aut\u00f3nomo Descentralizado de la Provincia de Esmeraldas<\/title>\n<meta name=\"robots\" content=\"index, follow, max-snippet:-1, max-image-preview:large, max-video-preview:-1\" \/>\n<link rel=\"canonical\" href=\"https:\/\/prefecturadeesmeraldas.gob.ec\/index.php\/turismo-en-esmeraldas\/\" \/>\n<meta property=\"og:locale\" content=\"es_ES\" \/>\n<meta property=\"og:type\" content=\"article\" \/>\n<meta property=\"og:title\" content=\"Turismo en Esmeraldas - Gobierno Aut\u00f3nomo Descentralizado de la Provincia de Esmeraldas\" \/>\n<meta property=\"og:description\" content=\"Las ultimas noticias sobre la fomentaci\u00f3n del turismo Noticias &#8211; Turismo Esmeraldas tierra de paz, una expresi\u00f3n de rechazo a la violencia propuesta por la Prefectura En la Prefectura de Esmeraldas trabajamos para promover el turismo comunitario mediante el proyecto Marketing Territorial Prefectura de Esmeraldas impulsa el marketing territorial en la provincia Apoyamos a los [&hellip;]\" \/>\n<meta property=\"og:url\" content=\"https:\/\/prefecturadeesmeraldas.gob.ec\/index.php\/turismo-en-esmeraldas\/\" \/>\n<meta property=\"og:site_name\" content=\"Gobierno Aut\u00f3nomo Descentralizado de la Provincia de Esmeraldas\" \/>\n<meta property=\"article:publisher\" content=\"https:\/\/www.facebook.com\/PrefecturaEsmeraldas\/\" \/>\n<meta property=\"article:modified_time\" content=\"2022-09-05T04:40:31+00:00\" \/>\n<meta property=\"og:image\" content=\"https:\/\/prefecturadeesmeraldas.gob.ec\/wp-content\/uploads\/2022\/06\/Imagen8-2-705x620-840x620.jpg\" \/>\n<meta name=\"twitter:card\" content=\"summary_large_image\" \/>\n<meta name=\"twitter:label1\" content=\"Tiempo de lectura\" \/>\n\t<meta name=\"twitter:data1\" content=\"2 minutos\" \/>\n<script type=\"application\/ld+json\" class=\"yoast-schema-graph\">{\"@context\":\"https:\/\/schema.org\",\"@graph\":[{\"@type\":\"WebPage\",\"@id\":\"https:\/\/prefecturadeesmeraldas.gob.ec\/index.php\/turismo-en-esmeraldas\/\",\"url\":\"https:\/\/prefecturadeesmeraldas.gob.ec\/index.php\/turismo-en-esmeraldas\/\",\"name\":\"Turismo en Esmeraldas - Gobierno Aut\u00f3nomo Descentralizado de la Provincia de Esmeraldas\",\"isPartOf\":{\"@id\":\"https:\/\/prefecturadeesmeraldas.gob.ec\/#website\"},\"primaryImageOfPage\":{\"@id\":\"https:\/\/prefecturadeesmeraldas.gob.ec\/index.php\/turismo-en-esmeraldas\/#primaryimage\"},\"image\":{\"@id\":\"https:\/\/prefecturadeesmeraldas.gob.ec\/index.php\/turismo-en-esmeraldas\/#primaryimage\"},\"thumbnailUrl\":\"https:\/\/prefecturadeesmeraldas.gob.ec\/wp-content\/uploads\/2022\/06\/Imagen8-2-705x620-840x620.jpg\",\"datePublished\":\"2019-11-04T19:12:22+00:00\",\"dateModified\":\"2022-09-05T04:40:31+00:00\",\"breadcrumb\":{\"@id\":\"https:\/\/prefecturadeesmeraldas.gob.ec\/index.php\/turismo-en-esmeraldas\/#breadcrumb\"},\"inLanguage\":\"es\",\"potentialAction\":[{\"@type\":\"ReadAction\",\"target\":[\"https:\/\/prefecturadeesmeraldas.gob.ec\/index.php\/turismo-en-esmeraldas\/\"]}]},{\"@type\":\"ImageObject\",\"inLanguage\":\"es\",\"@id\":\"https:\/\/prefecturadeesmeraldas.gob.ec\/index.php\/turismo-en-esmeraldas\/#primaryimage\",\"url\":\"https:\/\/prefecturadeesmeraldas.gob.ec\/wp-content\/uploads\/2022\/06\/Imagen8-2.jpg\",\"contentUrl\":\"https:\/\/prefecturadeesmeraldas.gob.ec\/wp-content\/uploads\/2022\/06\/Imagen8-2.jpg\",\"width\":705,\"height\":705},{\"@type\":\"BreadcrumbList\",\"@id\":\"https:\/\/prefecturadeesmeraldas.gob.ec\/index.php\/turismo-en-esmeraldas\/#breadcrumb\",\"itemListElement\":[{\"@type\":\"ListItem\",\"position\":1,\"name\":\"Home\",\"item\":\"https:\/\/prefecturadeesmeraldas.gob.ec\/\"},{\"@type\":\"ListItem\",\"position\":2,\"name\":\"Turismo en Esmeraldas\"}]},{\"@type\":\"WebSite\",\"@id\":\"https:\/\/prefecturadeesmeraldas.gob.ec\/#website\",\"url\":\"https:\/\/prefecturadeesmeraldas.gob.ec\/\",\"name\":\"Gobierno Aut\u00f3nomo Descentralizado de la Provincia de Esmeraldas\",\"description\":\"Gobierno Aut\u00f3nomo Descentralizado de la Provincia de Esmeraldas\",\"publisher\":{\"@id\":\"https:\/\/prefecturadeesmeraldas.gob.ec\/#organization\"},\"potentialAction\":[{\"@type\":\"SearchAction\",\"target\":{\"@type\":\"EntryPoint\",\"urlTemplate\":\"https:\/\/prefecturadeesmeraldas.gob.ec\/?s={search_term_string}\"},\"query-input\":{\"@type\":\"PropertyValueSpecification\",\"valueRequired\":true,\"valueName\":\"search_term_string\"}}],\"inLanguage\":\"es\"},{\"@type\":\"Organization\",\"@id\":\"https:\/\/prefecturadeesmeraldas.gob.ec\/#organization\",\"name\":\"Gobierno Aut\u00f3nomo Descentralizado de la Provincia de Esmeraldas\",\"url\":\"https:\/\/prefecturadeesmeraldas.gob.ec\/\",\"logo\":{\"@type\":\"ImageObject\",\"inLanguage\":\"es\",\"@id\":\"https:\/\/prefecturadeesmeraldas.gob.ec\/#\/schema\/logo\/image\/\",\"url\":\"https:\/\/prefecturadeesmeraldas.gob.ec\/wp-content\/uploads\/2019\/06\/logo.png\",\"contentUrl\":\"https:\/\/prefecturadeesmeraldas.gob.ec\/wp-content\/uploads\/2019\/06\/logo.png\",\"width\":859,\"height\":448,\"caption\":\"Gobierno Aut\u00f3nomo Descentralizado de la Provincia de Esmeraldas\"},\"image\":{\"@id\":\"https:\/\/prefecturadeesmeraldas.gob.ec\/#\/schema\/logo\/image\/\"},\"sameAs\":[\"https:\/\/www.facebook.com\/PrefecturaEsmeraldas\/\"]}]}<\/script>\n<!-- \/ Yoast SEO plugin. -->","yoast_head_json":{"title":"Turismo en Esmeraldas - Gobierno Aut\u00f3nomo Descentralizado de la Provincia de Esmeraldas","robots":{"index":"index","follow":"follow","max-snippet":"max-snippet:-1","max-image-preview":"max-image-preview:large","max-video-preview":"max-video-preview:-1"},"canonical":"https:\/\/prefecturadeesmeraldas.gob.ec\/index.php\/turismo-en-esmeraldas\/","og_locale":"es_ES","og_type":"article","og_title":"Turismo en Esmeraldas - Gobierno Aut\u00f3nomo Descentralizado de la Provincia de Esmeraldas","og_description":"Las ultimas noticias sobre la fomentaci\u00f3n del turismo Noticias &#8211; Turismo Esmeraldas tierra de paz, una expresi\u00f3n de rechazo a la violencia propuesta por la Prefectura En la Prefectura de Esmeraldas trabajamos para promover el turismo comunitario mediante el proyecto Marketing Territorial Prefectura de Esmeraldas impulsa el marketing territorial en la provincia Apoyamos a los [&hellip;]","og_url":"https:\/\/prefecturadeesmeraldas.gob.ec\/index.php\/turismo-en-esmeraldas\/","og_site_name":"Gobierno Aut\u00f3nomo Descentralizado de la Provincia de Esmeraldas","article_publisher":"https:\/\/www.facebook.com\/PrefecturaEsmeraldas\/","article_modified_time":"2022-09-05T04:40:31+00:00","og_image":[{"url":"https:\/\/prefecturadeesmeraldas.gob.ec\/wp-content\/uploads\/2022\/06\/Imagen8-2-705x620-840x620.jpg","type":"","width":"","height":""}],"twitter_card":"summary_large_image","twitter_misc":{"Tiempo de lectura":"2 minutos"},"schema":{"@context":"https:\/\/schema.org","@graph":[{"@type":"WebPage","@id":"https:\/\/prefecturadeesmeraldas.gob.ec\/index.php\/turismo-en-esmeraldas\/","url":"https:\/\/prefecturadeesmeraldas.gob.ec\/index.php\/turismo-en-esmeraldas\/","name":"Turismo en Esmeraldas - Gobierno Aut\u00f3nomo Descentralizado de la Provincia de Esmeraldas","isPartOf":{"@id":"https:\/\/prefecturadeesmeraldas.gob.ec\/#website"},"primaryImageOfPage":{"@id":"https:\/\/prefecturadeesmeraldas.gob.ec\/index.php\/turismo-en-esmeraldas\/#primaryimage"},"image":{"@id":"https:\/\/prefecturadeesmeraldas.gob.ec\/index.php\/turismo-en-esmeraldas\/#primaryimage"},"thumbnailUrl":"https:\/\/prefecturadeesmeraldas.gob.ec\/wp-content\/uploads\/2022\/06\/Imagen8-2-705x620-840x620.jpg","datePublished":"2019-11-04T19:12:22+00:00","dateModified":"2022-09-05T04:40:31+00:00","breadcrumb":{"@id":"https:\/\/prefecturadeesmeraldas.gob.ec\/index.php\/turismo-en-esmeraldas\/#breadcrumb"},"inLanguage":"es","potentialAction":[{"@type":"ReadAction","target":["https:\/\/prefecturadeesmeraldas.gob.ec\/index.php\/turismo-en-esmeraldas\/"]}]},{"@type":"ImageObject","inLanguage":"es","@id":"https:\/\/prefecturadeesmeraldas.gob.ec\/index.php\/turismo-en-esmeraldas\/#primaryimage","url":"https:\/\/prefecturadeesmeraldas.gob.ec\/wp-content\/uploads\/2022\/06\/Imagen8-2.jpg","contentUrl":"https:\/\/prefecturadeesmeraldas.gob.ec\/wp-content\/uploads\/2022\/06\/Imagen8-2.jpg","width":705,"height":705},{"@type":"BreadcrumbList","@id":"https:\/\/prefecturadeesmeraldas.gob.ec\/index.php\/turismo-en-esmeraldas\/#breadcrumb","itemListElement":[{"@type":"ListItem","position":1,"name":"Home","item":"https:\/\/prefecturadeesmeraldas.gob.ec\/"},{"@type":"ListItem","position":2,"name":"Turismo en Esmeraldas"}]},{"@type":"WebSite","@id":"https:\/\/prefecturadeesmeraldas.gob.ec\/#website","url":"https:\/\/prefecturadeesmeraldas.gob.ec\/","name":"Gobierno Aut\u00f3nomo Descentralizado de la Provincia de Esmeraldas","description":"Gobierno Aut\u00f3nomo Descentralizado de la Provincia de Esmeraldas","publisher":{"@id":"https:\/\/prefecturadeesmeraldas.gob.ec\/#organization"},"potentialAction":[{"@type":"SearchAction","target":{"@type":"EntryPoint","urlTemplate":"https:\/\/prefecturadeesmeraldas.gob.ec\/?s={search_term_string}"},"query-input":{"@type":"PropertyValueSpecification","valueRequired":true,"valueName":"search_term_string"}}],"inLanguage":"es"},{"@type":"Organization","@id":"https:\/\/prefecturadeesmeraldas.gob.ec\/#organization","name":"Gobierno Aut\u00f3nomo Descentralizado de la Provincia de Esmeraldas","url":"https:\/\/prefecturadeesmeraldas.gob.ec\/","logo":{"@type":"ImageObject","inLanguage":"es","@id":"https:\/\/prefecturadeesmeraldas.gob.ec\/#\/schema\/logo\/image\/","url":"https:\/\/prefecturadeesmeraldas.gob.ec\/wp-content\/uploads\/2019\/06\/logo.png","contentUrl":"https:\/\/prefecturadeesmeraldas.gob.ec\/wp-content\/uploads\/2019\/06\/logo.png","width":859,"height":448,"caption":"Gobierno Aut\u00f3nomo Descentralizado de la Provincia de Esmeraldas"},"image":{"@id":"https:\/\/prefecturadeesmeraldas.gob.ec\/#\/schema\/logo\/image\/"},"sameAs":["https:\/\/www.facebook.com\/PrefecturaEsmeraldas\/"]}]}},"_links":{"self":[{"href":"https:\/\/prefecturadeesmeraldas.gob.ec\/index.php\/wp-json\/wp\/v2\/pages\/17231","targetHints":{"allow":["GET"]}}],"collection":[{"href":"https:\/\/prefecturadeesmeraldas.gob.ec\/index.php\/wp-json\/wp\/v2\/pages"}],"about":[{"href":"https:\/\/prefecturadeesmeraldas.gob.ec\/index.php\/wp-json\/wp\/v2\/types\/page"}],"author":[{"embeddable":true,"href":"https:\/\/prefecturadeesmeraldas.gob.ec\/index.php\/wp-json\/wp\/v2\/users\/2"}],"replies":[{"embeddable":true,"href":"https:\/\/prefecturadeesmeraldas.gob.ec\/index.php\/wp-json\/wp\/v2\/comments?post=17231"}],"version-history":[{"count":0,"href":"https:\/\/prefecturadeesmeraldas.gob.ec\/index.php\/wp-json\/wp\/v2\/pages\/17231\/revisions"}],"wp:attachment":[{"href":"https:\/\/prefecturadeesmeraldas.gob.ec\/index.php\/wp-json\/wp\/v2\/media?parent=17231"}],"curies":[{"name":"wp","href":"https:\/\/api.w.org\/{rel}","templated":true}]}}