{"id":15674,"date":"2022-04-12T10:16:21","date_gmt":"2022-04-12T15:16:21","guid":{"rendered":"https:\/\/prefecturadeesmeraldas.gob.ec\/?page_id=15674"},"modified":"2022-04-12T10:33:36","modified_gmt":"2022-04-12T15:33:36","slug":"certificado-de-presentacion-de-informe-anual-cumplimiento-art-12-de-la-lotaip-ano-2021-ecodep","status":"publish","type":"page","link":"https:\/\/prefecturadeesmeraldas.gob.ec\/index.php\/certificado-de-presentacion-de-informe-anual-cumplimiento-art-12-de-la-lotaip-ano-2021-ecodep\/","title":{"rendered":"CERTIFICADO DE PRESENTACI\u00d3N DE INFORME ANUAL CUMPLIMIENTO ART. 12 DE LA LOTAIP A\u00d1O 2021 &#8211; ECODEP"},"content":{"rendered":"\t\t<div data-elementor-type=\"wp-post\" data-elementor-id=\"15674\" class=\"elementor elementor-15674\">\n\t\t\t\t\t\t<section class=\"elementor-section elementor-top-section elementor-element elementor-element-4c0863e elementor-section-boxed elementor-section-height-default elementor-section-height-default\" data-id=\"4c0863e\" data-element_type=\"section\">\n\t\t\t\t\t\t<div class=\"elementor-container elementor-column-gap-default\">\n\t\t\t\t\t<div class=\"elementor-column elementor-col-100 elementor-top-column elementor-element elementor-element-e50ef43\" data-id=\"e50ef43\" data-element_type=\"column\">\n\t\t\t<div class=\"elementor-widget-wrap elementor-element-populated\">\n\t\t\t\t\t\t<div class=\"elementor-element elementor-element-26711f1 elementor-widget elementor-widget-image\" data-id=\"26711f1\" data-element_type=\"widget\" data-widget_type=\"image.default\">\n\t\t\t\t<div class=\"elementor-widget-container\">\n\t\t\t\t\t\t\t\t\t\t\t\t\t\t\t\t<a href=\"https:\/\/prefecturadeesmeraldas.gob.ec\/wp-content\/uploads\/2022\/04\/certificado-7-1-1-3.pdf\">\n\t\t\t\t\t\t\t<img fetchpriority=\"high\" decoding=\"async\" width=\"620\" height=\"654\" src=\"https:\/\/prefecturadeesmeraldas.gob.ec\/wp-content\/uploads\/2022\/04\/ECODEP-CERTIFICADO.png\" class=\"attachment-large size-large wp-image-15676\" alt=\"\" srcset=\"https:\/\/prefecturadeesmeraldas.gob.ec\/wp-content\/uploads\/2022\/04\/ECODEP-CERTIFICADO.png 620w, https:\/\/prefecturadeesmeraldas.gob.ec\/wp-content\/uploads\/2022\/04\/ECODEP-CERTIFICADO-284x300.png 284w\" sizes=\"(max-width: 620px) 100vw, 620px\" \/>\t\t\t\t\t\t\t\t<\/a>\n\t\t\t\t\t\t\t\t\t\t\t\t\t\t\t<\/div>\n\t\t\t\t<\/div>\n\t\t\t\t\t<\/div>\n\t\t<\/div>\n\t\t\t\t\t<\/div>\n\t\t<\/section>\n\t\t\t\t<section class=\"elementor-section elementor-top-section elementor-element elementor-element-7ec1db3 elementor-section-boxed elementor-section-height-default elementor-section-height-default\" data-id=\"7ec1db3\" data-element_type=\"section\">\n\t\t\t\t\t\t<div class=\"elementor-container elementor-column-gap-default\">\n\t\t\t\t\t<div class=\"elementor-column elementor-col-100 elementor-top-column elementor-element elementor-element-7f70faf\" data-id=\"7f70faf\" data-element_type=\"column\">\n\t\t\t<div class=\"elementor-widget-wrap elementor-element-populated\">\n\t\t\t\t\t\t<div class=\"elementor-element elementor-element-34df8c6 elementor-button-success elementor-align-center elementor-widget elementor-widget-button\" data-id=\"34df8c6\" data-element_type=\"widget\" data-widget_type=\"button.default\">\n\t\t\t\t<div class=\"elementor-widget-container\">\n\t\t\t\t\t\t\t\t\t<div class=\"elementor-button-wrapper\">\n\t\t\t\t\t<a class=\"elementor-button elementor-button-link elementor-size-sm\" href=\"https:\/\/prefecturadeesmeraldas.gob.ec\/wp-content\/uploads\/2022\/04\/certificado-7-1-1-3.pdf\" target=\"_blank\">\n\t\t\t\t\t\t<span class=\"elementor-button-content-wrapper\">\n\t\t\t\t\t\t\t\t\t<span class=\"elementor-button-text\">Haz clic aqu\u00ed - PDF<\/span>\n\t\t\t\t\t<\/span>\n\t\t\t\t\t<\/a>\n\t\t\t\t<\/div>\n\t\t\t\t\t\t\t\t<\/div>\n\t\t\t\t<\/div>\n\t\t\t\t\t<\/div>\n\t\t<\/div>\n\t\t\t\t\t<\/div>\n\t\t<\/section>\n\t\t\t\t<\/div>\n\t\t","protected":false},"excerpt":{"rendered":"<p>Haz clic aqu\u00ed &#8211; PDF<\/p>\n","protected":false},"author":2,"featured_media":0,"parent":0,"menu_order":0,"comment_status":"closed","ping_status":"closed","template":"","meta":{"footnotes":""},"class_list":["post-15674","page","type-page","status-publish","hentry"],"yoast_head":"<!-- This site is optimized with the Yoast SEO plugin v25.7 - https:\/\/yoast.com\/wordpress\/plugins\/seo\/ -->\n<title>CERTIFICADO DE PRESENTACI\u00d3N DE INFORME ANUAL CUMPLIMIENTO ART. 12 DE LA LOTAIP A\u00d1O 2021 - ECODEP - Gobierno Aut\u00f3nomo Descentralizado de la Provincia de Esmeraldas<\/title>\n<meta name=\"robots\" content=\"index, follow, max-snippet:-1, max-image-preview:large, max-video-preview:-1\" \/>\n<link rel=\"canonical\" href=\"https:\/\/prefecturadeesmeraldas.gob.ec\/index.php\/certificado-de-presentacion-de-informe-anual-cumplimiento-art-12-de-la-lotaip-ano-2021-ecodep\/\" \/>\n<meta property=\"og:locale\" content=\"es_ES\" \/>\n<meta property=\"og:type\" content=\"article\" \/>\n<meta property=\"og:title\" content=\"CERTIFICADO DE PRESENTACI\u00d3N DE INFORME ANUAL CUMPLIMIENTO ART. 12 DE LA LOTAIP A\u00d1O 2021 - ECODEP - Gobierno Aut\u00f3nomo Descentralizado de la Provincia de Esmeraldas\" \/>\n<meta property=\"og:description\" content=\"Haz clic aqu\u00ed &#8211; PDF\" \/>\n<meta property=\"og:url\" content=\"https:\/\/prefecturadeesmeraldas.gob.ec\/index.php\/certificado-de-presentacion-de-informe-anual-cumplimiento-art-12-de-la-lotaip-ano-2021-ecodep\/\" \/>\n<meta property=\"og:site_name\" content=\"Gobierno Aut\u00f3nomo Descentralizado de la Provincia de Esmeraldas\" \/>\n<meta property=\"article:publisher\" content=\"https:\/\/www.facebook.com\/PrefecturaEsmeraldas\/\" \/>\n<meta property=\"article:modified_time\" content=\"2022-04-12T15:33:36+00:00\" \/>\n<meta property=\"og:image\" content=\"https:\/\/prefecturadeesmeraldas.gob.ec\/wp-content\/uploads\/2022\/04\/ECODEP-CERTIFICADO.png\" \/>\n<meta name=\"twitter:card\" content=\"summary_large_image\" \/>\n<script type=\"application\/ld+json\" class=\"yoast-schema-graph\">{\"@context\":\"https:\/\/schema.org\",\"@graph\":[{\"@type\":\"WebPage\",\"@id\":\"https:\/\/prefecturadeesmeraldas.gob.ec\/index.php\/certificado-de-presentacion-de-informe-anual-cumplimiento-art-12-de-la-lotaip-ano-2021-ecodep\/\",\"url\":\"https:\/\/prefecturadeesmeraldas.gob.ec\/index.php\/certificado-de-presentacion-de-informe-anual-cumplimiento-art-12-de-la-lotaip-ano-2021-ecodep\/\",\"name\":\"CERTIFICADO DE PRESENTACI\u00d3N DE INFORME ANUAL CUMPLIMIENTO ART. 12 DE LA LOTAIP A\u00d1O 2021 - ECODEP - Gobierno Aut\u00f3nomo Descentralizado de la Provincia de Esmeraldas\",\"isPartOf\":{\"@id\":\"https:\/\/prefecturadeesmeraldas.gob.ec\/#website\"},\"primaryImageOfPage\":{\"@id\":\"https:\/\/prefecturadeesmeraldas.gob.ec\/index.php\/certificado-de-presentacion-de-informe-anual-cumplimiento-art-12-de-la-lotaip-ano-2021-ecodep\/#primaryimage\"},\"image\":{\"@id\":\"https:\/\/prefecturadeesmeraldas.gob.ec\/index.php\/certificado-de-presentacion-de-informe-anual-cumplimiento-art-12-de-la-lotaip-ano-2021-ecodep\/#primaryimage\"},\"thumbnailUrl\":\"https:\/\/prefecturadeesmeraldas.gob.ec\/wp-content\/uploads\/2022\/04\/ECODEP-CERTIFICADO.png\",\"datePublished\":\"2022-04-12T15:16:21+00:00\",\"dateModified\":\"2022-04-12T15:33:36+00:00\",\"breadcrumb\":{\"@id\":\"https:\/\/prefecturadeesmeraldas.gob.ec\/index.php\/certificado-de-presentacion-de-informe-anual-cumplimiento-art-12-de-la-lotaip-ano-2021-ecodep\/#breadcrumb\"},\"inLanguage\":\"es\",\"potentialAction\":[{\"@type\":\"ReadAction\",\"target\":[\"https:\/\/prefecturadeesmeraldas.gob.ec\/index.php\/certificado-de-presentacion-de-informe-anual-cumplimiento-art-12-de-la-lotaip-ano-2021-ecodep\/\"]}]},{\"@type\":\"ImageObject\",\"inLanguage\":\"es\",\"@id\":\"https:\/\/prefecturadeesmeraldas.gob.ec\/index.php\/certificado-de-presentacion-de-informe-anual-cumplimiento-art-12-de-la-lotaip-ano-2021-ecodep\/#primaryimage\",\"url\":\"https:\/\/prefecturadeesmeraldas.gob.ec\/wp-content\/uploads\/2022\/04\/ECODEP-CERTIFICADO.png\",\"contentUrl\":\"https:\/\/prefecturadeesmeraldas.gob.ec\/wp-content\/uploads\/2022\/04\/ECODEP-CERTIFICADO.png\",\"width\":620,\"height\":654},{\"@type\":\"BreadcrumbList\",\"@id\":\"https:\/\/prefecturadeesmeraldas.gob.ec\/index.php\/certificado-de-presentacion-de-informe-anual-cumplimiento-art-12-de-la-lotaip-ano-2021-ecodep\/#breadcrumb\",\"itemListElement\":[{\"@type\":\"ListItem\",\"position\":1,\"name\":\"Home\",\"item\":\"https:\/\/prefecturadeesmeraldas.gob.ec\/\"},{\"@type\":\"ListItem\",\"position\":2,\"name\":\"CERTIFICADO DE PRESENTACI\u00d3N DE INFORME ANUAL CUMPLIMIENTO ART. 12 DE LA LOTAIP A\u00d1O 2021 &#8211; ECODEP\"}]},{\"@type\":\"WebSite\",\"@id\":\"https:\/\/prefecturadeesmeraldas.gob.ec\/#website\",\"url\":\"https:\/\/prefecturadeesmeraldas.gob.ec\/\",\"name\":\"Gobierno Aut\u00f3nomo Descentralizado de la Provincia de Esmeraldas\",\"description\":\"Gobierno Aut\u00f3nomo Descentralizado de la Provincia de Esmeraldas\",\"publisher\":{\"@id\":\"https:\/\/prefecturadeesmeraldas.gob.ec\/#organization\"},\"potentialAction\":[{\"@type\":\"SearchAction\",\"target\":{\"@type\":\"EntryPoint\",\"urlTemplate\":\"https:\/\/prefecturadeesmeraldas.gob.ec\/?s={search_term_string}\"},\"query-input\":{\"@type\":\"PropertyValueSpecification\",\"valueRequired\":true,\"valueName\":\"search_term_string\"}}],\"inLanguage\":\"es\"},{\"@type\":\"Organization\",\"@id\":\"https:\/\/prefecturadeesmeraldas.gob.ec\/#organization\",\"name\":\"Gobierno Aut\u00f3nomo Descentralizado de la Provincia de Esmeraldas\",\"url\":\"https:\/\/prefecturadeesmeraldas.gob.ec\/\",\"logo\":{\"@type\":\"ImageObject\",\"inLanguage\":\"es\",\"@id\":\"https:\/\/prefecturadeesmeraldas.gob.ec\/#\/schema\/logo\/image\/\",\"url\":\"https:\/\/prefecturadeesmeraldas.gob.ec\/wp-content\/uploads\/2019\/06\/logo.png\",\"contentUrl\":\"https:\/\/prefecturadeesmeraldas.gob.ec\/wp-content\/uploads\/2019\/06\/logo.png\",\"width\":859,\"height\":448,\"caption\":\"Gobierno Aut\u00f3nomo Descentralizado de la Provincia de Esmeraldas\"},\"image\":{\"@id\":\"https:\/\/prefecturadeesmeraldas.gob.ec\/#\/schema\/logo\/image\/\"},\"sameAs\":[\"https:\/\/www.facebook.com\/PrefecturaEsmeraldas\/\"]}]}<\/script>\n<!-- \/ Yoast SEO plugin. -->","yoast_head_json":{"title":"CERTIFICADO DE PRESENTACI\u00d3N DE INFORME ANUAL CUMPLIMIENTO ART. 12 DE LA LOTAIP A\u00d1O 2021 - ECODEP - Gobierno Aut\u00f3nomo Descentralizado de la Provincia de Esmeraldas","robots":{"index":"index","follow":"follow","max-snippet":"max-snippet:-1","max-image-preview":"max-image-preview:large","max-video-preview":"max-video-preview:-1"},"canonical":"https:\/\/prefecturadeesmeraldas.gob.ec\/index.php\/certificado-de-presentacion-de-informe-anual-cumplimiento-art-12-de-la-lotaip-ano-2021-ecodep\/","og_locale":"es_ES","og_type":"article","og_title":"CERTIFICADO DE PRESENTACI\u00d3N DE INFORME ANUAL CUMPLIMIENTO ART. 12 DE LA LOTAIP A\u00d1O 2021 - ECODEP - Gobierno Aut\u00f3nomo Descentralizado de la Provincia de Esmeraldas","og_description":"Haz clic aqu\u00ed &#8211; PDF","og_url":"https:\/\/prefecturadeesmeraldas.gob.ec\/index.php\/certificado-de-presentacion-de-informe-anual-cumplimiento-art-12-de-la-lotaip-ano-2021-ecodep\/","og_site_name":"Gobierno Aut\u00f3nomo Descentralizado de la Provincia de Esmeraldas","article_publisher":"https:\/\/www.facebook.com\/PrefecturaEsmeraldas\/","article_modified_time":"2022-04-12T15:33:36+00:00","og_image":[{"url":"https:\/\/prefecturadeesmeraldas.gob.ec\/wp-content\/uploads\/2022\/04\/ECODEP-CERTIFICADO.png","type":"","width":"","height":""}],"twitter_card":"summary_large_image","schema":{"@context":"https:\/\/schema.org","@graph":[{"@type":"WebPage","@id":"https:\/\/prefecturadeesmeraldas.gob.ec\/index.php\/certificado-de-presentacion-de-informe-anual-cumplimiento-art-12-de-la-lotaip-ano-2021-ecodep\/","url":"https:\/\/prefecturadeesmeraldas.gob.ec\/index.php\/certificado-de-presentacion-de-informe-anual-cumplimiento-art-12-de-la-lotaip-ano-2021-ecodep\/","name":"CERTIFICADO DE PRESENTACI\u00d3N DE INFORME ANUAL CUMPLIMIENTO ART. 12 DE LA LOTAIP A\u00d1O 2021 - ECODEP - Gobierno Aut\u00f3nomo Descentralizado de la Provincia de Esmeraldas","isPartOf":{"@id":"https:\/\/prefecturadeesmeraldas.gob.ec\/#website"},"primaryImageOfPage":{"@id":"https:\/\/prefecturadeesmeraldas.gob.ec\/index.php\/certificado-de-presentacion-de-informe-anual-cumplimiento-art-12-de-la-lotaip-ano-2021-ecodep\/#primaryimage"},"image":{"@id":"https:\/\/prefecturadeesmeraldas.gob.ec\/index.php\/certificado-de-presentacion-de-informe-anual-cumplimiento-art-12-de-la-lotaip-ano-2021-ecodep\/#primaryimage"},"thumbnailUrl":"https:\/\/prefecturadeesmeraldas.gob.ec\/wp-content\/uploads\/2022\/04\/ECODEP-CERTIFICADO.png","datePublished":"2022-04-12T15:16:21+00:00","dateModified":"2022-04-12T15:33:36+00:00","breadcrumb":{"@id":"https:\/\/prefecturadeesmeraldas.gob.ec\/index.php\/certificado-de-presentacion-de-informe-anual-cumplimiento-art-12-de-la-lotaip-ano-2021-ecodep\/#breadcrumb"},"inLanguage":"es","potentialAction":[{"@type":"ReadAction","target":["https:\/\/prefecturadeesmeraldas.gob.ec\/index.php\/certificado-de-presentacion-de-informe-anual-cumplimiento-art-12-de-la-lotaip-ano-2021-ecodep\/"]}]},{"@type":"ImageObject","inLanguage":"es","@id":"https:\/\/prefecturadeesmeraldas.gob.ec\/index.php\/certificado-de-presentacion-de-informe-anual-cumplimiento-art-12-de-la-lotaip-ano-2021-ecodep\/#primaryimage","url":"https:\/\/prefecturadeesmeraldas.gob.ec\/wp-content\/uploads\/2022\/04\/ECODEP-CERTIFICADO.png","contentUrl":"https:\/\/prefecturadeesmeraldas.gob.ec\/wp-content\/uploads\/2022\/04\/ECODEP-CERTIFICADO.png","width":620,"height":654},{"@type":"BreadcrumbList","@id":"https:\/\/prefecturadeesmeraldas.gob.ec\/index.php\/certificado-de-presentacion-de-informe-anual-cumplimiento-art-12-de-la-lotaip-ano-2021-ecodep\/#breadcrumb","itemListElement":[{"@type":"ListItem","position":1,"name":"Home","item":"https:\/\/prefecturadeesmeraldas.gob.ec\/"},{"@type":"ListItem","position":2,"name":"CERTIFICADO DE PRESENTACI\u00d3N DE INFORME ANUAL CUMPLIMIENTO ART. 12 DE LA LOTAIP A\u00d1O 2021 &#8211; ECODEP"}]},{"@type":"WebSite","@id":"https:\/\/prefecturadeesmeraldas.gob.ec\/#website","url":"https:\/\/prefecturadeesmeraldas.gob.ec\/","name":"Gobierno Aut\u00f3nomo Descentralizado de la Provincia de Esmeraldas","description":"Gobierno Aut\u00f3nomo Descentralizado de la Provincia de Esmeraldas","publisher":{"@id":"https:\/\/prefecturadeesmeraldas.gob.ec\/#organization"},"potentialAction":[{"@type":"SearchAction","target":{"@type":"EntryPoint","urlTemplate":"https:\/\/prefecturadeesmeraldas.gob.ec\/?s={search_term_string}"},"query-input":{"@type":"PropertyValueSpecification","valueRequired":true,"valueName":"search_term_string"}}],"inLanguage":"es"},{"@type":"Organization","@id":"https:\/\/prefecturadeesmeraldas.gob.ec\/#organization","name":"Gobierno Aut\u00f3nomo Descentralizado de la Provincia de Esmeraldas","url":"https:\/\/prefecturadeesmeraldas.gob.ec\/","logo":{"@type":"ImageObject","inLanguage":"es","@id":"https:\/\/prefecturadeesmeraldas.gob.ec\/#\/schema\/logo\/image\/","url":"https:\/\/prefecturadeesmeraldas.gob.ec\/wp-content\/uploads\/2019\/06\/logo.png","contentUrl":"https:\/\/prefecturadeesmeraldas.gob.ec\/wp-content\/uploads\/2019\/06\/logo.png","width":859,"height":448,"caption":"Gobierno Aut\u00f3nomo Descentralizado de la Provincia de Esmeraldas"},"image":{"@id":"https:\/\/prefecturadeesmeraldas.gob.ec\/#\/schema\/logo\/image\/"},"sameAs":["https:\/\/www.facebook.com\/PrefecturaEsmeraldas\/"]}]}},"_links":{"self":[{"href":"https:\/\/prefecturadeesmeraldas.gob.ec\/index.php\/wp-json\/wp\/v2\/pages\/15674","targetHints":{"allow":["GET"]}}],"collection":[{"href":"https:\/\/prefecturadeesmeraldas.gob.ec\/index.php\/wp-json\/wp\/v2\/pages"}],"about":[{"href":"https:\/\/prefecturadeesmeraldas.gob.ec\/index.php\/wp-json\/wp\/v2\/types\/page"}],"author":[{"embeddable":true,"href":"https:\/\/prefecturadeesmeraldas.gob.ec\/index.php\/wp-json\/wp\/v2\/users\/2"}],"replies":[{"embeddable":true,"href":"https:\/\/prefecturadeesmeraldas.gob.ec\/index.php\/wp-json\/wp\/v2\/comments?post=15674"}],"version-history":[{"count":0,"href":"https:\/\/prefecturadeesmeraldas.gob.ec\/index.php\/wp-json\/wp\/v2\/pages\/15674\/revisions"}],"wp:attachment":[{"href":"https:\/\/prefecturadeesmeraldas.gob.ec\/index.php\/wp-json\/wp\/v2\/media?parent=15674"}],"curies":[{"name":"wp","href":"https:\/\/api.w.org\/{rel}","templated":true}]}}